{"id":9922,"date":"2024-11-27T09:16:30","date_gmt":"2024-11-27T09:16:30","guid":{"rendered":"https:\/\/www.liurparfum.com\/?post_type=product&#038;p=9922"},"modified":"2026-03-03T17:18:11","modified_gmt":"2026-03-03T17:18:11","slug":"season-best-sellers-5-x-2ml-discovery-set","status":"publish","type":"product","link":"https:\/\/www.liurparfum.com\/lt\/shop\/season-best-sellers-5-x-2ml-discovery-set\/","title":{"rendered":"Sezono PERKAMIAUSI, 6 x 2ml Atradim\u0173 Rinkinys"},"content":{"rendered":"<div data-elementor-type=\"wp-post\" data-elementor-id=\"9922\" class=\"elementor elementor-9922\" data-elementor-settings=\"{&quot;ha_cmc_init_switcher&quot;:&quot;no&quot;}\">\n\t\t\t\t<div class=\"elementor-element elementor-element-238a033 e-flex e-con-boxed e-con e-parent\" data-id=\"238a033\" data-element_type=\"container\" data-e-type=\"container\">\n\t\t\t\t\t<div class=\"e-con-inner\">\n\t\t<div class=\"elementor-element elementor-element-54f0608 e-con-full e-flex e-con e-child\" data-id=\"54f0608\" data-element_type=\"container\" data-e-type=\"container\">\n\t\t\t\t<div class=\"elementor-element elementor-element-52bb87d elementor-widget elementor-widget-image\" data-id=\"52bb87d\" data-element_type=\"widget\" data-e-type=\"widget\" data-widget_type=\"image.default\">\n\t\t\t\t<div class=\"elementor-widget-container\">\n\t\t\t\t\t\t\t\t\t\t\t\t\t\t\t<img fetchpriority=\"high\" decoding=\"async\" width=\"800\" height=\"800\" src=\"https:\/\/www.liurparfum.com\/wp-content\/uploads\/2023\/06\/DSC00528.jpg\" class=\"attachment-large size-large wp-image-14259\" alt=\"\" srcset=\"https:\/\/www.liurparfum.com\/wp-content\/uploads\/2023\/06\/DSC00528.jpg 800w, https:\/\/www.liurparfum.com\/wp-content\/uploads\/2023\/06\/DSC00528-300x300.jpg 300w, https:\/\/www.liurparfum.com\/wp-content\/uploads\/2023\/06\/DSC00528-100x100.jpg 100w, https:\/\/www.liurparfum.com\/wp-content\/uploads\/2023\/06\/DSC00528-600x600.jpg 600w, https:\/\/www.liurparfum.com\/wp-content\/uploads\/2023\/06\/DSC00528-12x12.jpg 12w, https:\/\/www.liurparfum.com\/wp-content\/uploads\/2023\/06\/DSC00528-200x200.jpg 200w, https:\/\/www.liurparfum.com\/wp-content\/uploads\/2023\/06\/DSC00528-145x145.jpg 145w, https:\/\/www.liurparfum.com\/wp-content\/uploads\/2023\/06\/DSC00528-50x50.jpg 50w\" sizes=\"(max-width: 800px) 100vw, 800px\" \/>\t\t\t\t\t\t\t\t\t\t\t\t\t\t\t<\/div>\n\t\t\t\t<\/div>\n\t\t\t\t<\/div>\n\t\t<div class=\"elementor-element elementor-element-860cc1e e-con-full e-flex e-con e-child\" data-id=\"860cc1e\" data-element_type=\"container\" data-e-type=\"container\">\n\t\t\t\t<div class=\"elementor-element elementor-element-7770347 styler-transform transform-type-translate elementor-widget elementor-widget-heading\" data-id=\"7770347\" data-element_type=\"widget\" data-e-type=\"widget\" data-widget_type=\"heading.default\">\n\t\t\t\t<div class=\"elementor-widget-container\">\n\t\t\t\t\t<h2 class=\"elementor-heading-title elementor-size-default\">LIUR. Atradim\u0173 Rinkinys \"Sezono Perkamiausi\"<\/h2>\t\t\t\t<\/div>\n\t\t\t\t<\/div>\n\t\t\t\t<div class=\"elementor-element elementor-element-c31c4c8 elementor-widget elementor-widget-spacer\" data-id=\"c31c4c8\" data-element_type=\"widget\" data-e-type=\"widget\" data-widget_type=\"spacer.default\">\n\t\t\t\t<div class=\"elementor-widget-container\">\n\t\t\t\t\t\t\t<div class=\"elementor-spacer\">\n\t\t\t<div class=\"elementor-spacer-inner\"><\/div>\n\t\t<\/div>\n\t\t\t\t\t\t<\/div>\n\t\t\t\t<\/div>\n\t\t\t\t<div class=\"elementor-element elementor-element-f45959b elementor-widget elementor-widget-text-editor\" data-id=\"f45959b\" data-element_type=\"widget\" data-e-type=\"widget\" data-widget_type=\"text-editor.default\">\n\t\t\t\t<div class=\"elementor-widget-container\">\n\t\t\t\t\t\t\t\t\t<h6 class=\"translation-block\">\u0160\u012f LIUR kvepal\u0173 <strong>Atradim\u0173 Rinkin\u012f<\/strong> sudaro 6 kvapai, pateikti 2ml miniati\u016brose + <u>35 EUR Dovan\u0173 \u010cekis<\/u> i\u0161sirinktam 30ml kvepal\u0173 buteliukui.<\/h6><p>Puikiai tinka tiems, kurie nori i\u0161bandyti kelis kvapus prie\u0161 apsispr\u0119sdami kur\u012f pilno dyd\u017eio buteliuk\u0105 \u012fsigyti.<\/p><p>Tobulo kvapo pasirinkimas \u2013 tai unikali, asmeni\u0161ka kelion\u0117, kupina \u012fkv\u0117pimo. \u0160is i\u0161skirtinis rinkinys kvie\u010dia jus leistis \u012f LIUR. aromat\u0173 pasaulio atradim\u0105 lengvai ir maloniai, atveriant duris \u012f naujas patirtis ir emocijas.<\/p><p>M\u0117gaukit\u0117s kvepal\u0173 rinkiniais i\u0161 l\u0117to. Juose kiekvienas aromatas atskleid\u017eia emocij\u0105 \u2013 kupin\u0105 elegancijos, \u017eavesio ir autenti\u0161kumo.<\/p><p>Atraskite savo favoritus \u2013 o j\u016bs\u0173 pasirinkimas atspind\u0117s giliausius j\u016bs\u0173 tro\u0161kimus.<\/p><p class=\"translation-block\">Tavo <strong>35 EUR<\/strong> dovan\u0173 \u010dekis kvepalams bus siuntos viduje - ideali dovana!<\/p><p><em>Pasi\u016blymas galioja tik liurparfum.com<\/em><\/p>\t\t\t\t\t\t\t\t<\/div>\n\t\t\t\t<\/div>\n\t\t\t\t<\/div>\n\t\t\t\t\t<\/div>\n\t\t\t\t<\/div>\n\t\t<div class=\"elementor-element elementor-element-f59f4c3 e-flex e-con-boxed e-con e-parent\" data-id=\"f59f4c3\" data-element_type=\"container\" data-e-type=\"container\">\n\t\t\t\t\t<div class=\"e-con-inner\">\n\t\t\t\t<div class=\"elementor-element elementor-element-b8fd3e3 elementor-widget-divider--view-line elementor-widget elementor-widget-divider\" data-id=\"b8fd3e3\" data-element_type=\"widget\" data-e-type=\"widget\" data-widget_type=\"divider.default\">\n\t\t\t\t<div class=\"elementor-widget-container\">\n\t\t\t\t\t\t\t<div class=\"elementor-divider\">\n\t\t\t<span class=\"elementor-divider-separator\">\n\t\t\t\t\t\t<\/span>\n\t\t<\/div>\n\t\t\t\t\t\t<\/div>\n\t\t\t\t<\/div>\n\t\t\t\t<div class=\"elementor-element elementor-element-b9ea752 styler-transform transform-type-translate elementor-widget elementor-widget-heading\" data-id=\"b9ea752\" data-element_type=\"widget\" data-e-type=\"widget\" data-widget_type=\"heading.default\">\n\t\t\t\t<div class=\"elementor-widget-container\">\n\t\t\t\t\t<h2 class=\"elementor-heading-title elementor-size-default\">\u0160\u012f LIUR. Atradim\u0173 Rinkin\u012f sudaro:<\/h2>\t\t\t\t<\/div>\n\t\t\t\t<\/div>\n\t\t\t\t\t<\/div>\n\t\t\t\t<\/div>\n\t\t<div class=\"elementor-element elementor-element-4e660cc e-grid e-con-boxed e-con e-parent\" data-id=\"4e660cc\" data-element_type=\"container\" data-e-type=\"container\">\n\t\t\t\t\t<div class=\"e-con-inner\">\n\t\t\t\t<div class=\"elementor-element elementor-element-28d065b elementor-widget elementor-widget-ideapark-accordion\" data-id=\"28d065b\" data-element_type=\"widget\" data-e-type=\"widget\" data-widget_type=\"ideapark-accordion.default\">\n\t\t\t\t<div class=\"elementor-widget-container\">\n\t\t\t\t\t\t\t<div class=\"c-ip-accordion\">\n\t\t\t<div class=\"c-ip-accordion__wrap\">\n\t\t\t\t<div class=\"c-ip-accordion__list\">\n\t\t\t\t\t\t\t\t\t\t<div class=\"c-ip-accordion__item\">\n\t\t\t\t\t\t<a class=\"c-ip-accordion__link js-accordion-title\" href=\"\" onclick=\"return false;\"><div class=\"c-ip-accordion__header\">LIUR.34<i class=\"ip-plus_big c-ip-accordion__arrow\"><\/i><\/div><\/a>\t\t\t\t\t\t<div class=\"c-ip-accordion__content entry-content\"><p><strong>Kvepia kaip:<\/strong> Pipirai | J\u016bra po audros | Mediena<\/p><p><a href=\"\/lt\/shop\/no-34-parfum\/\">Daugiau Informacijos<\/a><\/p><\/div>\t\t\t\t\t<\/div>\n\t\t\t\t\t\t\t\t\t\t<div class=\"c-ip-accordion__item\">\n\t\t\t\t\t\t<a class=\"c-ip-accordion__link js-accordion-title\" href=\"\" onclick=\"return false;\"><div class=\"c-ip-accordion__header\">CREAMY AF<i class=\"ip-plus_big c-ip-accordion__arrow\"><\/i><\/div><\/a>\t\t\t\t\t\t<div class=\"c-ip-accordion__content entry-content\"><p><strong>Kvepia kaip: <\/strong>Plaktos grietin\u0117l\u0117s desertas apibarstytas pistacijomis, su \u0161lakeliu bra\u0161ki\u0173 kremo.<\/p><p><a href=\"\/lt\/shop\/creamy-af-parfum\/\">Daugiau informacijos<\/a><\/p><\/div>\t\t\t\t\t<\/div>\n\t\t\t\t\t\t\t\t\t\t<div class=\"c-ip-accordion__item\">\n\t\t\t\t\t\t<a class=\"c-ip-accordion__link js-accordion-title\" href=\"\" onclick=\"return false;\"><div class=\"c-ip-accordion__header\">GET ME RIGHT<i class=\"ip-plus_big c-ip-accordion__arrow\"><\/i><\/div><\/a>\t\t\t\t\t\t<div class=\"c-ip-accordion__content entry-content\"><p><strong>Kvepia kaip: <\/strong>Subtiliai saldus, \u0161velniai a\u0161trus, pudrinis su medienos niuansais.<\/p><p><a href=\"\/lt\/shop\/get-me-right-eau-de-parfum\/\">Daugiau informacijos<\/a><\/p><\/div>\t\t\t\t\t<\/div>\n\t\t\t\t\t\t\t\t\t<\/div>\n\t\t\t<\/div>\n\t\t<\/div>\n\t\t\t\t\t\t<\/div>\n\t\t\t\t<\/div>\n\t\t\t\t<div class=\"elementor-element elementor-element-3ad7bc6 elementor-widget elementor-widget-ideapark-accordion\" data-id=\"3ad7bc6\" data-element_type=\"widget\" data-e-type=\"widget\" data-widget_type=\"ideapark-accordion.default\">\n\t\t\t\t<div class=\"elementor-widget-container\">\n\t\t\t\t\t\t\t<div class=\"c-ip-accordion\">\n\t\t\t<div class=\"c-ip-accordion__wrap\">\n\t\t\t\t<div class=\"c-ip-accordion__list\">\n\t\t\t\t\t\t\t\t\t\t<div class=\"c-ip-accordion__item\">\n\t\t\t\t\t\t<a class=\"c-ip-accordion__link js-accordion-title\" href=\"\" onclick=\"return false;\"><div class=\"c-ip-accordion__header\">MODERN GREEN<i class=\"ip-plus_big c-ip-accordion__arrow\"><\/i><\/div><\/a>\t\t\t\t\t\t<div class=\"c-ip-accordion__content entry-content\"><p><strong>Kvepia kaip:<\/strong>Sodrus \u0161lapias mi\u0161kas, rankomis sutrai\u0161kyti juod\u0173j\u0173 serbent\u0173 lapai su figomis.<\/p><p><a href=\"\/lt\/shop\/modern-green-eau-perfume\/\">Daugiau informacijos<\/a><\/p><\/div>\t\t\t\t\t<\/div>\n\t\t\t\t\t\t\t\t\t\t<div class=\"c-ip-accordion__item\">\n\t\t\t\t\t\t<a class=\"c-ip-accordion__link js-accordion-title\" href=\"\" onclick=\"return false;\"><div class=\"c-ip-accordion__header\">BRUTAL ELAN<i class=\"ip-plus_big c-ip-accordion__arrow\"><\/i><\/div><\/a>\t\t\t\t\t\t<div class=\"c-ip-accordion__content entry-content\"><p><strong>Kvepia kaip: <\/strong>laukin\u0117 energija, suvaldyti instinktai, adrenalino antpl\u016bdis<\/p><p><a href=\"\/lt\/shop\/brutal-elan-extrait\/\">Daugiau informacijos<\/a><\/p><\/div>\t\t\t\t\t<\/div>\n\t\t\t\t\t\t\t\t\t\t<div class=\"c-ip-accordion__item\">\n\t\t\t\t\t\t<a class=\"c-ip-accordion__link js-accordion-title\" href=\"\" onclick=\"return false;\"><div class=\"c-ip-accordion__header\">CATCH UP<i class=\"ip-plus_big c-ip-accordion__arrow\"><\/i><\/div><\/a>\t\t\t\t\t\t<div class=\"c-ip-accordion__content entry-content\"><p><strong>Kvepia kaip:<\/strong> Jaukus, \u0161iluma apgaubiantis vakaras prie \u017eidinio su artimaisiais.<br \/><br \/><a href=\"\/lt\/shop\/catch-up-extrait-de-parfum\/\">Daugiau informacijos<\/a><\/p><\/div>\t\t\t\t\t<\/div>\n\t\t\t\t\t\t\t\t\t<\/div>\n\t\t\t<\/div>\n\t\t<\/div>\n\t\t\t\t\t\t<\/div>\n\t\t\t\t<\/div>\n\t\t\t\t\t<\/div>\n\t\t\t\t<\/div>\n\t\t<div class=\"elementor-element elementor-element-12fc1ba e-grid e-con-boxed e-con e-parent\" data-id=\"12fc1ba\" data-element_type=\"container\" data-e-type=\"container\">\n\t\t\t\t\t<div class=\"e-con-inner\">\n\t\t\t\t<div class=\"elementor-element elementor-element-bcc2a7c styler-transform transform-type-translate elementor-widget elementor-widget-heading\" data-id=\"bcc2a7c\" data-element_type=\"widget\" data-e-type=\"widget\" data-widget_type=\"heading.default\">\n\t\t\t\t<div class=\"elementor-widget-container\">\n\t\t\t\t\t<h2 class=\"elementor-heading-title elementor-size-default\">Kaip tai veikia?<\/h2>\t\t\t\t<\/div>\n\t\t\t\t<\/div>\n\t\t\t\t\t<\/div>\n\t\t\t\t<\/div>\n\t\t<div class=\"elementor-element elementor-element-6a2de1e e-grid e-con-boxed e-con e-parent\" data-id=\"6a2de1e\" data-element_type=\"container\" data-e-type=\"container\">\n\t\t\t\t\t<div class=\"e-con-inner\">\n\t\t\t\t<div class=\"elementor-element elementor-element-4a53e0b elementor-widget elementor-widget-image\" data-id=\"4a53e0b\" data-element_type=\"widget\" data-e-type=\"widget\" data-widget_type=\"image.default\">\n\t\t\t\t<div class=\"elementor-widget-container\">\n\t\t\t\t\t\t\t\t\t\t\t\t\t\t\t<img decoding=\"async\" width=\"600\" height=\"600\" src=\"https:\/\/www.liurparfum.com\/wp-content\/uploads\/2023\/06\/DSC00507-600x600.jpg\" class=\"attachment-medium_large size-medium_large wp-image-14260\" alt=\"\" srcset=\"https:\/\/www.liurparfum.com\/wp-content\/uploads\/2023\/06\/DSC00507-600x600.jpg 600w, https:\/\/www.liurparfum.com\/wp-content\/uploads\/2023\/06\/DSC00507-300x300.jpg 300w, https:\/\/www.liurparfum.com\/wp-content\/uploads\/2023\/06\/DSC00507-100x100.jpg 100w, https:\/\/www.liurparfum.com\/wp-content\/uploads\/2023\/06\/DSC00507-12x12.jpg 12w, https:\/\/www.liurparfum.com\/wp-content\/uploads\/2023\/06\/DSC00507-200x200.jpg 200w, https:\/\/www.liurparfum.com\/wp-content\/uploads\/2023\/06\/DSC00507-145x145.jpg 145w, https:\/\/www.liurparfum.com\/wp-content\/uploads\/2023\/06\/DSC00507-50x50.jpg 50w, https:\/\/www.liurparfum.com\/wp-content\/uploads\/2023\/06\/DSC00507.jpg 800w\" sizes=\"(max-width: 600px) 100vw, 600px\" \/>\t\t\t\t\t\t\t\t\t\t\t\t\t\t\t<\/div>\n\t\t\t\t<\/div>\n\t\t\t\t<div class=\"elementor-element elementor-element-9e97e7a elementor-widget elementor-widget-text-editor\" data-id=\"9e97e7a\" data-element_type=\"widget\" data-e-type=\"widget\" data-widget_type=\"text-editor.default\">\n\t\t\t\t<div class=\"elementor-widget-container\">\n\t\t\t\t\t\t\t\t\t<h4>1 \u017dingsnis:<\/h4><p class=\"translation-block\">\u012esigykite savo <strong>LIUR<\/strong> atradim\u0173 rinkin\u012f (galite pasirinkti vien\u0105 i\u0161 m\u016bs\u0173 sezono <a href=\"\/lt\/shop\/season-best-sellers-5-x-2ml-discovery-set\/\" target=\"_self\"><strong>populiariausi\u0173 kvap\u0173<\/strong><\/a> arba <strong><a href=\"\/lt\/shop\/discovery-set-create-your-own\/\" target=\"_self\">SUKURTI SAVO<\/a><\/strong> (pasirinkdami bet kuriuos 6 kvapus i\u0161 viso asortimento)\n\nJ\u016bs\u0173 <strong>35 EUR<\/strong> \u010dekis bus pakuot\u0117je ir galios 30 dien\u0173.<\/p>\t\t\t\t\t\t\t\t<\/div>\n\t\t\t\t<\/div>\n\t\t\t\t<div class=\"elementor-element elementor-element-4dd9ded elementor-widget elementor-widget-image\" data-id=\"4dd9ded\" data-element_type=\"widget\" data-e-type=\"widget\" data-widget_type=\"image.default\">\n\t\t\t\t<div class=\"elementor-widget-container\">\n\t\t\t\t\t\t\t\t\t\t\t\t\t\t\t<img decoding=\"async\" width=\"800\" height=\"800\" src=\"https:\/\/www.liurparfum.com\/wp-content\/uploads\/2023\/06\/DSC00536.jpg\" class=\"attachment-large size-large wp-image-14261\" alt=\"\" srcset=\"https:\/\/www.liurparfum.com\/wp-content\/uploads\/2023\/06\/DSC00536.jpg 800w, https:\/\/www.liurparfum.com\/wp-content\/uploads\/2023\/06\/DSC00536-300x300.jpg 300w, https:\/\/www.liurparfum.com\/wp-content\/uploads\/2023\/06\/DSC00536-100x100.jpg 100w, https:\/\/www.liurparfum.com\/wp-content\/uploads\/2023\/06\/DSC00536-600x600.jpg 600w, https:\/\/www.liurparfum.com\/wp-content\/uploads\/2023\/06\/DSC00536-12x12.jpg 12w, https:\/\/www.liurparfum.com\/wp-content\/uploads\/2023\/06\/DSC00536-200x200.jpg 200w, https:\/\/www.liurparfum.com\/wp-content\/uploads\/2023\/06\/DSC00536-145x145.jpg 145w, https:\/\/www.liurparfum.com\/wp-content\/uploads\/2023\/06\/DSC00536-50x50.jpg 50w\" sizes=\"(max-width: 800px) 100vw, 800px\" \/>\t\t\t\t\t\t\t\t\t\t\t\t\t\t\t<\/div>\n\t\t\t\t<\/div>\n\t\t\t\t<div class=\"elementor-element elementor-element-b19cf2b elementor-widget elementor-widget-text-editor\" data-id=\"b19cf2b\" data-element_type=\"widget\" data-e-type=\"widget\" data-widget_type=\"text-editor.default\">\n\t\t\t\t<div class=\"elementor-widget-container\">\n\t\t\t\t\t\t\t\t\t<h4>2 \u017dingsnis:<\/h4><p class=\"translation-block\">Skirkite laiko ir leiskite sau pasinerti \u012f kiekvien\u0105 kvap\u0105 \u2013 neskub\u0117kite. Kiekviena 2 ml miniati\u016bra <strong>talpina 25-35 papur\u0161kimus<\/strong>.<\/p><p class=\"translation-block\">Atraskite <strong>T\u0104<\/strong>, kuris tarsi kalba su jumis, sukelia did\u017eiausi\u0105 d\u017eiaugsm\u0105 ir atspindi J\u016aS\u0172 emocijas buteliuke.<\/p>\t\t\t\t\t\t\t\t<\/div>\n\t\t\t\t<\/div>\n\t\t\t\t<div class=\"elementor-element elementor-element-1e7f8d0 elementor-widget elementor-widget-image\" data-id=\"1e7f8d0\" data-element_type=\"widget\" data-e-type=\"widget\" data-widget_type=\"image.default\">\n\t\t\t\t<div class=\"elementor-widget-container\">\n\t\t\t\t\t\t\t\t\t\t\t\t\t\t\t<img loading=\"lazy\" decoding=\"async\" width=\"600\" height=\"600\" src=\"https:\/\/www.liurparfum.com\/wp-content\/uploads\/2024\/11\/DSC00657-600x600.jpg\" class=\"attachment-medium_large size-medium_large wp-image-14271\" alt=\"\" srcset=\"https:\/\/www.liurparfum.com\/wp-content\/uploads\/2024\/11\/DSC00657-600x600.jpg 600w, https:\/\/www.liurparfum.com\/wp-content\/uploads\/2024\/11\/DSC00657-300x300.jpg 300w, https:\/\/www.liurparfum.com\/wp-content\/uploads\/2024\/11\/DSC00657-100x100.jpg 100w, https:\/\/www.liurparfum.com\/wp-content\/uploads\/2024\/11\/DSC00657-12x12.jpg 12w, https:\/\/www.liurparfum.com\/wp-content\/uploads\/2024\/11\/DSC00657-200x200.jpg 200w, https:\/\/www.liurparfum.com\/wp-content\/uploads\/2024\/11\/DSC00657-145x145.jpg 145w, https:\/\/www.liurparfum.com\/wp-content\/uploads\/2024\/11\/DSC00657-50x50.jpg 50w, https:\/\/www.liurparfum.com\/wp-content\/uploads\/2024\/11\/DSC00657.jpg 800w\" sizes=\"(max-width: 600px) 100vw, 600px\" \/>\t\t\t\t\t\t\t\t\t\t\t\t\t\t\t<\/div>\n\t\t\t\t<\/div>\n\t\t\t\t<div class=\"elementor-element elementor-element-c5b1a49 elementor-widget elementor-widget-text-editor\" data-id=\"c5b1a49\" data-element_type=\"widget\" data-e-type=\"widget\" data-widget_type=\"text-editor.default\">\n\t\t\t\t<div class=\"elementor-widget-container\">\n\t\t\t\t\t\t\t\t\t<h4>3 \u017dingsnis:\u00a0<\/h4><p class=\"translation-block\">Apsipirkimo metu \u012fveskite savo unikal\u0173 dovan\u0173 kod\u0105 ir pasiimkite <strong>35 EUR<\/strong> nuolaid\u0105 bet kuriam <strong>30ml<\/strong> LIUR. kvepal\u0173 buteliukui. Pasi\u016blymas galioja tik liurparfum.com<\/p>\t\t\t\t\t\t\t\t<\/div>\n\t\t\t\t<\/div>\n\t\t\t\t\t<\/div>\n\t\t\t\t<\/div>\n\t\t\t\t<\/div>","protected":false},"excerpt":{"rendered":"<p>Tobulo kvapo pasirinkimas \u2013 tai unikali, asmeni\u0161ka kelion\u0117, kupina \u012fkv\u0117pimo. \u0160is i\u0161skirtinis rinkinys kvie\u010dia jus leistis \u012f LIUR. aromat\u0173 pasaulio atradim\u0105 lengvai ir maloniai, atveriant duris \u012f naujas patirtis ir emocijas. <strong>Taip pat gausite 35 EUR dovan\u0173 \u010dek\u012f, kur\u012f gal\u0117site panaudoti \u012fsigyjant 30 ml kvepalus!<\/strong><\/p>","protected":false},"featured_media":13209,"comment_status":"open","ping_status":"closed","template":"","meta":[],"product_cat":[110,112,31],"product_tag":[115,114,113],"class_list":{"0":"post-9922","1":"product","2":"type-product","3":"status-publish","4":"has-post-thumbnail","6":"product_cat-110","7":"product_cat-creamy-af","8":"product_cat-discovery-sets","9":"product_tag-discovery-set","10":"product_tag-fragrance","11":"product_tag-perfume","13":"first","14":"instock","15":"featured","16":"shipping-taxable","17":"purchasable","18":"product-type-simple"},"_links":{"self":[{"href":"https:\/\/www.liurparfum.com\/lt\/wp-json\/wp\/v2\/product\/9922","targetHints":{"allow":["GET"]}}],"collection":[{"href":"https:\/\/www.liurparfum.com\/lt\/wp-json\/wp\/v2\/product"}],"about":[{"href":"https:\/\/www.liurparfum.com\/lt\/wp-json\/wp\/v2\/types\/product"}],"replies":[{"embeddable":true,"href":"https:\/\/www.liurparfum.com\/lt\/wp-json\/wp\/v2\/comments?post=9922"}],"version-history":[{"count":164,"href":"https:\/\/www.liurparfum.com\/lt\/wp-json\/wp\/v2\/product\/9922\/revisions"}],"predecessor-version":[{"id":14278,"href":"https:\/\/www.liurparfum.com\/lt\/wp-json\/wp\/v2\/product\/9922\/revisions\/14278"}],"wp:featuredmedia":[{"embeddable":true,"href":"https:\/\/www.liurparfum.com\/lt\/wp-json\/wp\/v2\/media\/13209"}],"wp:attachment":[{"href":"https:\/\/www.liurparfum.com\/lt\/wp-json\/wp\/v2\/media?parent=9922"}],"wp:term":[{"taxonomy":"product_cat","embeddable":true,"href":"https:\/\/www.liurparfum.com\/lt\/wp-json\/wp\/v2\/product_cat?post=9922"},{"taxonomy":"product_tag","embeddable":true,"href":"https:\/\/www.liurparfum.com\/lt\/wp-json\/wp\/v2\/product_tag?post=9922"}],"curies":[{"name":"wp","href":"https:\/\/api.w.org\/{rel}","templated":true}]}}