{"id":8910,"date":"2024-08-14T17:57:47","date_gmt":"2024-08-14T17:57:47","guid":{"rendered":"https:\/\/www.liurparfum.com\/?post_type=product&#038;p=8910"},"modified":"2026-04-28T11:04:37","modified_gmt":"2026-04-28T11:04:37","slug":"creamy-af-parfum","status":"publish","type":"product","link":"https:\/\/www.liurparfum.com\/lt\/shop\/creamy-af-parfum\/","title":{"rendered":"CREAMY AF ekstraktas"},"content":{"rendered":"<div data-elementor-type=\"wp-post\" data-elementor-id=\"8910\" class=\"elementor elementor-8910\" data-elementor-settings=\"{&quot;ha_cmc_init_switcher&quot;:&quot;no&quot;}\">\n\t\t\t\t<div class=\"elementor-element elementor-element-7de496a1 e-flex e-con-boxed e-con e-parent\" data-id=\"7de496a1\" data-element_type=\"container\" data-e-type=\"container\">\n\t\t\t\t\t<div class=\"e-con-inner\">\n\t\t<div class=\"elementor-element elementor-element-76682fdb e-con-full e-flex e-con e-child\" data-id=\"76682fdb\" data-element_type=\"container\" data-e-type=\"container\">\n\t\t<div class=\"elementor-element elementor-element-64329e8e e-con-full e-flex e-con e-child\" data-id=\"64329e8e\" data-element_type=\"container\" data-e-type=\"container\">\n\t\t\t\t<div class=\"elementor-element elementor-element-188b6502 elementor-widget elementor-widget-image\" data-id=\"188b6502\" data-element_type=\"widget\" data-e-type=\"widget\" data-widget_type=\"image.default\">\n\t\t\t\t<div class=\"elementor-widget-container\">\n\t\t\t\t\t\t\t\t\t\t\t\t\t\t\t<img fetchpriority=\"high\" decoding=\"async\" width=\"500\" height=\"500\" src=\"https:\/\/www.liurparfum.com\/wp-content\/uploads\/2024\/08\/19.jpg\" class=\"attachment-large size-large wp-image-8972\" alt=\"LIUR creamy af fragrance notes milk\" srcset=\"https:\/\/www.liurparfum.com\/wp-content\/uploads\/2024\/08\/19.jpg 500w, https:\/\/www.liurparfum.com\/wp-content\/uploads\/2024\/08\/19-300x300.jpg 300w, https:\/\/www.liurparfum.com\/wp-content\/uploads\/2024\/08\/19-100x100.jpg 100w, https:\/\/www.liurparfum.com\/wp-content\/uploads\/2024\/08\/19-200x200.jpg 200w, https:\/\/www.liurparfum.com\/wp-content\/uploads\/2024\/08\/19-145x145.jpg 145w, https:\/\/www.liurparfum.com\/wp-content\/uploads\/2024\/08\/19-50x50.jpg 50w\" sizes=\"(max-width: 500px) 100vw, 500px\" \/>\t\t\t\t\t\t\t\t\t\t\t\t\t\t\t<\/div>\n\t\t\t\t<\/div>\n\t\t\t\t<div class=\"elementor-element elementor-element-4de69d5a elementor-widget elementor-widget-image\" data-id=\"4de69d5a\" data-element_type=\"widget\" data-e-type=\"widget\" data-widget_type=\"image.default\">\n\t\t\t\t<div class=\"elementor-widget-container\">\n\t\t\t\t\t\t\t\t\t\t\t\t\t\t\t<img decoding=\"async\" width=\"500\" height=\"500\" src=\"https:\/\/www.liurparfum.com\/wp-content\/uploads\/2024\/08\/21.jpg\" class=\"attachment-large size-large wp-image-8974\" alt=\"LIUR creamy af fragrance notes whipped cream\" srcset=\"https:\/\/www.liurparfum.com\/wp-content\/uploads\/2024\/08\/21.jpg 500w, https:\/\/www.liurparfum.com\/wp-content\/uploads\/2024\/08\/21-300x300.jpg 300w, https:\/\/www.liurparfum.com\/wp-content\/uploads\/2024\/08\/21-100x100.jpg 100w, https:\/\/www.liurparfum.com\/wp-content\/uploads\/2024\/08\/21-200x200.jpg 200w, https:\/\/www.liurparfum.com\/wp-content\/uploads\/2024\/08\/21-145x145.jpg 145w, https:\/\/www.liurparfum.com\/wp-content\/uploads\/2024\/08\/21-50x50.jpg 50w\" sizes=\"(max-width: 500px) 100vw, 500px\" \/>\t\t\t\t\t\t\t\t\t\t\t\t\t\t\t<\/div>\n\t\t\t\t<\/div>\n\t\t\t\t<\/div>\n\t\t<div class=\"elementor-element elementor-element-5f1caf40 e-con-full e-flex e-con e-child\" data-id=\"5f1caf40\" data-element_type=\"container\" data-e-type=\"container\">\n\t\t\t\t<div class=\"elementor-element elementor-element-3c9cac4a elementor-widget elementor-widget-image\" data-id=\"3c9cac4a\" data-element_type=\"widget\" data-e-type=\"widget\" data-widget_type=\"image.default\">\n\t\t\t\t<div class=\"elementor-widget-container\">\n\t\t\t\t\t\t\t\t\t\t\t\t\t\t\t<img decoding=\"async\" width=\"500\" height=\"500\" src=\"https:\/\/www.liurparfum.com\/wp-content\/uploads\/2024\/08\/18.jpg\" class=\"attachment-large size-large wp-image-8971\" alt=\"LIUR creamy af fragrance notes pistachio\" srcset=\"https:\/\/www.liurparfum.com\/wp-content\/uploads\/2024\/08\/18.jpg 500w, https:\/\/www.liurparfum.com\/wp-content\/uploads\/2024\/08\/18-300x300.jpg 300w, https:\/\/www.liurparfum.com\/wp-content\/uploads\/2024\/08\/18-100x100.jpg 100w, https:\/\/www.liurparfum.com\/wp-content\/uploads\/2024\/08\/18-200x200.jpg 200w, https:\/\/www.liurparfum.com\/wp-content\/uploads\/2024\/08\/18-145x145.jpg 145w, https:\/\/www.liurparfum.com\/wp-content\/uploads\/2024\/08\/18-50x50.jpg 50w\" sizes=\"(max-width: 500px) 100vw, 500px\" \/>\t\t\t\t\t\t\t\t\t\t\t\t\t\t\t<\/div>\n\t\t\t\t<\/div>\n\t\t\t\t<div class=\"elementor-element elementor-element-74f6a8ba elementor-widget elementor-widget-image\" data-id=\"74f6a8ba\" data-element_type=\"widget\" data-e-type=\"widget\" data-widget_type=\"image.default\">\n\t\t\t\t<div class=\"elementor-widget-container\">\n\t\t\t\t\t\t\t\t\t\t\t\t\t\t\t<img loading=\"lazy\" decoding=\"async\" width=\"300\" height=\"300\" src=\"https:\/\/www.liurparfum.com\/wp-content\/uploads\/2024\/08\/20-300x300.jpg\" class=\"attachment-medium size-medium wp-image-8973\" alt=\"LIUR creamy af fragrance notes strawberry\" srcset=\"https:\/\/www.liurparfum.com\/wp-content\/uploads\/2024\/08\/20-300x300.jpg 300w, https:\/\/www.liurparfum.com\/wp-content\/uploads\/2024\/08\/20-100x100.jpg 100w, https:\/\/www.liurparfum.com\/wp-content\/uploads\/2024\/08\/20-200x200.jpg 200w, https:\/\/www.liurparfum.com\/wp-content\/uploads\/2024\/08\/20-145x145.jpg 145w, https:\/\/www.liurparfum.com\/wp-content\/uploads\/2024\/08\/20-50x50.jpg 50w, https:\/\/www.liurparfum.com\/wp-content\/uploads\/2024\/08\/20.jpg 500w\" sizes=\"(max-width: 300px) 100vw, 300px\" \/>\t\t\t\t\t\t\t\t\t\t\t\t\t\t\t<\/div>\n\t\t\t\t<\/div>\n\t\t\t\t<\/div>\n\t\t\t\t<\/div>\n\t\t<div class=\"elementor-element elementor-element-1d997a33 e-con-full e-flex e-con e-child\" data-id=\"1d997a33\" data-element_type=\"container\" data-e-type=\"container\">\n\t\t\t\t<div class=\"elementor-element elementor-element-39290ecb styler-transform transform-type-translate elementor-widget elementor-widget-heading\" data-id=\"39290ecb\" data-element_type=\"widget\" data-e-type=\"widget\" data-widget_type=\"heading.default\">\n\t\t\t\t<div class=\"elementor-widget-container\">\n\t\t\t\t\t<h3 class=\"elementor-heading-title elementor-size-default\">CREAMY AF <\/h3>\t\t\t\t<\/div>\n\t\t\t\t<\/div>\n\t\t\t\t<div class=\"elementor-element elementor-element-56e42f38 elementor-widget elementor-widget-text-editor\" data-id=\"56e42f38\" data-element_type=\"widget\" data-e-type=\"widget\" data-widget_type=\"text-editor.default\">\n\t\t\t\t<div class=\"elementor-widget-container\">\n\t\t\t\t\t\t\t\t\t<p>Tavo gurmani\u0161kai emocin\u0117 kelion\u0117...<\/p><p class=\"translation-block\">Kvapas <strong>ypatingai<\/strong> progai? \u0160v\u0119sdami savo oficialaus \u012fsik\u016brimo metines, suk\u016br\u0117me savo unikal\u0173 \u201edesert\u0105\u201c \u2013 tik i\u0161pilstyt\u0105 \u012f buteliukus ir pasiruo\u0161us\u012f tave lyd\u0117ti visur, kur bekeliautum, atne\u0161ant\u012f \u0161ilum\u0105 bei priminim\u0105 apie paprastus bei ma\u017eus d\u017eiaugsmus.<\/p><p>Tavo gurmani\u0161ka kvepal\u0173 kelion\u0117 prasideda stipriomis ir \u0161iek tiek kar\u010diomis pistacijomis. V\u0117liau atsiveria plaktos grietin\u0117l\u0117s akordas besimai\u0161antis su pienu, bra\u0161k\u0117mis ir cukraus vata. Burnoje tirpstantys karamel\u0117s, \u0161okolado, sviesto ir kokoso akordai su\u017eadina vaikyst\u0117s prisiminimus, o galb\u016bt maloni\u0105 tavo \u201ccheat day\u201d emocij\u0105?<\/p><p>Bazin\u0117s vanil\u0117s, \u016bdo bei medienos natos, eleganti\u0161kai subalansuoja saldum\u0105 su brandumu, kaip priminim\u0105 tau, kad nors ir priimi paprastus gyvenimo malonumus (ar nuod\u0117mes), tai darai su skoniu.<\/p><p>Sukurta: 2023<br \/>I\u0161leista: 2024<\/p>\t\t\t\t\t\t\t\t<\/div>\n\t\t\t\t<\/div>\n\t\t\t\t<div class=\"elementor-element elementor-element-cfcb1d4 elementor-widget__width-initial elementor-widget elementor-widget-ideapark-accordion\" data-id=\"cfcb1d4\" data-element_type=\"widget\" data-e-type=\"widget\" data-widget_type=\"ideapark-accordion.default\">\n\t\t\t\t<div class=\"elementor-widget-container\">\n\t\t\t\t\t\t\t<div class=\"c-ip-accordion\">\n\t\t\t<div class=\"c-ip-accordion__wrap\">\n\t\t\t\t<div class=\"c-ip-accordion__list\">\n\t\t\t\t\t\t\t\t\t\t<div class=\"c-ip-accordion__item\">\n\t\t\t\t\t\t<a class=\"c-ip-accordion__link js-accordion-title\" href=\"\" onclick=\"return false;\"><div class=\"c-ip-accordion__header\">Olfaktorin\u0117s Natos<i class=\"ip-plus_big c-ip-accordion__arrow\"><\/i><\/div><\/a>\t\t\t\t\t\t<div class=\"c-ip-accordion__content entry-content\"><p>Pistacijos, plakta grietin\u0117l\u0117, bra\u0161k\u0117s, pienas, cukraus vata, sviestas, kokosas, \u0161okoladas, vanil\u0117, \u016bdas, mediena.<\/p><\/div>\t\t\t\t\t<\/div>\n\t\t\t\t\t\t\t\t\t\t<div class=\"c-ip-accordion__item\">\n\t\t\t\t\t\t<a class=\"c-ip-accordion__link js-accordion-title\" href=\"\" onclick=\"return false;\"><div class=\"c-ip-accordion__header\">Olfaktorin\u0117 \u0161eima<i class=\"ip-plus_big c-ip-accordion__arrow\"><\/i><\/div><\/a>\t\t\t\t\t\t<div class=\"c-ip-accordion__content entry-content\"><p>Gurmani\u0161kas<\/p><\/div>\t\t\t\t\t<\/div>\n\t\t\t\t\t\t\t\t\t\t<div class=\"c-ip-accordion__item\">\n\t\t\t\t\t\t<a class=\"c-ip-accordion__link js-accordion-title\" href=\"\" onclick=\"return false;\"><div class=\"c-ip-accordion__header\">Sud\u0117tis<i class=\"ip-plus_big c-ip-accordion__arrow\"><\/i><\/div><\/a>\t\t\t\t\t\t<div class=\"c-ip-accordion__content entry-content\"><p><span class=\"OYPEnA font-feature-liga-off font-feature-clig-off font-feature-calt-off text-decoration-none text-strikethrough-none\">Alko denat., Parfum (fragrance), Benzyl alcohol, Benzyl Benzoate, Anisyl alcohol, Coumarin, Eugenol, Evernia prunastri extract, Farnesol, Geraniol, Limonene, Linalool.<\/span><\/p><\/div>\t\t\t\t\t<\/div>\n\t\t\t\t\t\t\t\t\t<\/div>\n\t\t\t<\/div>\n\t\t<\/div>\n\t\t\t\t\t\t<\/div>\n\t\t\t\t<\/div>\n\t\t\t\t<\/div>\n\t\t\t\t\t<\/div>\n\t\t\t\t<\/div>\n\t\t<div class=\"elementor-element elementor-element-e2968fc e-flex e-con-boxed e-con e-parent\" data-id=\"e2968fc\" data-element_type=\"container\" data-e-type=\"container\">\n\t\t\t\t\t<div class=\"e-con-inner\">\n\t\t<div class=\"elementor-element elementor-element-773667f e-con-full e-flex e-con e-child\" data-id=\"773667f\" data-element_type=\"container\" data-e-type=\"container\">\n\t\t\t\t<div class=\"elementor-element elementor-element-e0551d8 styler-transform transform-type-translate elementor-widget elementor-widget-heading\" data-id=\"e0551d8\" data-element_type=\"widget\" data-e-type=\"widget\" data-widget_type=\"heading.default\">\n\t\t\t\t<div class=\"elementor-widget-container\">\n\t\t\t\t\t<h3 class=\"elementor-heading-title elementor-size-default\">Personalizuotas kam\u0161tukas<\/h3>\t\t\t\t<\/div>\n\t\t\t\t<\/div>\n\t\t\t\t<div class=\"elementor-element elementor-element-a70b0d8 elementor-widget elementor-widget-text-editor\" data-id=\"a70b0d8\" data-element_type=\"widget\" data-e-type=\"widget\" data-widget_type=\"text-editor.default\">\n\t\t\t\t<div class=\"elementor-widget-container\">\n\t\t\t\t\t\t\t\t\t<p>\u012esivaizduokite kvepalus, kurie ne tik d\u017eiugina j\u016bs\u0173 poj\u016b\u010dius, primena apie malonumus ar  sald\u017eias nuod\u0117mes, bet ir yra labai asmeni\u0161ki, sukurti tik jums. J\u016bs\u0173 LIUR CREAMY AF flakonas papuo\u0161tas rank\u0173 darbo, nat\u016bralaus med\u017eio kam\u0161tuku. Kiekvienas kam\u0161tukas yra unikalus d\u0117l nat\u016bralios medienos tekst\u016bros, spalv\u0173 bei atspalvi\u0173 \u2013 n\u0117ra dviej\u0173 identi\u0161k\u0173.<\/p><p><strong>Padaryk j\u012f i\u0161skirtinai SAVO!<\/strong><\/p><p class=\"translation-block\">Personalizuokite medin\u012f kam\u0161tel\u012f su ypatingu u\u017era\u0161u, vardu ar data \u2013 bet kuo, kas jums svarbu. I\u0161graviruosime j\u016bs\u0173 pasirinktus \u017eod\u017eius ar net <strong>j\u016bs\u0173 RANKA para\u0161yt\u0105 tekst\u0105<\/strong> (!), taip paversdami kvepalus ne tik geru atsiminimu, bet ir tobula asmenine dovana.<\/p><p><strong>Sukurta su meile<\/strong><\/p><p>Kiekvienas kam\u0161tukas yra kruop\u0161\u010diai pagamintas m\u016bs\u0173 rankomis. Nat\u016bralus medis ir j\u016bs\u0173 asmeninis u\u017era\u0161as paver\u010dia kiekvien\u0105 kvepal\u0173 flakon\u0105 visi\u0161kai unikaliu \u2013 taip kaip visi\u0161kai <strong>unikal\u016bs esate ir J\u016bs<\/strong>.<\/p>\t\t\t\t\t\t\t\t<\/div>\n\t\t\t\t<\/div>\n\t\t\t\t<\/div>\n\t\t<div class=\"elementor-element elementor-element-9e7cba1 e-con-full e-flex e-con e-child\" data-id=\"9e7cba1\" data-element_type=\"container\" data-e-type=\"container\">\n\t\t\t\t<div class=\"elementor-element elementor-element-9d0d84e elementor-widget elementor-widget-image\" data-id=\"9d0d84e\" data-element_type=\"widget\" data-e-type=\"widget\" data-widget_type=\"image.default\">\n\t\t\t\t<div class=\"elementor-widget-container\">\n\t\t\t\t\t\t\t\t\t\t\t\t\t\t\t<img decoding=\"async\" src=\"https:\/\/www.liurparfum.com\/wp-content\/uploads\/elementor\/thumbs\/DSC04877-quhwaun96g2k91fs9any9v1repgp3odeigu8ptms20.jpg\" title=\"Liur fragrance personalised cap\" alt=\"Liur fragrance personalised cap\" loading=\"lazy\" \/>\t\t\t\t\t\t\t\t\t\t\t\t\t\t\t<\/div>\n\t\t\t\t<\/div>\n\t\t\t\t<\/div>\n\t\t\t\t\t<\/div>\n\t\t\t\t<\/div>\n\t\t\t\t<\/div>","protected":false},"excerpt":{"rendered":"<p><strong>Kvepia kaip: <\/strong>Plaktos grietin\u0117l\u0117s desertas apibarstytas pistacijomis, su \u0161lakeliu bra\u0161ki\u0173 kremo.<\/p>\n<p><strong>Olfaktorin\u0117s Natos: <\/strong>Pistacijos, plakta grietin\u0117l\u0117, bra\u0161k\u0117s, pienas, cukraus vata, sviestas, kokosas, \u0161okoladas, vanil\u0117, \u016bdas, mediena.<\/p>","protected":false},"featured_media":11940,"comment_status":"open","ping_status":"closed","template":"","meta":[],"product_cat":[112,111],"product_tag":[],"class_list":{"0":"post-8910","1":"product","2":"type-product","3":"status-publish","4":"has-post-thumbnail","6":"product_cat-creamy-af","7":"product_cat-view-all-perfume-2","9":"first","10":"instock","11":"featured","12":"shipping-taxable","13":"purchasable","14":"product-type-variable"},"_links":{"self":[{"href":"https:\/\/www.liurparfum.com\/lt\/wp-json\/wp\/v2\/product\/8910","targetHints":{"allow":["GET"]}}],"collection":[{"href":"https:\/\/www.liurparfum.com\/lt\/wp-json\/wp\/v2\/product"}],"about":[{"href":"https:\/\/www.liurparfum.com\/lt\/wp-json\/wp\/v2\/types\/product"}],"replies":[{"embeddable":true,"href":"https:\/\/www.liurparfum.com\/lt\/wp-json\/wp\/v2\/comments?post=8910"}],"version-history":[{"count":86,"href":"https:\/\/www.liurparfum.com\/lt\/wp-json\/wp\/v2\/product\/8910\/revisions"}],"predecessor-version":[{"id":11281,"href":"https:\/\/www.liurparfum.com\/lt\/wp-json\/wp\/v2\/product\/8910\/revisions\/11281"}],"wp:featuredmedia":[{"embeddable":true,"href":"https:\/\/www.liurparfum.com\/lt\/wp-json\/wp\/v2\/media\/11940"}],"wp:attachment":[{"href":"https:\/\/www.liurparfum.com\/lt\/wp-json\/wp\/v2\/media?parent=8910"}],"wp:term":[{"taxonomy":"product_cat","embeddable":true,"href":"https:\/\/www.liurparfum.com\/lt\/wp-json\/wp\/v2\/product_cat?post=8910"},{"taxonomy":"product_tag","embeddable":true,"href":"https:\/\/www.liurparfum.com\/lt\/wp-json\/wp\/v2\/product_tag?post=8910"}],"curies":[{"name":"wp","href":"https:\/\/api.w.org\/{rel}","templated":true}]}}