{"id":7837,"date":"2024-03-09T12:20:03","date_gmt":"2024-03-09T12:20:03","guid":{"rendered":"https:\/\/www.liurparfum.com\/?post_type=product&#038;p=7837"},"modified":"2026-04-14T11:02:18","modified_gmt":"2026-04-14T11:02:18","slug":"renginys-parfumerijos-vakaras-kaunas-2026","status":"publish","type":"product","link":"https:\/\/www.liurparfum.com\/lt\/shop\/renginys-parfumerijos-vakaras-kaunas-2026\/","title":{"rendered":"Renginys &#8211; Parfumerijos Vakaras Su LIUR ir Japoni\u0161k\u0173 Arbat\u0173 Skoniais"},"content":{"rendered":"<div data-elementor-type=\"wp-post\" data-elementor-id=\"7837\" class=\"elementor elementor-7837\" data-elementor-settings=\"{&quot;ha_cmc_init_switcher&quot;:&quot;no&quot;}\">\n\t\t\t\t<div class=\"elementor-element elementor-element-39d2bb66 e-flex e-con-boxed e-con e-parent\" data-id=\"39d2bb66\" data-element_type=\"container\" data-e-type=\"container\">\n\t\t\t\t\t<div class=\"e-con-inner\">\n\t\t\t\t<div class=\"elementor-element elementor-element-844f1be elementor-widget-mobile__width-inherit styler-transform transform-type-translate elementor-widget elementor-widget-heading\" data-id=\"844f1be\" data-element_type=\"widget\" data-e-type=\"widget\" data-widget_type=\"heading.default\">\n\t\t\t\t<div class=\"elementor-widget-container\">\n\t\t\t\t\t<h4 class=\"elementor-heading-title elementor-size-default\">(viet\u0173 n\u0117ra) Trumpai apie rengin\u012f:<\/h4>\t\t\t\t<\/div>\n\t\t\t\t<\/div>\n\t\t\t\t<div class=\"elementor-element elementor-element-7efdf1b elementor-widget elementor-widget-spacer\" data-id=\"7efdf1b\" data-element_type=\"widget\" data-e-type=\"widget\" data-widget_type=\"spacer.default\">\n\t\t\t\t<div class=\"elementor-widget-container\">\n\t\t\t\t\t\t\t<div class=\"elementor-spacer\">\n\t\t\t<div class=\"elementor-spacer-inner\"><\/div>\n\t\t<\/div>\n\t\t\t\t\t\t<\/div>\n\t\t\t\t<\/div>\n\t\t\t\t<div class=\"elementor-element elementor-element-5c5f4a74 elementor-widget-mobile__width-inherit elementor-widget elementor-widget-text-editor\" data-id=\"5c5f4a74\" data-element_type=\"widget\" data-e-type=\"widget\" data-widget_type=\"text-editor.default\">\n\t\t\t\t<div class=\"elementor-widget-container\">\n\t\t\t\t\t\t\t\t\t<p data-start=\"101\" data-end=\"232\">Galima sakyti, kad tai jau tradicija tap\u0119s Kauno <strong>kvapoman\u0173<\/strong> ir <strong>kvepal\u0173 entuziast\u0173 <\/strong>(visai nesvarbu ar esi tikras kvapomanas ar tiesiog prad\u0117jai dom\u0117tis kvepalais) \u00a0susitikimas prie japoni\u0161kos arbatos puodelio.<\/p><p data-start=\"234\" data-end=\"362\">Kaunie\u010diams puikiai pa\u017e\u012fstamas salonas \u201eJauk\u016bs namai\u201c jau penkt\u0105 kart\u0105 kvie\u010dia \u012f susitikim\u0105 su parfumerijos nam\u0173 \u201eliur\u201c \u012fk\u016br\u0117ju.<\/p><p data-start=\"364\" data-end=\"499\">Kaskart \u2013 <strong>vis kita tema<\/strong>, o diskusijos apie kvepalus su kiekvienu susitikimu tik kar\u0161t\u0117ja. Dviej\u0173 renginio valand\u0173 dar niekada neu\u017eteko ir \u017emon\u0117s skirst\u0117si nenorom&#8230;\u00a0<\/p>\t\t\t\t\t\t\t\t<\/div>\n\t\t\t\t<\/div>\n\t\t\t\t<div class=\"elementor-element elementor-element-7164902 elementor-widget elementor-widget-spacer\" data-id=\"7164902\" data-element_type=\"widget\" data-e-type=\"widget\" data-widget_type=\"spacer.default\">\n\t\t\t\t<div class=\"elementor-widget-container\">\n\t\t\t\t\t\t\t<div class=\"elementor-spacer\">\n\t\t\t<div class=\"elementor-spacer-inner\"><\/div>\n\t\t<\/div>\n\t\t\t\t\t\t<\/div>\n\t\t\t\t<\/div>\n\t\t\t\t<div class=\"elementor-element elementor-element-fb8ee72 elementor-widget elementor-widget-progress\" data-id=\"fb8ee72\" data-element_type=\"widget\" data-e-type=\"widget\" data-widget_type=\"progress.default\">\n\t\t\t\t<div class=\"elementor-widget-container\">\n\t\t\t\t\t\t\t\t<h4 class=\"elementor-title\" id=\"elementor-progress-bar-fb8ee72\">\n\t\t\t\tViet\u0173 u\u017eimtumas:<br>\t\t\t<\/h4>\n\t\t\n\t\t<div aria-labelledby=\"elementor-progress-bar-fb8ee72\" class=\"elementor-progress-wrapper progress-success\" role=\"progressbar\" aria-valuemin=\"0\" aria-valuemax=\"100\" aria-valuenow=\"100\" aria-valuetext=\"100% (Rezervuota viet\u0173)\">\n\t\t\t<div class=\"elementor-progress-bar\" data-max=\"100\">\n\t\t\t\t<span class=\"elementor-progress-text\">Rezervuota viet\u0173<\/span>\n\t\t\t\t\t\t\t\t\t<span class=\"elementor-progress-percentage\">100%<\/span>\n\t\t\t\t\t\t\t<\/div>\n\t\t<\/div>\n\t\t\t\t\t\t<\/div>\n\t\t\t\t<\/div>\n\t\t\t\t<div class=\"elementor-element elementor-element-ad9dfa4 elementor-widget-divider--view-line elementor-widget elementor-widget-divider\" data-id=\"ad9dfa4\" data-element_type=\"widget\" data-e-type=\"widget\" data-widget_type=\"divider.default\">\n\t\t\t\t<div class=\"elementor-widget-container\">\n\t\t\t\t\t\t\t<div class=\"elementor-divider\">\n\t\t\t<span class=\"elementor-divider-separator\">\n\t\t\t\t\t\t<\/span>\n\t\t<\/div>\n\t\t\t\t\t\t<\/div>\n\t\t\t\t<\/div>\n\t\t\t\t<div class=\"elementor-element elementor-element-0ab3770 elementor-widget-mobile__width-inherit styler-transform transform-type-translate elementor-widget elementor-widget-heading\" data-id=\"0ab3770\" data-element_type=\"widget\" data-e-type=\"widget\" data-widget_type=\"heading.default\">\n\t\t\t\t<div class=\"elementor-widget-container\">\n\t\t\t\t\t<h4 class=\"elementor-heading-title elementor-size-default\">Kur ir kada:<\/h4>\t\t\t\t<\/div>\n\t\t\t\t<\/div>\n\t\t\t\t<div class=\"elementor-element elementor-element-9ef417f elementor-widget elementor-widget-spacer\" data-id=\"9ef417f\" data-element_type=\"widget\" data-e-type=\"widget\" data-widget_type=\"spacer.default\">\n\t\t\t\t<div class=\"elementor-widget-container\">\n\t\t\t\t\t\t\t<div class=\"elementor-spacer\">\n\t\t\t<div class=\"elementor-spacer-inner\"><\/div>\n\t\t<\/div>\n\t\t\t\t\t\t<\/div>\n\t\t\t\t<\/div>\n\t\t\t\t<div class=\"elementor-element elementor-element-fad2cf6 elementor-widget-mobile__width-inherit elementor-widget elementor-widget-text-editor\" data-id=\"fad2cf6\" data-element_type=\"widget\" data-e-type=\"widget\" data-widget_type=\"text-editor.default\">\n\t\t\t\t<div class=\"elementor-widget-container\">\n\t\t\t\t\t\t\t\t\t<p>Baland\u017eio 22d. 18:00, renginio trukm\u0117 apie 2 val.<\/p><p><strong>Salonas \u201cJauk\u016bs Namai\u201d,\u00a0<a href=\"https:\/\/www.kimono.lt\/\">www.kimono.lt<\/a><\/strong><\/p><p>A.Juozapavi\u010diaus pr. 21 (\u017d.\u0160an\u010di\u0173 kareivin\u0117s), Kaunas (nemokama stov\u0117jimo aik\u0161tel\u0117 prie pat \u012f\u0117jimo).<\/p>\t\t\t\t\t\t\t\t<\/div>\n\t\t\t\t<\/div>\n\t\t\t\t<div class=\"elementor-element elementor-element-2a15919 elementor-widget-divider--view-line elementor-widget elementor-widget-divider\" data-id=\"2a15919\" data-element_type=\"widget\" data-e-type=\"widget\" data-widget_type=\"divider.default\">\n\t\t\t\t<div class=\"elementor-widget-container\">\n\t\t\t\t\t\t\t<div class=\"elementor-divider\">\n\t\t\t<span class=\"elementor-divider-separator\">\n\t\t\t\t\t\t<\/span>\n\t\t<\/div>\n\t\t\t\t\t\t<\/div>\n\t\t\t\t<\/div>\n\t\t\t\t<div class=\"elementor-element elementor-element-8105c66 elementor-widget-mobile__width-inherit styler-transform transform-type-translate elementor-widget elementor-widget-heading\" data-id=\"8105c66\" data-element_type=\"widget\" data-e-type=\"widget\" data-widget_type=\"heading.default\">\n\t\t\t\t<div class=\"elementor-widget-container\">\n\t\t\t\t\t<h4 class=\"elementor-heading-title elementor-size-default\">Kas \u012fdomaus:<\/h4>\t\t\t\t<\/div>\n\t\t\t\t<\/div>\n\t\t\t\t<div class=\"elementor-element elementor-element-5177ffd elementor-widget elementor-widget-spacer\" data-id=\"5177ffd\" data-element_type=\"widget\" data-e-type=\"widget\" data-widget_type=\"spacer.default\">\n\t\t\t\t<div class=\"elementor-widget-container\">\n\t\t\t\t\t\t\t<div class=\"elementor-spacer\">\n\t\t\t<div class=\"elementor-spacer-inner\"><\/div>\n\t\t<\/div>\n\t\t\t\t\t\t<\/div>\n\t\t\t\t<\/div>\n\t\t\t\t<div class=\"elementor-element elementor-element-3c29921 elementor-widget-mobile__width-inherit elementor-widget elementor-widget-text-editor\" data-id=\"3c29921\" data-element_type=\"widget\" data-e-type=\"widget\" data-widget_type=\"text-editor.default\">\n\t\t\t\t<div class=\"elementor-widget-container\">\n\t\t\t\t\t\t\t\t\t<p><strong>Liur<\/strong> parfumerijos k\u016brini\u0173 pilna <strong>degustacija<\/strong>. Su pasakojimais ne tik apie natas, bet ir apie molekules.<\/p><p>Ne tik visos kolekcijos pa\u017einimas, \u012fskaitant <strong>naujien\u0105<\/strong> \u2013<strong> bet ir dar nei\u0161leist\u0173 kvepal\u0173 testavimas!<\/strong> Atliksim parfumerijos evaluatoriaus darb\u0105!<\/p><p>Parfumerini\u0173 <strong>\u017ealiav\u0173<\/strong> degustacija \u2013 i\u0161 Liur laboratorijos, kai kurios labai retos, o kai kurios randamos beveik visuose kvepaluose. Viena molekul\u0117 \u2013 ir de\u0161imtys b\u016bd\u0173 kaip ja manipuliuojama \u017emon\u0117mis. \u00a0<\/p><p><strong data-start=\"1261\" data-end=\"1320\">Diskusijos ir profesional\u016bs, ai\u0161kiai pateikti atsakymai<\/strong> \u012f bet kok\u012f J\u016bs\u0173 parfumerin\u012f klausim\u0105: kaip atpa\u017einti kokybi\u0161kus kvepalus, ar ilgesnis i\u0161silaikymas i\u0161 ties\u0173 yra kokyb\u0117s \u017eenklas, k\u0105 daryti, kad kvapas laikyt\u0173si ilgiau, kaip kv\u0117pintis taisyklingai ir kod\u0117l kvepal\u0173 koncentracija da\u017enai n\u0117ra tokia svarbi, kaip \u012fprasta manyti. Arba \u2013 bet kas kita, k\u0105 tik sugalvosite. Net jei tai klausimas, kas nutikt\u0173 sumai\u0161ius tris dalis stemono su laktonais ir kedro mediena.<\/p><p data-start=\"1733\" data-end=\"1872\"><strong data-start=\"1733\" data-end=\"1766\">\u201eJauki\u0173 nam\u0173\u201c pasidid\u017eiavimas<\/strong> \u2013 \u0161vie\u017eio derliaus japoni\u0161ka arbata tiesiai i\u0161 priva\u010di\u0173 Japonijos \u016bki\u0173 ir tradiciniai, autenti\u0161ki japoni\u0161ki desertai.<\/p><p data-start=\"1874\" data-end=\"1932\">Parfumerij\u0105 vartosime dosniai, tod\u0117l ateikite nesikv\u0117pin\u0119.<\/p>\t\t\t\t\t\t\t\t<\/div>\n\t\t\t\t<\/div>\n\t\t\t\t<div class=\"elementor-element elementor-element-ea7dbfa elementor-widget elementor-widget-spacer\" data-id=\"ea7dbfa\" data-element_type=\"widget\" data-e-type=\"widget\" data-widget_type=\"spacer.default\">\n\t\t\t\t<div class=\"elementor-widget-container\">\n\t\t\t\t\t\t\t<div class=\"elementor-spacer\">\n\t\t\t<div class=\"elementor-spacer-inner\"><\/div>\n\t\t<\/div>\n\t\t\t\t\t\t<\/div>\n\t\t\t\t<\/div>\n\t\t\t\t<div class=\"elementor-element elementor-element-4386abb elementor-widget elementor-widget-spacer\" data-id=\"4386abb\" data-element_type=\"widget\" data-e-type=\"widget\" data-widget_type=\"spacer.default\">\n\t\t\t\t<div class=\"elementor-widget-container\">\n\t\t\t\t\t\t\t<div class=\"elementor-spacer\">\n\t\t\t<div class=\"elementor-spacer-inner\"><\/div>\n\t\t<\/div>\n\t\t\t\t\t\t<\/div>\n\t\t\t\t<\/div>\n\t\t\t\t<div class=\"elementor-element elementor-element-5fdea17 elementor-widget-mobile__width-inherit styler-transform transform-type-translate elementor-widget elementor-widget-heading\" data-id=\"5fdea17\" data-element_type=\"widget\" data-e-type=\"widget\" data-widget_type=\"heading.default\">\n\t\t\t\t<div class=\"elementor-widget-container\">\n\t\t\t\t\t<h4 class=\"elementor-heading-title elementor-size-default\">Jauk\u016bs Namai<\/h4>\t\t\t\t<\/div>\n\t\t\t\t<\/div>\n\t\t\t\t\t<\/div>\n\t\t\t\t<\/div>\n\t\t\t\t<section class=\"gap-default elementor-section elementor-top-section elementor-element elementor-element-dcfcae5 elementor-section-content-middle elementor-section-boxed elementor-section-height-default elementor-section-height-default\" data-id=\"dcfcae5\" data-element_type=\"section\" data-e-type=\"section\" data-settings=\"{&quot;background_background&quot;:&quot;classic&quot;}\">\n\t\t\t\t\t\t<div class=\"elementor-container elementor-column-gap-default\">\n\t\t\t\t\t<div class=\"elementor-column elementor-col-50 elementor-top-column elementor-element elementor-element-7c26ba5\" data-id=\"7c26ba5\" data-element_type=\"column\" data-e-type=\"column\">\n\t\t\t<div class=\"elementor-widget-wrap elementor-element-populated\">\n\t\t\t\t\t\t<div class=\"elementor-element elementor-element-86c060f styler-transform transform-type-translate elementor-widget elementor-widget-heading\" data-id=\"86c060f\" data-element_type=\"widget\" data-e-type=\"widget\" data-widget_type=\"heading.default\">\n\t\t\t\t<div class=\"elementor-widget-container\">\n\t\t\t\t\t<h2 class=\"elementor-heading-title elementor-size-default\">Jauk\u016bs Namai<\/h2>\t\t\t\t<\/div>\n\t\t\t\t<\/div>\n\t\t\t\t<div class=\"elementor-element elementor-element-364bd16 elementor-widget elementor-widget-text-editor\" data-id=\"364bd16\" data-element_type=\"widget\" data-e-type=\"widget\" data-widget_type=\"text-editor.default\">\n\t\t\t\t<div class=\"elementor-widget-container\">\n\t\t\t\t\t\t\t\t\t<p>\u0160eimos valdoma \u012fmon\u0117 veikianti jau nuo 1993 met\u0173.\u00a0<br \/>Kaunie\u010diams puikiai \u017einomas salonas garsus ne tik savo i\u0161skirtiniais gaminiais,\u00a0 autoriniu asortimentu, bet ir parodomis, knyg\u0173 pristatymais, renginiais ir, \u017einoma, savo meile Japonijos kult\u016brai<\/p>\t\t\t\t\t\t\t\t<\/div>\n\t\t\t\t<\/div>\n\t\t\t\t<div class=\"elementor-element elementor-element-36cb40c elementor-widget elementor-widget-button\" data-id=\"36cb40c\" data-element_type=\"widget\" data-e-type=\"widget\" data-widget_type=\"button.default\">\n\t\t\t\t<div class=\"elementor-widget-container\">\n\t\t\t\t\t\t\t\t\t<div class=\"elementor-button-wrapper\">\n\t\t\t\t\t<a class=\"elementor-button elementor-button-link elementor-size-sm\" href=\"#\">\n\t\t\t\t\t\t<span class=\"elementor-button-content-wrapper\">\n\t\t\t\t\t\t\t\t\t<span class=\"elementor-button-text\">Daugiau<\/span>\n\t\t\t\t\t<\/span>\n\t\t\t\t\t<\/a>\n\t\t\t\t<\/div>\n\t\t\t\t\t\t\t\t<\/div>\n\t\t\t\t<\/div>\n\t\t\t\t\t<\/div>\n\t\t<\/div>\n\t\t\t\t<div class=\"elementor-column elementor-col-50 elementor-top-column elementor-element elementor-element-d53ddb3\" data-id=\"d53ddb3\" data-element_type=\"column\" data-e-type=\"column\">\n\t\t\t<div class=\"elementor-widget-wrap elementor-element-populated\">\n\t\t\t\t\t\t<div class=\"elementor-element elementor-element-397cb82 elementor-widget elementor-widget-image\" data-id=\"397cb82\" data-element_type=\"widget\" data-e-type=\"widget\" data-widget_type=\"image.default\">\n\t\t\t\t<div class=\"elementor-widget-container\">\n\t\t\t\t\t\t\t\t\t\t\t\t\t\t\t<img fetchpriority=\"high\" decoding=\"async\" width=\"800\" height=\"800\" src=\"https:\/\/www.liurparfum.com\/wp-content\/uploads\/2024\/03\/IMG_0220.jpg\" class=\"attachment-large size-large wp-image-14606\" alt=\"\" srcset=\"https:\/\/www.liurparfum.com\/wp-content\/uploads\/2024\/03\/IMG_0220.jpg 800w, https:\/\/www.liurparfum.com\/wp-content\/uploads\/2024\/03\/IMG_0220-300x300.jpg 300w, https:\/\/www.liurparfum.com\/wp-content\/uploads\/2024\/03\/IMG_0220-100x100.jpg 100w, https:\/\/www.liurparfum.com\/wp-content\/uploads\/2024\/03\/IMG_0220-600x600.jpg 600w, https:\/\/www.liurparfum.com\/wp-content\/uploads\/2024\/03\/IMG_0220-12x12.jpg 12w, https:\/\/www.liurparfum.com\/wp-content\/uploads\/2024\/03\/IMG_0220-200x200.jpg 200w, https:\/\/www.liurparfum.com\/wp-content\/uploads\/2024\/03\/IMG_0220-145x145.jpg 145w, https:\/\/www.liurparfum.com\/wp-content\/uploads\/2024\/03\/IMG_0220-50x50.jpg 50w\" sizes=\"(max-width: 800px) 100vw, 800px\" \/>\t\t\t\t\t\t\t\t\t\t\t\t\t\t\t<\/div>\n\t\t\t\t<\/div>\n\t\t\t\t\t<\/div>\n\t\t<\/div>\n\t\t\t\t\t<\/div>\n\t\t<\/section>\n\t\t\t\t<section class=\"gap-default elementor-section elementor-top-section elementor-element elementor-element-46fb0349 elementor-section-content-middle elementor-section-boxed elementor-section-height-default elementor-section-height-default\" data-id=\"46fb0349\" data-element_type=\"section\" data-e-type=\"section\" data-settings=\"{&quot;background_background&quot;:&quot;classic&quot;}\">\n\t\t\t\t\t\t<div class=\"elementor-container elementor-column-gap-default\">\n\t\t\t\t\t<div class=\"elementor-column elementor-col-50 elementor-top-column elementor-element elementor-element-624f6f5d\" data-id=\"624f6f5d\" data-element_type=\"column\" data-e-type=\"column\">\n\t\t\t<div class=\"elementor-widget-wrap elementor-element-populated\">\n\t\t\t\t\t\t<div class=\"elementor-element elementor-element-4307789b elementor-widget elementor-widget-image\" data-id=\"4307789b\" data-element_type=\"widget\" data-e-type=\"widget\" data-widget_type=\"image.default\">\n\t\t\t\t<div class=\"elementor-widget-container\">\n\t\t\t\t\t\t\t\t\t\t\t\t\t\t\t<img decoding=\"async\" width=\"800\" height=\"800\" src=\"https:\/\/www.liurparfum.com\/wp-content\/uploads\/2026\/03\/DSC09943.jpg\" class=\"attachment-large size-large wp-image-14340\" alt=\"\" srcset=\"https:\/\/www.liurparfum.com\/wp-content\/uploads\/2026\/03\/DSC09943.jpg 800w, https:\/\/www.liurparfum.com\/wp-content\/uploads\/2026\/03\/DSC09943-300x300.jpg 300w, https:\/\/www.liurparfum.com\/wp-content\/uploads\/2026\/03\/DSC09943-100x100.jpg 100w, https:\/\/www.liurparfum.com\/wp-content\/uploads\/2026\/03\/DSC09943-600x600.jpg 600w, https:\/\/www.liurparfum.com\/wp-content\/uploads\/2026\/03\/DSC09943-12x12.jpg 12w, https:\/\/www.liurparfum.com\/wp-content\/uploads\/2026\/03\/DSC09943-200x200.jpg 200w, https:\/\/www.liurparfum.com\/wp-content\/uploads\/2026\/03\/DSC09943-145x145.jpg 145w, https:\/\/www.liurparfum.com\/wp-content\/uploads\/2026\/03\/DSC09943-50x50.jpg 50w\" sizes=\"(max-width: 800px) 100vw, 800px\" \/>\t\t\t\t\t\t\t\t\t\t\t\t\t\t\t<\/div>\n\t\t\t\t<\/div>\n\t\t\t\t\t<\/div>\n\t\t<\/div>\n\t\t\t\t<div class=\"elementor-column elementor-col-50 elementor-top-column elementor-element elementor-element-63b2e0f0\" data-id=\"63b2e0f0\" data-element_type=\"column\" data-e-type=\"column\">\n\t\t\t<div class=\"elementor-widget-wrap elementor-element-populated\">\n\t\t\t\t\t\t<div class=\"elementor-element elementor-element-65bc6509 styler-transform transform-type-translate elementor-widget elementor-widget-heading\" data-id=\"65bc6509\" data-element_type=\"widget\" data-e-type=\"widget\" data-widget_type=\"heading.default\">\n\t\t\t\t<div class=\"elementor-widget-container\">\n\t\t\t\t\t<h2 class=\"elementor-heading-title elementor-size-default\">liur.<\/h2>\t\t\t\t<\/div>\n\t\t\t\t<\/div>\n\t\t\t\t<div class=\"elementor-element elementor-element-37fd6edd elementor-widget elementor-widget-text-editor\" data-id=\"37fd6edd\" data-element_type=\"widget\" data-e-type=\"widget\" data-widget_type=\"text-editor.default\">\n\t\t\t\t<div class=\"elementor-widget-container\">\n\t\t\t\t\t\t\t\t\t<p>tai nepriklausomos, modernios parfumerijos namai \u012fkurti Lietuvoje 2023, ilgus metus Did\u017eiojoje Britanijoje gyvenusios parfumer\u0117s.<\/p>\t\t\t\t\t\t\t\t<\/div>\n\t\t\t\t<\/div>\n\t\t\t\t<div class=\"elementor-element elementor-element-779702a0 elementor-widget elementor-widget-button\" data-id=\"779702a0\" data-element_type=\"widget\" data-e-type=\"widget\" data-widget_type=\"button.default\">\n\t\t\t\t<div class=\"elementor-widget-container\">\n\t\t\t\t\t\t\t\t\t<div class=\"elementor-button-wrapper\">\n\t\t\t\t\t<a class=\"elementor-button elementor-button-link elementor-size-sm\" href=\"\/lt\/about-liur-parfum\/\">\n\t\t\t\t\t\t<span class=\"elementor-button-content-wrapper\">\n\t\t\t\t\t\t\t\t\t<span class=\"elementor-button-text\">Apie liur.<\/span>\n\t\t\t\t\t<\/span>\n\t\t\t\t\t<\/a>\n\t\t\t\t<\/div>\n\t\t\t\t\t\t\t\t<\/div>\n\t\t\t\t<\/div>\n\t\t\t\t\t<\/div>\n\t\t<\/div>\n\t\t\t\t\t<\/div>\n\t\t<\/section>\n\t\t<div class=\"elementor-element elementor-element-96f5bdc e-flex e-con-boxed e-con e-parent\" data-id=\"96f5bdc\" data-element_type=\"container\" data-e-type=\"container\">\n\t\t\t\t\t<div class=\"e-con-inner\">\n\t\t\t\t<div class=\"elementor-element elementor-element-e098631 elementor-widget-mobile__width-inherit styler-transform transform-type-translate elementor-widget elementor-widget-heading\" data-id=\"e098631\" data-element_type=\"widget\" data-e-type=\"widget\" data-widget_type=\"heading.default\">\n\t\t\t\t<div class=\"elementor-widget-container\">\n\t\t\t\t\t<h4 class=\"elementor-heading-title elementor-size-default\">Informacija:<\/h4>\t\t\t\t<\/div>\n\t\t\t\t<\/div>\n\t\t\t\t<div class=\"elementor-element elementor-element-b62730b elementor-widget-mobile__width-inherit elementor-widget elementor-widget-text-editor\" data-id=\"b62730b\" data-element_type=\"widget\" data-e-type=\"widget\" data-widget_type=\"text-editor.default\">\n\t\t\t\t<div class=\"elementor-widget-container\">\n\t\t\t\t\t\t\t\t\t<p><strong>Viet\u0173 skai\u010dius labai ribotas.<\/strong><\/p><p><a href=\"https:\/\/www.facebook.com\/events\/981533230871312\">Facebook event \u010dia<\/a><\/p><p>Bilietai &#8211; tik i\u0161ankstiniai. Prie \u012f\u0117jimo bilietai nebus parduodami.<\/p><p>Pinigai u\u017e bilietus negr\u0105\u017einami ir nekei\u010diami.<br \/>Duomen\u0173 apsauga:<br \/>Vadaujam\u0117s LIUR.parfum duomen\u0173 apsaugos taisykl\u0117mis. J\u016bs\u0173 duomenys bus naudojami tik su renginiu susijusiai komunikacijai: biliet\u0173 atsiuntimui, klient\u0173 aptarnavimui.\u00a0<br \/>Apmok\u0117jimo metu reik\u0117s \u012fvesti savo vard\u0105\/pavard\u0119, adres\u0105, tel nr bei email. Vardo, pavard\u0117s bei adreso duomenys naudojami tik apmok\u0117jimo proceso patikrinimui d\u0117l atsiskaitymo saugumo.\u00a0<\/p>\t\t\t\t\t\t\t\t<\/div>\n\t\t\t\t<\/div>\n\t\t\t\t\t<\/div>\n\t\t\t\t<\/div>\n\t\t<div class=\"elementor-element elementor-element-89d298e e-flex e-con-boxed e-con e-parent\" data-id=\"89d298e\" data-element_type=\"container\" data-e-type=\"container\">\n\t\t\t\t\t<div class=\"e-con-inner\">\n\t\t\t\t\t<\/div>\n\t\t\t\t<\/div>\n\t\t\t\t<\/div>","protected":false},"excerpt":{"rendered":"<p>Dalyvio mokestis vienam asmeniui Baland\u017eio 22d. renginiui: <strong>Parfumerijos Vakaras Su LIUR ir Japoni\u0161k\u0173 Arbat\u0173 Skoniais.\u00a0<\/strong><\/p>\n<p>Rezervacija elektronin\u0117, patvirtinimas atsiun\u010diamas e pa\u0161tu. Viet\u0173 skai\u010dius ribotas.<\/p>","protected":false},"featured_media":14612,"comment_status":"open","ping_status":"closed","template":"","meta":[],"product_cat":[],"product_tag":[],"class_list":{"0":"post-7837","1":"product","2":"type-product","3":"status-publish","4":"has-post-thumbnail","7":"first","8":"outofstock","9":"virtual","10":"purchasable","11":"product-type-simple"},"_links":{"self":[{"href":"https:\/\/www.liurparfum.com\/lt\/wp-json\/wp\/v2\/product\/7837","targetHints":{"allow":["GET"]}}],"collection":[{"href":"https:\/\/www.liurparfum.com\/lt\/wp-json\/wp\/v2\/product"}],"about":[{"href":"https:\/\/www.liurparfum.com\/lt\/wp-json\/wp\/v2\/types\/product"}],"replies":[{"embeddable":true,"href":"https:\/\/www.liurparfum.com\/lt\/wp-json\/wp\/v2\/comments?post=7837"}],"version-history":[{"count":160,"href":"https:\/\/www.liurparfum.com\/lt\/wp-json\/wp\/v2\/product\/7837\/revisions"}],"predecessor-version":[{"id":14791,"href":"https:\/\/www.liurparfum.com\/lt\/wp-json\/wp\/v2\/product\/7837\/revisions\/14791"}],"wp:featuredmedia":[{"embeddable":true,"href":"https:\/\/www.liurparfum.com\/lt\/wp-json\/wp\/v2\/media\/14612"}],"wp:attachment":[{"href":"https:\/\/www.liurparfum.com\/lt\/wp-json\/wp\/v2\/media?parent=7837"}],"wp:term":[{"taxonomy":"product_cat","embeddable":true,"href":"https:\/\/www.liurparfum.com\/lt\/wp-json\/wp\/v2\/product_cat?post=7837"},{"taxonomy":"product_tag","embeddable":true,"href":"https:\/\/www.liurparfum.com\/lt\/wp-json\/wp\/v2\/product_tag?post=7837"}],"curies":[{"name":"wp","href":"https:\/\/api.w.org\/{rel}","templated":true}]}}