{"id":7206,"date":"2024-01-09T07:37:56","date_gmt":"2024-01-09T07:37:56","guid":{"rendered":"https:\/\/www.liurparfum.com\/?post_type=product&#038;p=7206"},"modified":"2026-04-16T10:53:50","modified_gmt":"2026-04-16T10:53:50","slug":"no-34-parfum","status":"publish","type":"product","link":"https:\/\/www.liurparfum.com\/lt\/shop\/no-34-parfum\/","title":{"rendered":"LIUR.34 edp"},"content":{"rendered":"<div data-elementor-type=\"wp-post\" data-elementor-id=\"7206\" class=\"elementor elementor-7206\" data-elementor-settings=\"{&quot;ha_cmc_init_switcher&quot;:&quot;no&quot;}\">\n\t\t\t\t<div class=\"elementor-element elementor-element-7de496a1 e-flex e-con-boxed e-con e-parent\" data-id=\"7de496a1\" data-element_type=\"container\" data-e-type=\"container\">\n\t\t\t\t\t<div class=\"e-con-inner\">\n\t\t<div class=\"elementor-element elementor-element-76682fdb e-con-full e-flex e-con e-child\" data-id=\"76682fdb\" data-element_type=\"container\" data-e-type=\"container\">\n\t\t<div class=\"elementor-element elementor-element-64329e8e e-con-full e-flex e-con e-child\" data-id=\"64329e8e\" data-element_type=\"container\" data-e-type=\"container\">\n\t\t\t\t<div class=\"elementor-element elementor-element-188b6502 elementor-widget elementor-widget-image\" data-id=\"188b6502\" data-element_type=\"widget\" data-e-type=\"widget\" data-widget_type=\"image.default\">\n\t\t\t\t<div class=\"elementor-widget-container\">\n\t\t\t\t\t\t\t\t\t\t\t\t\t\t\t<img fetchpriority=\"high\" decoding=\"async\" width=\"800\" height=\"800\" src=\"https:\/\/www.liurparfum.com\/wp-content\/uploads\/2024\/01\/3.jpg\" class=\"attachment-large size-large wp-image-7356\" alt=\"\" srcset=\"https:\/\/www.liurparfum.com\/wp-content\/uploads\/2024\/01\/3.jpg 800w, https:\/\/www.liurparfum.com\/wp-content\/uploads\/2024\/01\/3-300x300.jpg 300w, https:\/\/www.liurparfum.com\/wp-content\/uploads\/2024\/01\/3-100x100.jpg 100w, https:\/\/www.liurparfum.com\/wp-content\/uploads\/2024\/01\/3-600x600.jpg 600w, https:\/\/www.liurparfum.com\/wp-content\/uploads\/2024\/01\/3-200x200.jpg 200w, https:\/\/www.liurparfum.com\/wp-content\/uploads\/2024\/01\/3-145x145.jpg 145w, https:\/\/www.liurparfum.com\/wp-content\/uploads\/2024\/01\/3-50x50.jpg 50w\" sizes=\"(max-width: 800px) 100vw, 800px\" \/>\t\t\t\t\t\t\t\t\t\t\t\t\t\t\t<\/div>\n\t\t\t\t<\/div>\n\t\t\t\t<div class=\"elementor-element elementor-element-4de69d5a elementor-widget elementor-widget-image\" data-id=\"4de69d5a\" data-element_type=\"widget\" data-e-type=\"widget\" data-widget_type=\"image.default\">\n\t\t\t\t<div class=\"elementor-widget-container\">\n\t\t\t\t\t\t\t\t\t\t\t\t\t\t\t<img decoding=\"async\" width=\"800\" height=\"800\" src=\"https:\/\/www.liurparfum.com\/wp-content\/uploads\/2024\/01\/1.jpg\" class=\"attachment-large size-large wp-image-7354\" alt=\"\" srcset=\"https:\/\/www.liurparfum.com\/wp-content\/uploads\/2024\/01\/1.jpg 800w, https:\/\/www.liurparfum.com\/wp-content\/uploads\/2024\/01\/1-300x300.jpg 300w, https:\/\/www.liurparfum.com\/wp-content\/uploads\/2024\/01\/1-100x100.jpg 100w, https:\/\/www.liurparfum.com\/wp-content\/uploads\/2024\/01\/1-600x600.jpg 600w, https:\/\/www.liurparfum.com\/wp-content\/uploads\/2024\/01\/1-200x200.jpg 200w, https:\/\/www.liurparfum.com\/wp-content\/uploads\/2024\/01\/1-145x145.jpg 145w, https:\/\/www.liurparfum.com\/wp-content\/uploads\/2024\/01\/1-50x50.jpg 50w\" sizes=\"(max-width: 800px) 100vw, 800px\" \/>\t\t\t\t\t\t\t\t\t\t\t\t\t\t\t<\/div>\n\t\t\t\t<\/div>\n\t\t\t\t<\/div>\n\t\t<div class=\"elementor-element elementor-element-5f1caf40 e-con-full e-flex e-con e-child\" data-id=\"5f1caf40\" data-element_type=\"container\" data-e-type=\"container\">\n\t\t\t\t<div class=\"elementor-element elementor-element-3c9cac4a elementor-widget elementor-widget-image\" data-id=\"3c9cac4a\" data-element_type=\"widget\" data-e-type=\"widget\" data-widget_type=\"image.default\">\n\t\t\t\t<div class=\"elementor-widget-container\">\n\t\t\t\t\t\t\t\t\t\t\t\t\t\t\t<img decoding=\"async\" width=\"800\" height=\"800\" src=\"https:\/\/www.liurparfum.com\/wp-content\/uploads\/2024\/01\/2.jpg\" class=\"attachment-large size-large wp-image-7355\" alt=\"\" srcset=\"https:\/\/www.liurparfum.com\/wp-content\/uploads\/2024\/01\/2.jpg 800w, https:\/\/www.liurparfum.com\/wp-content\/uploads\/2024\/01\/2-300x300.jpg 300w, https:\/\/www.liurparfum.com\/wp-content\/uploads\/2024\/01\/2-100x100.jpg 100w, https:\/\/www.liurparfum.com\/wp-content\/uploads\/2024\/01\/2-600x600.jpg 600w, https:\/\/www.liurparfum.com\/wp-content\/uploads\/2024\/01\/2-200x200.jpg 200w, https:\/\/www.liurparfum.com\/wp-content\/uploads\/2024\/01\/2-145x145.jpg 145w, https:\/\/www.liurparfum.com\/wp-content\/uploads\/2024\/01\/2-50x50.jpg 50w\" sizes=\"(max-width: 800px) 100vw, 800px\" \/>\t\t\t\t\t\t\t\t\t\t\t\t\t\t\t<\/div>\n\t\t\t\t<\/div>\n\t\t\t\t<div class=\"elementor-element elementor-element-74f6a8ba elementor-widget elementor-widget-image\" data-id=\"74f6a8ba\" data-element_type=\"widget\" data-e-type=\"widget\" data-widget_type=\"image.default\">\n\t\t\t\t<div class=\"elementor-widget-container\">\n\t\t\t\t\t\t\t\t\t\t\t\t\t\t\t<img loading=\"lazy\" decoding=\"async\" width=\"300\" height=\"300\" src=\"https:\/\/www.liurparfum.com\/wp-content\/uploads\/2024\/01\/liur-34-product-pictures-1-300x300.jpg\" class=\"attachment-medium size-medium wp-image-8198\" alt=\"Liur 34 mandarin\" srcset=\"https:\/\/www.liurparfum.com\/wp-content\/uploads\/2024\/01\/liur-34-product-pictures-1-300x300.jpg 300w, https:\/\/www.liurparfum.com\/wp-content\/uploads\/2024\/01\/liur-34-product-pictures-1-100x100.jpg 100w, https:\/\/www.liurparfum.com\/wp-content\/uploads\/2024\/01\/liur-34-product-pictures-1-600x600.jpg 600w, https:\/\/www.liurparfum.com\/wp-content\/uploads\/2024\/01\/liur-34-product-pictures-1-200x200.jpg 200w, https:\/\/www.liurparfum.com\/wp-content\/uploads\/2024\/01\/liur-34-product-pictures-1-145x145.jpg 145w, https:\/\/www.liurparfum.com\/wp-content\/uploads\/2024\/01\/liur-34-product-pictures-1-50x50.jpg 50w, https:\/\/www.liurparfum.com\/wp-content\/uploads\/2024\/01\/liur-34-product-pictures-1.jpg 800w\" sizes=\"(max-width: 300px) 100vw, 300px\" \/>\t\t\t\t\t\t\t\t\t\t\t\t\t\t\t<\/div>\n\t\t\t\t<\/div>\n\t\t\t\t<\/div>\n\t\t\t\t<\/div>\n\t\t<div class=\"elementor-element elementor-element-1d997a33 e-con-full e-flex e-con e-child\" data-id=\"1d997a33\" data-element_type=\"container\" data-e-type=\"container\">\n\t\t\t\t<div class=\"elementor-element elementor-element-39290ecb styler-transform transform-type-translate elementor-widget elementor-widget-heading\" data-id=\"39290ecb\" data-element_type=\"widget\" data-e-type=\"widget\" data-widget_type=\"heading.default\">\n\t\t\t\t<div class=\"elementor-widget-container\">\n\t\t\t\t\t<h3 class=\"elementor-heading-title elementor-size-default\">LIUR.34<\/h3>\t\t\t\t<\/div>\n\t\t\t\t<\/div>\n\t\t\t\t<div class=\"elementor-element elementor-element-56e42f38 elementor-widget elementor-widget-text-editor\" data-id=\"56e42f38\" data-element_type=\"widget\" data-e-type=\"widget\" data-widget_type=\"text-editor.default\">\n\t\t\t\t<div class=\"elementor-widget-container\">\n\t\t\t\t\t\t\t\t\t<p style=\"text-align: left;\"><strong>LIUR 34<\/strong> - kvepalai apie emocijas. K\u016brybos instrukta\u017ee parfumerei apibr\u0117\u017etas kaip: a\u0161tru \u2013 gaivu, lengva \u2013 sunku.<\/p><p>Verda pyktis, nesupratimas, a\u0161trumas, kontuzija, tiesiog siau\u010dia audra. Bet giliai \u012fkv\u0117pus viskas pradeda rimti\u2026 Prisipildo jau ramios j\u016bros gaiva ir lengvas bang\u0173 o\u0161imas, \u0161velnus v\u0117jas. Chaosas dingsta. Viskas tiesiog nutyla\u2026 Tu atsipalaiduoji ir pradedi jaustis u\u017etikrintai, tvirtai jausti \u017eem\u0119 sau po kojomis.<\/p><p style=\"text-align: left;\"><strong>34<\/strong> prasideda pipir\u0173 pli\u016bpsniu, kuris tarsi u\u017efiksuoja intensyvias emocijas. Tai tarsi poj\u016b\u010di\u0173 griaustinis i\u0161 giedro dangaus atskleid\u017eiantis vidinius konfliktus savyje.<\/p><p style=\"text-align: left;\">Kvapui atsiskleid\u017eiant \u2013 pajusite jau nurimusios j\u016bros gaiv\u0105 su \u0161vie\u017eio v\u0117jo g\u016bsiais. Aplanko ramyb\u0117 lyg sklandus per\u0117jimas \u012f tyl\u0105 po audros.<\/p><p style=\"text-align: left;\">Tarp reprezentuojamo chaoso ir ramyb\u0117s \u2013 atsiveria ir \u017ealiojo mandarino dvelksmas \u2013 tarsi ramiai gertum\u0117t gaiv\u0173 g\u0117rim\u0105 ant j\u016bros kranto. Tai priminimas, jog tarp vis\u0173 j\u016bs\u0173 audr\u0173 visuomet yra ramyb\u0117s akimirka, kuri\u0105 tiesiog reikia atrasti. \u00a0<\/p><p style=\"text-align: left;\">Kompozicija u\u017ebaigiama \u0161lapios, j\u016broje prat\u016bnojusios medienos kvapu, simbolizuojan\u010diu tvirtyb\u0119.<br \/><br \/>Sukurta: 2023<br \/>I\u0161leista: 2024<\/p>\t\t\t\t\t\t\t\t<\/div>\n\t\t\t\t<\/div>\n\t\t\t\t<\/div>\n\t\t\t\t\t<\/div>\n\t\t\t\t<\/div>\n\t\t<div class=\"elementor-element elementor-element-af07353 e-flex e-con-boxed e-con e-parent\" data-id=\"af07353\" data-element_type=\"container\" data-e-type=\"container\">\n\t\t\t\t\t<div class=\"e-con-inner\">\n\t\t<div class=\"elementor-element elementor-element-53d78be e-con-full e-flex e-con e-child\" data-id=\"53d78be\" data-element_type=\"container\" data-e-type=\"container\">\n\t\t<div class=\"elementor-element elementor-element-e031997 e-flex e-con-boxed e-con e-child\" data-id=\"e031997\" data-element_type=\"container\" data-e-type=\"container\">\n\t\t\t\t\t<div class=\"e-con-inner\">\n\t\t\t\t<div class=\"elementor-element elementor-element-cfcb1d4 elementor-widget elementor-widget-ideapark-accordion\" data-id=\"cfcb1d4\" data-element_type=\"widget\" data-e-type=\"widget\" data-widget_type=\"ideapark-accordion.default\">\n\t\t\t\t<div class=\"elementor-widget-container\">\n\t\t\t\t\t\t\t<div class=\"c-ip-accordion\">\n\t\t\t<div class=\"c-ip-accordion__wrap\">\n\t\t\t\t<div class=\"c-ip-accordion__list\">\n\t\t\t\t\t\t\t\t\t\t<div class=\"c-ip-accordion__item\">\n\t\t\t\t\t\t<a class=\"c-ip-accordion__link js-accordion-title\" href=\"\" onclick=\"return false;\"><div class=\"c-ip-accordion__header\">Olfaktorin\u0117s Natos<i class=\"ip-plus_big c-ip-accordion__arrow\"><\/i><\/div><\/a>\t\t\t\t\t\t<div class=\"c-ip-accordion__content entry-content\"><p>Pipirai, \u017eolel\u0117s, \u017ealiasis mandarinas, laimas, levanda, muskusas, benzoino derva, \u0105\u017euolo kerp\u0117s.<\/p><\/div>\t\t\t\t\t<\/div>\n\t\t\t\t\t\t\t\t\t\t<div class=\"c-ip-accordion__item\">\n\t\t\t\t\t\t<a class=\"c-ip-accordion__link js-accordion-title\" href=\"\" onclick=\"return false;\"><div class=\"c-ip-accordion__header\">Olfaktorin\u0117 \u0161eima<i class=\"ip-plus_big c-ip-accordion__arrow\"><\/i><\/div><\/a>\t\t\t\t\t\t<div class=\"c-ip-accordion__content entry-content\"><p>\u017doleli\u0173, gaivus prieskoninis, citrusinis, medienos.<\/p><\/div>\t\t\t\t\t<\/div>\n\t\t\t\t\t\t\t\t\t\t<div class=\"c-ip-accordion__item\">\n\t\t\t\t\t\t<a class=\"c-ip-accordion__link js-accordion-title\" href=\"\" onclick=\"return false;\"><div class=\"c-ip-accordion__header\">Sud\u0117tis<i class=\"ip-plus_big c-ip-accordion__arrow\"><\/i><\/div><\/a>\t\t\t\t\t\t<div class=\"c-ip-accordion__content entry-content\"><p>Alcohol denat., parfum (fragrance), benzyl alcohol, d-Limonene, Alpha-Terpinene, Terpinolene, Eugenol, Oak Moss<\/p><\/div>\t\t\t\t\t<\/div>\n\t\t\t\t\t\t\t\t\t<\/div>\n\t\t\t<\/div>\n\t\t<\/div>\n\t\t\t\t\t\t<\/div>\n\t\t\t\t<\/div>\n\t\t\t\t\t<\/div>\n\t\t\t\t<\/div>\n\t\t\t\t<div class=\"elementor-element elementor-element-a6c2f4c elementor-widget elementor-widget-image\" data-id=\"a6c2f4c\" data-element_type=\"widget\" data-e-type=\"widget\" data-widget_type=\"image.default\">\n\t\t\t\t<div class=\"elementor-widget-container\">\n\t\t\t\t\t\t\t\t\t\t\t\t\t\t\t<img loading=\"lazy\" decoding=\"async\" width=\"1080\" height=\"1080\" src=\"https:\/\/www.liurparfum.com\/wp-content\/uploads\/2024\/01\/liur-34.jpg\" class=\"attachment-full size-full wp-image-8148\" alt=\"Liur 34 perfume\" srcset=\"https:\/\/www.liurparfum.com\/wp-content\/uploads\/2024\/01\/liur-34.jpg 1080w, https:\/\/www.liurparfum.com\/wp-content\/uploads\/2024\/01\/liur-34-300x300.jpg 300w, https:\/\/www.liurparfum.com\/wp-content\/uploads\/2024\/01\/liur-34-960x960.jpg 960w, https:\/\/www.liurparfum.com\/wp-content\/uploads\/2024\/01\/liur-34-100x100.jpg 100w, https:\/\/www.liurparfum.com\/wp-content\/uploads\/2024\/01\/liur-34-600x600.jpg 600w, https:\/\/www.liurparfum.com\/wp-content\/uploads\/2024\/01\/liur-34-200x200.jpg 200w, https:\/\/www.liurparfum.com\/wp-content\/uploads\/2024\/01\/liur-34-145x145.jpg 145w, https:\/\/www.liurparfum.com\/wp-content\/uploads\/2024\/01\/liur-34-50x50.jpg 50w\" sizes=\"(max-width: 1080px) 100vw, 1080px\" \/>\t\t\t\t\t\t\t\t\t\t\t\t\t\t\t<\/div>\n\t\t\t\t<\/div>\n\t\t\t\t<\/div>\n\t\t<div class=\"elementor-element elementor-element-08b2983 e-con-full e-flex e-con e-child\" data-id=\"08b2983\" data-element_type=\"container\" data-e-type=\"container\">\n\t\t\t\t<div class=\"elementor-element elementor-element-7bd403a elementor-widget elementor-widget-text-editor\" data-id=\"7bd403a\" data-element_type=\"widget\" data-e-type=\"widget\" data-widget_type=\"text-editor.default\">\n\t\t\t\t<div class=\"elementor-widget-container\">\n\t\t\t\t\t\t\t\t\t<h6 style=\"text-align: left;\"><span style=\"color: #000000;\"><strong>Kod\u0117l 34?<\/strong><\/span><\/h6><p style=\"text-align: left;\" class=\"translation-block\"><span style=\"color: #000000\">M\u016bs\u0173 kvepal\u0173, dabar \u017einom\u0173 tiesiog kaip <strong>LIUR.34<\/strong>, u\u017ekulisin\u0117 istorija yra tokia pat intriguojanti kaip ir pats kvapas bei jo id\u0117ja. I\u0161 prad\u017ei\u0173 pristatyti priva\u010diame LIUR kvepal\u0173 renginyje (Gruodis, 2023) laboratoriniu pavadinimu \u201eP Test 34\u201c, jie greitai u\u017ekariavo dalyvi\u0173 \u0161irdis (bei nosis) ir suk\u0117l\u0117 daug klausim\u0173 d\u0117l galimos i\u0161leidimo datos...<\/p><p style=\"text-align: left;\"><span style=\"color: #000000;\">Atsi\u017evelgdami \u012f entuziastingus atsiliepimus, pri\u0117m\u0117me nat\u016bral\u0173 \u0161io kvapo tapatyb\u0117s vystym\u0105si ir pavadinome j\u012f tiesiog taip, kaip visi vadino renginio metu \u2013 \u201e34\u201c.<\/span><\/p><p style=\"text-align: left;\"><span style=\"color: #000000;\">Nor\u0117dami dar labiau \u012fsitraukti \u012f glaud\u0173 bendravim\u0105 su jumis, 2024 met\u0173 saus\u012f prad\u0117jome unikali\u0105 socialin\u0117s medijos kampanij\u0105, kviesdami b\u016btent jus aktyviai prisid\u0117ti prie kvepal\u0173 vizualinio \u012fvaizd\u017eio bei flakono dizaino k\u016brimo.<\/span><\/p><p style=\"text-align: left;\"><span style=\"color: #000000;\">Taigi, \u201eLIUR.34\u201c esm\u0117 \u012fk\u016bnija harmoning\u0105 emocij\u0173, meistri\u0161kumo ir kolektyvin\u0117s vaizduot\u0117s sinergij\u0105.<\/span><\/p>\t\t\t\t\t\t\t\t<\/div>\n\t\t\t\t<\/div>\n\t\t\t\t<\/div>\n\t\t\t\t\t<\/div>\n\t\t\t\t<\/div>\n\t\t\t\t<\/div>","protected":false},"excerpt":{"rendered":"<p><strong>Kvapas: Pipirai | J\u016bra po audros | Mediena<\/strong><\/p>\n<p><strong>Olfaktorin\u0117s natos: <\/strong>Pipirai, \u017eolel\u0117s, \u017ealiasis mandarinas, laimas, levanda, muskusas, benzoino derva, \u0105\u017euolo kerp\u0117s.<\/p>","protected":false},"featured_media":11941,"comment_status":"open","ping_status":"closed","template":"","meta":[],"product_cat":[110,111],"product_tag":[],"class_list":{"0":"post-7206","1":"product","2":"type-product","3":"status-publish","4":"has-post-thumbnail","6":"product_cat-110","7":"product_cat-view-all-perfume-2","9":"first","10":"instock","11":"featured","12":"shipping-taxable","13":"purchasable","14":"product-type-variable"},"_links":{"self":[{"href":"https:\/\/www.liurparfum.com\/lt\/wp-json\/wp\/v2\/product\/7206","targetHints":{"allow":["GET"]}}],"collection":[{"href":"https:\/\/www.liurparfum.com\/lt\/wp-json\/wp\/v2\/product"}],"about":[{"href":"https:\/\/www.liurparfum.com\/lt\/wp-json\/wp\/v2\/types\/product"}],"replies":[{"embeddable":true,"href":"https:\/\/www.liurparfum.com\/lt\/wp-json\/wp\/v2\/comments?post=7206"}],"version-history":[{"count":362,"href":"https:\/\/www.liurparfum.com\/lt\/wp-json\/wp\/v2\/product\/7206\/revisions"}],"predecessor-version":[{"id":11410,"href":"https:\/\/www.liurparfum.com\/lt\/wp-json\/wp\/v2\/product\/7206\/revisions\/11410"}],"wp:featuredmedia":[{"embeddable":true,"href":"https:\/\/www.liurparfum.com\/lt\/wp-json\/wp\/v2\/media\/11941"}],"wp:attachment":[{"href":"https:\/\/www.liurparfum.com\/lt\/wp-json\/wp\/v2\/media?parent=7206"}],"wp:term":[{"taxonomy":"product_cat","embeddable":true,"href":"https:\/\/www.liurparfum.com\/lt\/wp-json\/wp\/v2\/product_cat?post=7206"},{"taxonomy":"product_tag","embeddable":true,"href":"https:\/\/www.liurparfum.com\/lt\/wp-json\/wp\/v2\/product_tag?post=7206"}],"curies":[{"name":"wp","href":"https:\/\/api.w.org\/{rel}","templated":true}]}}