{"id":6840,"date":"2023-10-29T16:43:38","date_gmt":"2023-10-29T16:43:38","guid":{"rendered":"https:\/\/www.liurparfum.com\/?post_type=product&#038;p=6840"},"modified":"2026-04-24T13:10:42","modified_gmt":"2026-04-24T13:10:42","slug":"3x2ml-discovery-set-create-your-own","status":"publish","type":"product","link":"https:\/\/www.liurparfum.com\/lt\/shop\/3x2ml-discovery-set-create-your-own\/","title":{"rendered":"3 x 2ml Atradim\u0173 Rinkinys \"Susikurk Savo\""},"content":{"rendered":"<p>\u0160is \u201eAtradim\u0173 Rinkinys\" sudarytas i\u0161 3 x 2 ml kvepal\u0173 buteliuk\u0173. Galite laisvai pasirinkti bet kuriuos 3 kvapus i\u0161 m\u016bs\u0173 #1 kolekcijos, \u012fskaitant LIUR.34 ir CREAMY AF aromatus.<\/p>\n<p><a href=\"\/lt\/shop\/brutal-elan-extrait\/\">BRUTAL ELAN<\/a> Extrait at 45% 2ML<\/p>\n<p><a href=\"\/lt\/shop\/gimme-a-second-eau-de-parfum-30ml\/\">GIMME A SECOND<\/a> Eau De Parfum 2ML<\/p>\n<p><a href=\"\/lt\/shop\/luxe-red\/\">LUXE RED<\/a> Extrait 2ML<\/p>\n<p><a href=\"\/lt\/shop\/modern-green-eau-perfume\/\">MODERN GREEN<\/a> Eau De Parfum 2ML<\/p>\n<p><a href=\"\/lt\/shop\/trendy-momzy-extrait-de-parfum\/\">TRENDY MOMZY<\/a> Extrait 2ML<\/p>\n<p><a href=\"\/lt\/shop\/classical-perfection-eau-de-parfum-30ml\/\">CLASSICAL PERFECTION<\/a> Eau De Parfum 2ML<\/p>\n<p><a href=\"\/lt\/shop\/get-me-right-eau-de-parfum\/\">GET ME RIGHT<\/a> Eau De Parfum 2 ML<\/p>\n<p><a href=\"\/lt\/shop\/dark-sweet-hour-extrait-de-parfum-30ml\/\">DARK SWEET HOUR<\/a> Extrait 2ML<\/p>\n<p><a href=\"\/lt\/shop\/catch-up-extrait-de-parfum-30ml\/\">CATCH UP<\/a> Extrait 2ML<\/p>\n<p><a href=\"\/lt\/shop\/no-34-parfum\/\">LIUR.34<\/a> Eau De Parfum 2ML<\/p>\n<p><a href=\"\/lt\/shop\/creamy-af-parfum\/\">CREAMY AF<\/a> Extrait 2ML<\/p>\n<p>Kiekvienos 2 ml miniati\u016bros u\u017eteks 25 \u2013 35 papur\u0161kimams. Nesvarbu ar ie\u0161kote savo i\u0161skirtinio kvapo ar tiesiog m\u0117gstate kvepal\u0173 \u012fvairov\u0119 \u2013 \u0161is atradim\u0173 rinkinys leis m\u0117gautis skirtingais aromatais savo ritmu.<\/p>\n<p>\u012esid\u0117kite juos \u012f rankin\u0119 ar kelionin\u012f krep\u0161\u012f ir leiskite kvapams lyd\u0117ti jus kasdien\u0117se kelion\u0117se, ypatingomis progomis ar bet kada, kai norisi la\u0161o elegancijos.<\/p>\n<p>&nbsp;<\/p>","protected":false},"excerpt":{"rendered":"<p>Trij\u0173 miniati\u016br\u0173 atradim\u0173 rinkinys, kuriame kvapus renkat\u0117s J\u016bs.<\/p>","protected":false},"featured_media":11952,"comment_status":"open","ping_status":"closed","template":"","meta":[],"product_cat":[110,112,31],"product_tag":[],"class_list":{"0":"post-6840","1":"product","2":"type-product","3":"status-publish","4":"has-post-thumbnail","6":"product_cat-110","7":"product_cat-creamy-af","8":"product_cat-discovery-sets","10":"first","11":"instock","12":"shipping-taxable","13":"purchasable","14":"product-type-variable"},"_links":{"self":[{"href":"https:\/\/www.liurparfum.com\/lt\/wp-json\/wp\/v2\/product\/6840","targetHints":{"allow":["GET"]}}],"collection":[{"href":"https:\/\/www.liurparfum.com\/lt\/wp-json\/wp\/v2\/product"}],"about":[{"href":"https:\/\/www.liurparfum.com\/lt\/wp-json\/wp\/v2\/types\/product"}],"replies":[{"embeddable":true,"href":"https:\/\/www.liurparfum.com\/lt\/wp-json\/wp\/v2\/comments?post=6840"}],"version-history":[{"count":11,"href":"https:\/\/www.liurparfum.com\/lt\/wp-json\/wp\/v2\/product\/6840\/revisions"}],"predecessor-version":[{"id":13021,"href":"https:\/\/www.liurparfum.com\/lt\/wp-json\/wp\/v2\/product\/6840\/revisions\/13021"}],"wp:featuredmedia":[{"embeddable":true,"href":"https:\/\/www.liurparfum.com\/lt\/wp-json\/wp\/v2\/media\/11952"}],"wp:attachment":[{"href":"https:\/\/www.liurparfum.com\/lt\/wp-json\/wp\/v2\/media?parent=6840"}],"wp:term":[{"taxonomy":"product_cat","embeddable":true,"href":"https:\/\/www.liurparfum.com\/lt\/wp-json\/wp\/v2\/product_cat?post=6840"},{"taxonomy":"product_tag","embeddable":true,"href":"https:\/\/www.liurparfum.com\/lt\/wp-json\/wp\/v2\/product_tag?post=6840"}],"curies":[{"name":"wp","href":"https:\/\/api.w.org\/{rel}","templated":true}]}}