{"id":6732,"date":"2023-10-05T11:19:59","date_gmt":"2023-10-05T11:19:59","guid":{"rendered":"https:\/\/www.liurparfum.com\/?post_type=product&#038;p=6732"},"modified":"2026-02-11T18:29:56","modified_gmt":"2026-02-11T18:29:56","slug":"giruile-eau-de-parfum","status":"publish","type":"product","link":"https:\/\/www.liurparfum.com\/lt\/shop\/giruile-eau-de-parfum\/","title":{"rendered":"GIRUILE Parfum"},"content":{"rendered":"<blockquote><p><strong>GIRUILE (sukurtas: 2023, i\u0161leistas: 2023)<\/strong><\/p><\/blockquote>\n<p>Leiskit\u0117s \u012f kvapni\u0105 kelion\u0119, kuri atskleid\u017eia subtilius \u201eGiruile\u201c sluoksnius \u2013 kompozicij\u0105, jungian\u010di\u0105 g\u0117li\u0173 elegancij\u0105, gaiv\u0173 energijos pli\u016bpsn\u012f, muskusin\u0119 \u0161ilum\u0105, \u0161veln\u0173 saldum\u0105 ir pikanti\u0161k\u0105 paslaptingum\u0105. \u0160i kvap\u0173 simfonija alsuoja giliomis emocijomis, kviesdama jus pasinerti \u012f akimirkas, kupinas trapumo, supratimo ir savirefleksijos.<\/p>\n<p style=\"font-weight: 400;\">Vir\u0161utin\u0117s natos \u2013 pelargonija, muskusas ir bergamot\u0117 \u2013 harmoningai susilieja \u012f gaiv\u0173 ir energing\u0105 \u0161ok\u012f, primenant\u012f pokalb\u012f, prasidedant\u012f gyvybingu energijos pli\u016bpsniu. Kvapo \u0161irdis pra\u017eysta mimozos, ka\u0161myro ir bulgari\u0161kos ro\u017e\u0117s darna...<\/p>\n<p style=\"font-weight: 400;\">Pagrindin\u0117s natos atsiskleid\u017eia, sujungdamos svaiginan\u010di\u0105 fantazinio gintaro \u0161ilum\u0105, \u0161veln\u0173 muskus\u0173 skambes\u012f ir tvirt\u0105 \u0105\u017euolo saman\u0173 pagrind\u0105.<\/p>\n<p><strong>Parfumer\u0117s \u017dodis:<\/strong><\/p>\n<p style=\"font-weight: 400;\">\u201eGiruile\u201c \u2013 tai portalas \u012f ramyb\u0117s ir grynos harmonijos pasaul\u012f. Tai pasaulio \u012fsik\u016bnijimas, kuriame vie\u0161patauja laisv\u0117 ir privatumas, o laukinis gamtos gro\u017eis \u0161velniai apgaubia jus savo gl\u0117byje. Kiekvienas \u0161io aromato la\u0161as primena nepa\u017eabotos gamtos gro\u017e\u012f ir harmonij\u0105 akimirkos, nepaliestos kasdienyb\u0117s triuk\u0161mo. \u0160i akimirka \u2013 tik j\u016bs\u0173, ramyb\u0117s oaz\u0117 gyvenimo chaose.<\/p>\n<p><strong>Sud\u0117tis: <\/strong>alcohol denat., parfum (fragrance), benzyl alcohol, geraniol, eugenol, oak moss, coumarin, linalool<\/p>","protected":false},"excerpt":{"rendered":"<p>Artisan Eau De Parfum fragrance<\/p>\n<p>Natos: Pelargonija, bergamot\u0117, mimoza, ka\u0161myras, bulgari\u0161ka ro\u017e\u0117, fantazinis gintaras, muskusas, \u0105\u017euolo samanos.<\/p>\n<p>&nbsp;<\/p>\n<p>&nbsp;<\/p>\n<p style=\"font-weight: 400;\">","protected":false},"featured_media":11943,"comment_status":"open","ping_status":"closed","template":"","meta":[],"product_cat":[20,111],"product_tag":[],"class_list":{"0":"post-6732","1":"product","2":"type-product","3":"status-publish","4":"has-post-thumbnail","6":"product_cat-1stparfum","7":"product_cat-view-all-perfume-2","9":"first","10":"outofstock","11":"shipping-taxable","12":"purchasable","13":"product-type-variable","14":"has-default-attributes"},"_links":{"self":[{"href":"https:\/\/www.liurparfum.com\/lt\/wp-json\/wp\/v2\/product\/6732","targetHints":{"allow":["GET"]}}],"collection":[{"href":"https:\/\/www.liurparfum.com\/lt\/wp-json\/wp\/v2\/product"}],"about":[{"href":"https:\/\/www.liurparfum.com\/lt\/wp-json\/wp\/v2\/types\/product"}],"replies":[{"embeddable":true,"href":"https:\/\/www.liurparfum.com\/lt\/wp-json\/wp\/v2\/comments?post=6732"}],"version-history":[{"count":10,"href":"https:\/\/www.liurparfum.com\/lt\/wp-json\/wp\/v2\/product\/6732\/revisions"}],"predecessor-version":[{"id":12098,"href":"https:\/\/www.liurparfum.com\/lt\/wp-json\/wp\/v2\/product\/6732\/revisions\/12098"}],"wp:featuredmedia":[{"embeddable":true,"href":"https:\/\/www.liurparfum.com\/lt\/wp-json\/wp\/v2\/media\/11943"}],"wp:attachment":[{"href":"https:\/\/www.liurparfum.com\/lt\/wp-json\/wp\/v2\/media?parent=6732"}],"wp:term":[{"taxonomy":"product_cat","embeddable":true,"href":"https:\/\/www.liurparfum.com\/lt\/wp-json\/wp\/v2\/product_cat?post=6732"},{"taxonomy":"product_tag","embeddable":true,"href":"https:\/\/www.liurparfum.com\/lt\/wp-json\/wp\/v2\/product_tag?post=6732"}],"curies":[{"name":"wp","href":"https:\/\/api.w.org\/{rel}","templated":true}]}}