{"id":6210,"date":"2023-06-14T12:39:27","date_gmt":"2023-06-14T12:39:27","guid":{"rendered":"https:\/\/www.liurparfum.com\/?post_type=product&#038;p=6210"},"modified":"2026-04-24T13:11:33","modified_gmt":"2026-04-24T13:11:33","slug":"discovery-set-create-your-own","status":"publish","type":"product","link":"https:\/\/www.liurparfum.com\/lt\/shop\/discovery-set-create-your-own\/","title":{"rendered":"Atradim\u0173 Rinkinys SUSIKURK SAVO 6 x 2ml"},"content":{"rendered":"<div data-elementor-type=\"wp-post\" data-elementor-id=\"6210\" class=\"elementor elementor-6210\" data-elementor-settings=\"{&quot;ha_cmc_init_switcher&quot;:&quot;no&quot;}\">\n\t\t\t\t<div class=\"elementor-element elementor-element-7cb754ad e-flex e-con-boxed e-con e-parent\" data-id=\"7cb754ad\" data-element_type=\"container\" data-e-type=\"container\">\n\t\t\t\t\t<div class=\"e-con-inner\">\n\t\t<div class=\"elementor-element elementor-element-3cbab93f e-con-full e-flex e-con e-child\" data-id=\"3cbab93f\" data-element_type=\"container\" data-e-type=\"container\">\n\t\t\t\t<div class=\"elementor-element elementor-element-51b1ddde elementor-widget elementor-widget-image\" data-id=\"51b1ddde\" data-element_type=\"widget\" data-e-type=\"widget\" data-widget_type=\"image.default\">\n\t\t\t\t<div class=\"elementor-widget-container\">\n\t\t\t\t\t\t\t\t\t\t\t\t\t\t\t<img fetchpriority=\"high\" decoding=\"async\" width=\"800\" height=\"800\" src=\"https:\/\/www.liurparfum.com\/wp-content\/uploads\/2023\/06\/DSC00528.jpg\" class=\"attachment-large size-large wp-image-14259\" alt=\"\" srcset=\"https:\/\/www.liurparfum.com\/wp-content\/uploads\/2023\/06\/DSC00528.jpg 800w, https:\/\/www.liurparfum.com\/wp-content\/uploads\/2023\/06\/DSC00528-300x300.jpg 300w, https:\/\/www.liurparfum.com\/wp-content\/uploads\/2023\/06\/DSC00528-100x100.jpg 100w, https:\/\/www.liurparfum.com\/wp-content\/uploads\/2023\/06\/DSC00528-600x600.jpg 600w, https:\/\/www.liurparfum.com\/wp-content\/uploads\/2023\/06\/DSC00528-12x12.jpg 12w, https:\/\/www.liurparfum.com\/wp-content\/uploads\/2023\/06\/DSC00528-200x200.jpg 200w, https:\/\/www.liurparfum.com\/wp-content\/uploads\/2023\/06\/DSC00528-145x145.jpg 145w, https:\/\/www.liurparfum.com\/wp-content\/uploads\/2023\/06\/DSC00528-50x50.jpg 50w\" sizes=\"(max-width: 800px) 100vw, 800px\" \/>\t\t\t\t\t\t\t\t\t\t\t\t\t\t\t<\/div>\n\t\t\t\t<\/div>\n\t\t\t\t<\/div>\n\t\t<div class=\"elementor-element elementor-element-23e0534f e-con-full e-flex e-con e-child\" data-id=\"23e0534f\" data-element_type=\"container\" data-e-type=\"container\">\n\t\t\t\t<div class=\"elementor-element elementor-element-664cff27 styler-transform transform-type-translate elementor-widget elementor-widget-heading\" data-id=\"664cff27\" data-element_type=\"widget\" data-e-type=\"widget\" data-widget_type=\"heading.default\">\n\t\t\t\t<div class=\"elementor-widget-container\">\n\t\t\t\t\t<h2 class=\"elementor-heading-title elementor-size-default\">LIUR. Atradim\u0173 Rinkinys \"Susikurk Savo\"<\/h2>\t\t\t\t<\/div>\n\t\t\t\t<\/div>\n\t\t\t\t<div class=\"elementor-element elementor-element-6dd3395d elementor-widget elementor-widget-spacer\" data-id=\"6dd3395d\" data-element_type=\"widget\" data-e-type=\"widget\" data-widget_type=\"spacer.default\">\n\t\t\t\t<div class=\"elementor-widget-container\">\n\t\t\t\t\t\t\t<div class=\"elementor-spacer\">\n\t\t\t<div class=\"elementor-spacer-inner\"><\/div>\n\t\t<\/div>\n\t\t\t\t\t\t<\/div>\n\t\t\t\t<\/div>\n\t\t\t\t<div class=\"elementor-element elementor-element-36bb9319 elementor-widget elementor-widget-text-editor\" data-id=\"36bb9319\" data-element_type=\"widget\" data-e-type=\"widget\" data-widget_type=\"text-editor.default\">\n\t\t\t\t<div class=\"elementor-widget-container\">\n\t\t\t\t\t\t\t\t\t<h6 class=\"translation-block\">\u0160\u012f LIUR kvepal\u0173 <strong>Atradim\u0173 Rinkin\u012f<\/strong> sudaro 6 kvapai, pateikti 2ml miniati\u016brose + <u>35 EUR Dovan\u0173 \u010cekis<\/u> i\u0161sirinktam 30ml kvepal\u0173 buteliukui.<\/h6><p>Puikiai tinka tiems, kurie nori i\u0161bandyti kelis kvapus prie\u0161 apsispr\u0119sdami kur\u012f pilno dyd\u017eio kvepal\u0173 buteliuk\u0105 \u012fsigyti.<\/p><p>Tobulo kvapo pasirinkimas \u2013 tai unikali, asmeni\u0161ka kelion\u0117, kupina \u012fkv\u0117pimo. \u0160is i\u0161skirtinis rinkinys kvie\u010dia jus leistis \u012f LIUR. aromat\u0173 pasaulio atradim\u0105 lengvai ir maloniai, atveriant duris \u012f naujas patirtis ir emocijas.<\/p><p>M\u0117gaukit\u0117s kvepal\u0173 rinkiniais i\u0161 l\u0117to. Juose kiekvienas aromatas atskleid\u017eia emocij\u0105 \u2013 kupin\u0105 elegancijos, \u017eavesio ir autenti\u0161kumo.<\/p><p>Atraskite savo favoritus \u2013 o j\u016bs\u0173 pasirinkimas atspind\u0117s giliausius j\u016bs\u0173 tro\u0161kimus.<\/p><p class=\"translation-block\">Tavo <strong>35 EUR<\/strong> dovan\u0173 \u010dekis kvepalams bus siuntos viduje - ideali dovana!<\/p><p><em>Pasi\u016blymas galioja tik liurparfum.com<\/em><\/p>\t\t\t\t\t\t\t\t<\/div>\n\t\t\t\t<\/div>\n\t\t\t\t<\/div>\n\t\t\t\t\t<\/div>\n\t\t\t\t<\/div>\n\t\t<div class=\"elementor-element elementor-element-51962169 e-flex e-con-boxed e-con e-parent\" data-id=\"51962169\" data-element_type=\"container\" data-e-type=\"container\">\n\t\t\t\t\t<div class=\"e-con-inner\">\n\t\t\t\t<div class=\"elementor-element elementor-element-341e380b elementor-widget-divider--view-line elementor-widget elementor-widget-divider\" data-id=\"341e380b\" data-element_type=\"widget\" data-e-type=\"widget\" data-widget_type=\"divider.default\">\n\t\t\t\t<div class=\"elementor-widget-container\">\n\t\t\t\t\t\t\t<div class=\"elementor-divider\">\n\t\t\t<span class=\"elementor-divider-separator\">\n\t\t\t\t\t\t<\/span>\n\t\t<\/div>\n\t\t\t\t\t\t<\/div>\n\t\t\t\t<\/div>\n\t\t\t\t<div class=\"elementor-element elementor-element-53b62a19 styler-transform transform-type-translate elementor-widget elementor-widget-heading\" data-id=\"53b62a19\" data-element_type=\"widget\" data-e-type=\"widget\" data-widget_type=\"heading.default\">\n\t\t\t\t<div class=\"elementor-widget-container\">\n\t\t\t\t\t<h2 class=\"elementor-heading-title elementor-size-default\">Rinkis i\u0161:<\/h2>\t\t\t\t<\/div>\n\t\t\t\t<\/div>\n\t\t\t\t\t<\/div>\n\t\t\t\t<\/div>\n\t\t<div class=\"elementor-element elementor-element-3bde94dc e-grid e-con-boxed e-con e-parent\" data-id=\"3bde94dc\" data-element_type=\"container\" data-e-type=\"container\">\n\t\t\t\t\t<div class=\"e-con-inner\">\n\t\t\t\t<div class=\"elementor-element elementor-element-6cb6b360 elementor-widget elementor-widget-ideapark-accordion\" data-id=\"6cb6b360\" data-element_type=\"widget\" data-e-type=\"widget\" data-widget_type=\"ideapark-accordion.default\">\n\t\t\t\t<div class=\"elementor-widget-container\">\n\t\t\t\t\t\t\t<div class=\"c-ip-accordion\">\n\t\t\t<div class=\"c-ip-accordion__wrap\">\n\t\t\t\t<div class=\"c-ip-accordion__list\">\n\t\t\t\t\t\t\t\t\t\t<div class=\"c-ip-accordion__item\">\n\t\t\t\t\t\t<a class=\"c-ip-accordion__link js-accordion-title\" href=\"\" onclick=\"return false;\"><div class=\"c-ip-accordion__header\">Brutal Elan<i class=\"ip-plus_big c-ip-accordion__arrow\"><\/i><\/div><\/a>\t\t\t\t\t\t<div class=\"c-ip-accordion__content entry-content\"><p class=\"translation-block\"><strong>Kvepia kaip:<\/strong>laukin\u0117 energija, suvaldyti instinktai, adrenalino antpl\u016bdis<\/p><p><a href=\"\/lt\/shop\/brutal-elan-extrait\/\">Daugiau informacijos<\/a><\/p><\/div>\t\t\t\t\t<\/div>\n\t\t\t\t\t\t\t\t\t\t<div class=\"c-ip-accordion__item\">\n\t\t\t\t\t\t<a class=\"c-ip-accordion__link js-accordion-title\" href=\"\" onclick=\"return false;\"><div class=\"c-ip-accordion__header\">CATCH UP<i class=\"ip-plus_big c-ip-accordion__arrow\"><\/i><\/div><\/a>\t\t\t\t\t\t<div class=\"c-ip-accordion__content entry-content\"><p><strong>Kvepia kaip:<\/strong>Jaukus, \u0161iluma apgaubiantis vakaras prie \u017eidinio su artimaisiais...<\/p><p><a href=\"\/lt\/shop\/catch-up-extrait-de-parfum\/\">Daugiau informacijos<\/a><\/p><\/div>\t\t\t\t\t<\/div>\n\t\t\t\t\t\t\t\t\t\t<div class=\"c-ip-accordion__item\">\n\t\t\t\t\t\t<a class=\"c-ip-accordion__link js-accordion-title\" href=\"\" onclick=\"return false;\"><div class=\"c-ip-accordion__header\">DARK SWEET HOUR<i class=\"ip-plus_big c-ip-accordion__arrow\"><\/i><\/div><\/a>\t\t\t\t\t\t<div class=\"c-ip-accordion__content entry-content\"><p><strong>Kvepia kaip:\u00a0<\/strong>Kar\u0161to, juodo \u0161okolado puodelis su skrudintais rie\u0161utais po kojomis \u0161lamant rudenio lapams.<\/p><p><a href=\"\/lt\/shop\/dark-sweet-hour-extrait-de-parfum\/\">Daugiau informacijos<\/a><\/p><\/div>\t\t\t\t\t<\/div>\n\t\t\t\t\t\t\t\t\t\t<div class=\"c-ip-accordion__item\">\n\t\t\t\t\t\t<a class=\"c-ip-accordion__link js-accordion-title\" href=\"\" onclick=\"return false;\"><div class=\"c-ip-accordion__header\">GIMME A SECOND<i class=\"ip-plus_big c-ip-accordion__arrow\"><\/i><\/div><\/a>\t\t\t\t\t\t<div class=\"c-ip-accordion__content entry-content\"><p><strong>Kvepia kaip:\u00a0<\/strong>Melionas bei \u0161ampanas piet\u0173 Pranc\u016bzijoje kaitinant saulei.<\/p><p><a href=\"\/lt\/shop\/gimme-a-second-eau-de-parfum\/\">Daugiau informacijos<\/a><\/p><\/div>\t\t\t\t\t<\/div>\n\t\t\t\t\t\t\t\t\t\t<div class=\"c-ip-accordion__item\">\n\t\t\t\t\t\t<a class=\"c-ip-accordion__link js-accordion-title\" href=\"\" onclick=\"return false;\"><div class=\"c-ip-accordion__header\">LUXE RED<i class=\"ip-plus_big c-ip-accordion__arrow\"><\/i><\/div><\/a>\t\t\t\t\t\t<div class=\"c-ip-accordion__content entry-content\"><p><strong>Kvepia kaip: <\/strong>Raudon\u0173 vaisi\u0173 kokteilis, sodriai raudonai ap\u0161viestame kambaryje.<\/p><p><a href=\"\/lt\/shop\/luxe-red\/\">Daugiau informacijos<\/a><\/p><\/div>\t\t\t\t\t<\/div>\n\t\t\t\t\t\t\t\t\t\t<div class=\"c-ip-accordion__item\">\n\t\t\t\t\t\t<a class=\"c-ip-accordion__link js-accordion-title\" href=\"\" onclick=\"return false;\"><div class=\"c-ip-accordion__header\">MODERN GREEN<i class=\"ip-plus_big c-ip-accordion__arrow\"><\/i><\/div><\/a>\t\t\t\t\t\t<div class=\"c-ip-accordion__content entry-content\"><p><strong>Kvepia kaip: <\/strong>Sodrus \u0161lapias mi\u0161kas, rankomis sutrai\u0161kyti juod\u0173 serbent\u0173 lapai su figomis.<\/p><p><a href=\"\/lt\/shop\/modern-green-eau-perfume\/\">Daugiau informacijos<\/a><\/p><\/div>\t\t\t\t\t<\/div>\n\t\t\t\t\t\t\t\t\t<\/div>\n\t\t\t<\/div>\n\t\t<\/div>\n\t\t\t\t\t\t<\/div>\n\t\t\t\t<\/div>\n\t\t\t\t<div class=\"elementor-element elementor-element-753324fa elementor-widget elementor-widget-ideapark-accordion\" data-id=\"753324fa\" data-element_type=\"widget\" data-e-type=\"widget\" data-widget_type=\"ideapark-accordion.default\">\n\t\t\t\t<div class=\"elementor-widget-container\">\n\t\t\t\t\t\t\t<div class=\"c-ip-accordion\">\n\t\t\t<div class=\"c-ip-accordion__wrap\">\n\t\t\t\t<div class=\"c-ip-accordion__list\">\n\t\t\t\t\t\t\t\t\t\t<div class=\"c-ip-accordion__item\">\n\t\t\t\t\t\t<a class=\"c-ip-accordion__link js-accordion-title\" href=\"\" onclick=\"return false;\"><div class=\"c-ip-accordion__header\">LIUR.34<i class=\"ip-plus_big c-ip-accordion__arrow\"><\/i><\/div><\/a>\t\t\t\t\t\t<div class=\"c-ip-accordion__content entry-content\"><p><strong>Kvepia kaip:<\/strong> Pipirai | J\u016bra po audros | Mediena<\/p><p><a href=\"\/lt\/shop\/no-34-parfum\/\">Daugiau Informacijos<\/a><\/p><\/div>\t\t\t\t\t<\/div>\n\t\t\t\t\t\t\t\t\t\t<div class=\"c-ip-accordion__item\">\n\t\t\t\t\t\t<a class=\"c-ip-accordion__link js-accordion-title\" href=\"\" onclick=\"return false;\"><div class=\"c-ip-accordion__header\">CREAMY AF<i class=\"ip-plus_big c-ip-accordion__arrow\"><\/i><\/div><\/a>\t\t\t\t\t\t<div class=\"c-ip-accordion__content entry-content\"><p><strong>Kvepia kaip: <\/strong>Plaktos grietin\u0117l\u0117s desertas apibarstytas pistacijomis, su \u0161lakeliu bra\u0161ki\u0173 kremo.<\/p><p><a href=\"\/lt\/shop\/creamy-af-parfum\/\">Daugiau informacijos<\/a><\/p><\/div>\t\t\t\t\t<\/div>\n\t\t\t\t\t\t\t\t\t\t<div class=\"c-ip-accordion__item\">\n\t\t\t\t\t\t<a class=\"c-ip-accordion__link js-accordion-title\" href=\"\" onclick=\"return false;\"><div class=\"c-ip-accordion__header\">GET ME RIGHT<i class=\"ip-plus_big c-ip-accordion__arrow\"><\/i><\/div><\/a>\t\t\t\t\t\t<div class=\"c-ip-accordion__content entry-content\"><p><strong>Kvepia kaip: <\/strong>Subtiliai saldus, \u0161velniai a\u0161trus, pudrinis su medienos niuansais.<\/p><p><a href=\"\/lt\/shop\/get-me-right-eau-de-parfum\/\">Daugiau informacijos<\/a><\/p><\/div>\t\t\t\t\t<\/div>\n\t\t\t\t\t\t\t\t\t\t<div class=\"c-ip-accordion__item\">\n\t\t\t\t\t\t<a class=\"c-ip-accordion__link js-accordion-title\" href=\"\" onclick=\"return false;\"><div class=\"c-ip-accordion__header\">TRENDY MOMZY (OUT OF STOCK)<i class=\"ip-plus_big c-ip-accordion__arrow\"><\/i><\/div><\/a>\t\t\t\t\t\t<div class=\"c-ip-accordion__content entry-content\"><p><strong>Kvepia kaip:<\/strong>\u0160var\u016bs, subtil\u016bs bei sodr\u016bs, labai lengvai sald\u016bs liep\u0173 \u017eiedai su kriau\u0161e<\/p><p><a href=\"\/lt\/shop\/trendy-momzy-extrait-de-parfum\/\">Daugiau informacijos<\/a><\/p><\/div>\t\t\t\t\t<\/div>\n\t\t\t\t\t\t\t\t\t\t<div class=\"c-ip-accordion__item\">\n\t\t\t\t\t\t<a class=\"c-ip-accordion__link js-accordion-title\" href=\"\" onclick=\"return false;\"><div class=\"c-ip-accordion__header\">CLASSICAL PERFECTION<i class=\"ip-plus_big c-ip-accordion__arrow\"><\/i><\/div><\/a>\t\t\t\t\t\t<div class=\"c-ip-accordion__content entry-content\"><p><strong>Kvepia kaip:<\/strong>Prabangus vadovo kabinetas su odiniais baldais ir tvirtos medienos lentynomis pilnomis knyg\u0173.<\/p><p><a href=\"\/lt\/shop\/classical-perfection-eau-de-parfum\/\">Daugiau informacijos<\/a><\/p><\/div>\t\t\t\t\t<\/div>\n\t\t\t\t\t\t\t\t\t<\/div>\n\t\t\t<\/div>\n\t\t<\/div>\n\t\t\t\t\t\t<\/div>\n\t\t\t\t<\/div>\n\t\t\t\t\t<\/div>\n\t\t\t\t<\/div>\n\t\t<div class=\"elementor-element elementor-element-423ff4ba e-grid e-con-boxed e-con e-parent\" data-id=\"423ff4ba\" data-element_type=\"container\" data-e-type=\"container\">\n\t\t\t\t\t<div class=\"e-con-inner\">\n\t\t\t\t<div class=\"elementor-element elementor-element-f8d1675 styler-transform transform-type-translate elementor-widget elementor-widget-heading\" data-id=\"f8d1675\" data-element_type=\"widget\" data-e-type=\"widget\" data-widget_type=\"heading.default\">\n\t\t\t\t<div class=\"elementor-widget-container\">\n\t\t\t\t\t<h2 class=\"elementor-heading-title elementor-size-default\">Kaip tai veikia?<\/h2>\t\t\t\t<\/div>\n\t\t\t\t<\/div>\n\t\t\t\t\t<\/div>\n\t\t\t\t<\/div>\n\t\t<div class=\"elementor-element elementor-element-574138f1 e-grid e-con-boxed e-con e-parent\" data-id=\"574138f1\" data-element_type=\"container\" data-e-type=\"container\">\n\t\t\t\t\t<div class=\"e-con-inner\">\n\t\t\t\t<div class=\"elementor-element elementor-element-33efa84b elementor-widget elementor-widget-image\" data-id=\"33efa84b\" data-element_type=\"widget\" data-e-type=\"widget\" data-widget_type=\"image.default\">\n\t\t\t\t<div class=\"elementor-widget-container\">\n\t\t\t\t\t\t\t\t\t\t\t\t\t\t\t<img decoding=\"async\" width=\"600\" height=\"600\" src=\"https:\/\/www.liurparfum.com\/wp-content\/uploads\/2023\/06\/DSC00507-600x600.jpg\" class=\"attachment-medium_large size-medium_large wp-image-14260\" alt=\"\" srcset=\"https:\/\/www.liurparfum.com\/wp-content\/uploads\/2023\/06\/DSC00507-600x600.jpg 600w, https:\/\/www.liurparfum.com\/wp-content\/uploads\/2023\/06\/DSC00507-300x300.jpg 300w, https:\/\/www.liurparfum.com\/wp-content\/uploads\/2023\/06\/DSC00507-100x100.jpg 100w, https:\/\/www.liurparfum.com\/wp-content\/uploads\/2023\/06\/DSC00507-12x12.jpg 12w, https:\/\/www.liurparfum.com\/wp-content\/uploads\/2023\/06\/DSC00507-200x200.jpg 200w, https:\/\/www.liurparfum.com\/wp-content\/uploads\/2023\/06\/DSC00507-145x145.jpg 145w, https:\/\/www.liurparfum.com\/wp-content\/uploads\/2023\/06\/DSC00507-50x50.jpg 50w, https:\/\/www.liurparfum.com\/wp-content\/uploads\/2023\/06\/DSC00507.jpg 800w\" sizes=\"(max-width: 600px) 100vw, 600px\" \/>\t\t\t\t\t\t\t\t\t\t\t\t\t\t\t<\/div>\n\t\t\t\t<\/div>\n\t\t\t\t<div class=\"elementor-element elementor-element-7e5bac1f elementor-widget elementor-widget-text-editor\" data-id=\"7e5bac1f\" data-element_type=\"widget\" data-e-type=\"widget\" data-widget_type=\"text-editor.default\">\n\t\t\t\t<div class=\"elementor-widget-container\">\n\t\t\t\t\t\t\t\t\t<h4>1 \u017dingsnis:<\/h4><p class=\"translation-block\">\u012esigykite savo <strong>LIUR<\/strong> atradim\u0173 rinkin\u012f (galite pasirinkti vien\u0105 ir i\u0161 m\u016bs\u0173 sezono <a href=\"\/lt\/shop\/season-best-sellers-5-x-2ml-discovery-set\/\" target=\"_self\"><strong>populiariausi\u0173 kvap\u0173)<\/strong><\/a><\/p><p class=\"translation-block\">Tavo <strong>35 EUR<\/strong> dovan\u0173 kuponas bus tavo siuntos viduje ir galios 30 dien\u0173.<\/p>\t\t\t\t\t\t\t\t<\/div>\n\t\t\t\t<\/div>\n\t\t\t\t<div class=\"elementor-element elementor-element-1e8e816c elementor-widget elementor-widget-image\" data-id=\"1e8e816c\" data-element_type=\"widget\" data-e-type=\"widget\" data-widget_type=\"image.default\">\n\t\t\t\t<div class=\"elementor-widget-container\">\n\t\t\t\t\t\t\t\t\t\t\t\t\t\t\t<img decoding=\"async\" width=\"800\" height=\"800\" src=\"https:\/\/www.liurparfum.com\/wp-content\/uploads\/2023\/06\/DSC00536.jpg\" class=\"attachment-large size-large wp-image-14261\" alt=\"\" srcset=\"https:\/\/www.liurparfum.com\/wp-content\/uploads\/2023\/06\/DSC00536.jpg 800w, https:\/\/www.liurparfum.com\/wp-content\/uploads\/2023\/06\/DSC00536-300x300.jpg 300w, https:\/\/www.liurparfum.com\/wp-content\/uploads\/2023\/06\/DSC00536-100x100.jpg 100w, https:\/\/www.liurparfum.com\/wp-content\/uploads\/2023\/06\/DSC00536-600x600.jpg 600w, https:\/\/www.liurparfum.com\/wp-content\/uploads\/2023\/06\/DSC00536-12x12.jpg 12w, https:\/\/www.liurparfum.com\/wp-content\/uploads\/2023\/06\/DSC00536-200x200.jpg 200w, https:\/\/www.liurparfum.com\/wp-content\/uploads\/2023\/06\/DSC00536-145x145.jpg 145w, https:\/\/www.liurparfum.com\/wp-content\/uploads\/2023\/06\/DSC00536-50x50.jpg 50w\" sizes=\"(max-width: 800px) 100vw, 800px\" \/>\t\t\t\t\t\t\t\t\t\t\t\t\t\t\t<\/div>\n\t\t\t\t<\/div>\n\t\t\t\t<div class=\"elementor-element elementor-element-1b687414 elementor-widget elementor-widget-text-editor\" data-id=\"1b687414\" data-element_type=\"widget\" data-e-type=\"widget\" data-widget_type=\"text-editor.default\">\n\t\t\t\t<div class=\"elementor-widget-container\">\n\t\t\t\t\t\t\t\t\t<h4>2 \u017dingsnis:<\/h4><p class=\"translation-block\">Skirkite laiko ir leiskite sau pasinerti \u012f kiekvien\u0105 kvap\u0105 \u2013 neskub\u0117kite. Kiekviena 2 ml miniati\u016bra <strong>talpina 25-35 papur\u0161kimus<\/strong>.<\/p><p class=\"translation-block\">Atraskite <strong>T\u0104<\/strong>, kuris tarsi kalba su jumis, sukelia did\u017eiausi\u0105 d\u017eiaugsm\u0105 ir atspindi J\u016aS\u0172 emocijas buteliuke.<\/p>\t\t\t\t\t\t\t\t<\/div>\n\t\t\t\t<\/div>\n\t\t\t\t<div class=\"elementor-element elementor-element-7a1d3d57 elementor-widget elementor-widget-image\" data-id=\"7a1d3d57\" data-element_type=\"widget\" data-e-type=\"widget\" data-widget_type=\"image.default\">\n\t\t\t\t<div class=\"elementor-widget-container\">\n\t\t\t\t\t\t\t\t\t\t\t\t\t\t\t<img loading=\"lazy\" decoding=\"async\" width=\"600\" height=\"600\" src=\"https:\/\/www.liurparfum.com\/wp-content\/uploads\/2024\/11\/DSC00657-600x600.jpg\" class=\"attachment-medium_large size-medium_large wp-image-14271\" alt=\"\" srcset=\"https:\/\/www.liurparfum.com\/wp-content\/uploads\/2024\/11\/DSC00657-600x600.jpg 600w, https:\/\/www.liurparfum.com\/wp-content\/uploads\/2024\/11\/DSC00657-300x300.jpg 300w, https:\/\/www.liurparfum.com\/wp-content\/uploads\/2024\/11\/DSC00657-100x100.jpg 100w, https:\/\/www.liurparfum.com\/wp-content\/uploads\/2024\/11\/DSC00657-12x12.jpg 12w, https:\/\/www.liurparfum.com\/wp-content\/uploads\/2024\/11\/DSC00657-200x200.jpg 200w, https:\/\/www.liurparfum.com\/wp-content\/uploads\/2024\/11\/DSC00657-145x145.jpg 145w, https:\/\/www.liurparfum.com\/wp-content\/uploads\/2024\/11\/DSC00657-50x50.jpg 50w, https:\/\/www.liurparfum.com\/wp-content\/uploads\/2024\/11\/DSC00657.jpg 800w\" sizes=\"(max-width: 600px) 100vw, 600px\" \/>\t\t\t\t\t\t\t\t\t\t\t\t\t\t\t<\/div>\n\t\t\t\t<\/div>\n\t\t\t\t<div class=\"elementor-element elementor-element-2402c125 elementor-widget elementor-widget-text-editor\" data-id=\"2402c125\" data-element_type=\"widget\" data-e-type=\"widget\" data-widget_type=\"text-editor.default\">\n\t\t\t\t<div class=\"elementor-widget-container\">\n\t\t\t\t\t\t\t\t\t<h4>3 \u017dingsnis:\u00a0<\/h4><p class=\"translation-block\">Apsipirkimo metu \u012fveskite savo unikal\u0173 dovan\u0173 kod\u0105 ir pasiimkite <strong>35 EUR<\/strong> nuolaid\u0105 bet kuriam <strong>30ml<\/strong> LIUR. kvepal\u0173 buteliukui. Pasi\u016blymas galioja tik liurparfum.com<\/p>\t\t\t\t\t\t\t\t<\/div>\n\t\t\t\t<\/div>\n\t\t\t\t\t<\/div>\n\t\t\t\t<\/div>\n\t\t\t\t<\/div>","protected":false},"excerpt":{"rendered":"<p>Tobulo kvapo pasirinkimas \u2013 tai unikali, asmeni\u0161ka kelion\u0117, kupina \u012fkv\u0117pimo ir jausm\u0173. \u0160is i\u0161skirtinis rinkinys kvie\u010dia jus leistis \u012f LIUR. aromat\u0173 pasaulio atradim\u0105 lengvai ir maloniai, atveriant duris \u012f naujas patirtis ir emocijas. <strong>Taip pat gausite 35 EUR dovan\u0173 \u010dek\u012f, kur\u012f gal\u0117site panaudoti \u012fsigyjant 30 ml kvepalus!<\/strong><\/p>","protected":false},"featured_media":12222,"comment_status":"open","ping_status":"closed","template":"","meta":[],"product_cat":[110,112,31],"product_tag":[115,114,113],"class_list":{"0":"post-6210","1":"product","2":"type-product","3":"status-publish","4":"has-post-thumbnail","6":"product_cat-110","7":"product_cat-creamy-af","8":"product_cat-discovery-sets","9":"product_tag-discovery-set","10":"product_tag-fragrance","11":"product_tag-perfume","13":"first","14":"instock","15":"featured","16":"shipping-taxable","17":"purchasable","18":"product-type-simple"},"_links":{"self":[{"href":"https:\/\/www.liurparfum.com\/lt\/wp-json\/wp\/v2\/product\/6210","targetHints":{"allow":["GET"]}}],"collection":[{"href":"https:\/\/www.liurparfum.com\/lt\/wp-json\/wp\/v2\/product"}],"about":[{"href":"https:\/\/www.liurparfum.com\/lt\/wp-json\/wp\/v2\/types\/product"}],"replies":[{"embeddable":true,"href":"https:\/\/www.liurparfum.com\/lt\/wp-json\/wp\/v2\/comments?post=6210"}],"version-history":[{"count":109,"href":"https:\/\/www.liurparfum.com\/lt\/wp-json\/wp\/v2\/product\/6210\/revisions"}],"predecessor-version":[{"id":14774,"href":"https:\/\/www.liurparfum.com\/lt\/wp-json\/wp\/v2\/product\/6210\/revisions\/14774"}],"wp:featuredmedia":[{"embeddable":true,"href":"https:\/\/www.liurparfum.com\/lt\/wp-json\/wp\/v2\/media\/12222"}],"wp:attachment":[{"href":"https:\/\/www.liurparfum.com\/lt\/wp-json\/wp\/v2\/media?parent=6210"}],"wp:term":[{"taxonomy":"product_cat","embeddable":true,"href":"https:\/\/www.liurparfum.com\/lt\/wp-json\/wp\/v2\/product_cat?post=6210"},{"taxonomy":"product_tag","embeddable":true,"href":"https:\/\/www.liurparfum.com\/lt\/wp-json\/wp\/v2\/product_tag?post=6210"}],"curies":[{"name":"wp","href":"https:\/\/api.w.org\/{rel}","templated":true}]}}