{"id":9,"date":"2023-02-14T04:08:40","date_gmt":"2023-02-14T04:08:40","guid":{"rendered":"https:\/\/www.liurparfum.com\/index.php\/my-account\/"},"modified":"2023-02-14T04:08:40","modified_gmt":"2023-02-14T04:08:40","slug":"my-account","status":"publish","type":"page","link":"https:\/\/www.liurparfum.com\/lt\/my-account\/","title":{"rendered":"Mano Paskyra"},"content":{"rendered":"<div class=\"woocommerce\">\n<div class=\"woocommerce-notices-wrapper\"><\/div>\n<div class=\"c-login\" id=\"customer_login\">\n\n\t<div class=\"c-login__form js-login-form c-login__form--active\">\n\t\t<div class=\"c-login__header\" data-no-translation=\"\" data-trp-gettext=\"\">Prisijungti<\/div>\n\t\t<form class=\"c-form woocommerce-form woocommerce-form-login login\" method=\"post\" action=\"\">\n\n\t\t\t\n\t\t\t<div class=\"c-form__row woocommerce-form-row\">\n\t\t\t\t<label for=\"username\">Vartotojo vardas arba el.pa\u0161to adresas&nbsp;<span\n\t\t\t\t\t\tclass=\"required\">*<\/span><\/label>\n\t\t\t\t<input type=\"text\"\n\t\t\t\t\t   class=\"c-form__input c-form__input--full c-form__input--fill woocommerce-Input woocommerce-Input--text input-text\"\n\t\t\t\t\t   name=\"username\" id=\"username\" autocomplete=\"username\"\n\t\t\t\t\t   value=\"\"\/>\n\t\t\t<\/div>\n\t\t\t<div class=\"c-form__row woocommerce-form-row\">\n\t\t\t\t<label for=\"password\">Slapta\u017eodis&nbsp;<span\n\t\t\t\t\t\tclass=\"required\">*<\/span><\/label>\n\t\t\t\t<input\n\t\t\t\t\tclass=\"c-form__input c-form__input--full c-form__input--fill woocommerce-Input woocommerce-Input--text input-text\"\n\t\t\t\t\ttype=\"password\" name=\"password\" id=\"password\" autocomplete=\"current-password\"\/>\n\t\t\t<\/div>\n\n\t\t\t\n\t\t\t<div class=\"c-form__row c-form__row--inline c-login__remember woocommerce-form-row form-row\">\n\t\t\t\t<input type=\"hidden\" id=\"woocommerce-login-nonce\" name=\"woocommerce-login-nonce\" value=\"0dfb75257d\" \/><input type=\"hidden\" name=\"_wp_http_referer\" value=\"\/lt\/wp-json\/wp\/v2\/pages\/9\" \/>\t\t\t\t<label class=\"c-login__label woocommerce-form__label woocommerce-form__label-for-checkbox woocommerce-form-login__rememberme\"\">\n\t\t\t\t<input class=\"c-form__checkbox woocommerce-form__input woocommerce-form__input-checkbox\" name=\"rememberme\" type=\"checkbox\" id=\"rememberme\" value=\"forever\"\/>\n\t\t\t\t&nbsp;Prisiminti mane\t\t\t\t<\/label>\n\t\t\t\t<div class=\"c-login__lost-password woocommerce-LostPassword lost_password\">\n\t\t\t\t\t<a class=\"c-login__lost-password-link\"\n\t\t\t\t\t   href=\"https:\/\/www.liurparfum.com\/lt\/my-account\/lost-password\/\" data-no-translation=\"\" data-trp-gettext=\"\">Praradote savo slapta\u017eod\u012f?<\/a>\n\t\t\t\t<\/div>\n\t\t\t<\/div>\n\n\t\t\t<div class=\"c-form__row c-login__login-row woocommerce-form-row\">\n\t\t\t\t<button type=\"submit\" class=\"c-button c-button--accent c-button--large c-button--full woocommerce-button woocommerce-form-login__submit\" name=\"login\"\n\t\t\t\t\t\tvalue=\"Prisijungti\" data-no-translation=\"\" data-trp-gettext=\"\" data-no-translation-value=\"\">Prisijungti<\/button>\n\t\t\t<\/div>\n\n\t\t\t\t\t\t\t<div class=\"c-login__bottom\">\n\t\t\t\t\tNot a Member?\t\t\t\t\t\t\t\t\t\t\t<a href=\"#\" onclick=\"return false;\"\n\t\t\t\t\t\t   class=\"c-login__register js-login-form-toggle\">\n\t\t\t\t\t\t\t\t\t\t\t\t\t\tRegistruotis<\/a>\n\t\t\t\t<\/div>\n\t\t\t\n\t\t\t\n\t\t<input type=\"hidden\" name=\"trp-form-language\" value=\"lt\"\/><\/form>\n\t<\/div>\n\n\t\n\t\t<div class=\"c-login__form js-register-form\">\n\n\t\t\t<div class=\"c-login__header\" data-no-translation=\"\" data-trp-gettext=\"\">Registruotis<\/div>\n\t\t\t<form method=\"post\" class=\"c-form woocommerce-form woocommerce-form-register register\" action=\"\" >\n\n\t\t\t\t\n\t\t\t\t\n\t\t\t\t\t<div class=\"c-form__row woocommerce-form-row\">\n\t\t\t\t\t\t<label class=\"c-form__label\"\n\t\t\t\t\t\t\t   for=\"reg_username\">Vartotojo vardas\t\t\t\t\t\t\t<span class=\"required\">*<\/span><\/label>\n\t\t\t\t\t\t<input type=\"text\"\n\t\t\t\t\t\t\t   class=\"c-form__input c-form__input--full c-form__input--fill woocommerce-Input woocommerce-Input--text input-text\"\n\t\t\t\t\t\t\t   name=\"username\" id=\"reg_username\" autocomplete=\"username\"\n\t\t\t\t\t\t\t   value=\"\"\/>\n\t\t\t\t\t<\/div>\n\n\t\t\t\t\n\t\t\t\t<div class=\"c-form__row woocommerce-form-row\">\n\t\t\t\t\t<label class=\"c-form__label\"\n\t\t\t\t\t\t   for=\"reg_email\">El.pa\u0161tas\t\t\t\t\t\t<span class=\"required\">*<\/span><\/label>\n\t\t\t\t\t<input type=\"email\"\n\t\t\t\t\t\t   class=\"c-form__input c-form__input--full c-form__input--fill woocommerce-Input woocommerce-Input--text input-text\"\n\t\t\t\t\t\t   name=\"email\" id=\"reg_email\" autocomplete=\"email\"\n\t\t\t\t\t\t   value=\"\"\/>\n\t\t\t\t<\/div>\n\n\t\t\t\t\n\t\t\t\t\t<div\n\t\t\t\t\t\tclass=\"c-form__row c-login__sent woocommerce-form-row\" data-no-translation=\"\" data-trp-gettext=\"\">Naujo slapta\u017eod\u017eio nustatymo nuoroda bus i\u0161si\u0173sta \u012f j\u016bs\u0173 el. pa\u0161to adres\u0105.<\/div>\n\n\t\t\t\t\n\t\t\t\t<p class=\"form-row form-row-wide mailchimp-newsletter\"><label for=\"mailchimp_woocommerce_newsletter\" class=\"woocommerce-form__label woocommerce-form__label-for-checkbox inline\"><input class=\"woocommerce-form__input woocommerce-form__input-checkbox input-checkbox\" id=\"mailchimp_woocommerce_newsletter\" type=\"checkbox\" name=\"mailchimp_woocommerce_newsletter\" value=\"1\"> <span>Prenumeruoti naujienlai\u0161k\u012f <\/span><\/label><\/p><div class=\"clear\"><\/div><wc-order-attribution-inputs><\/wc-order-attribution-inputs><div class=\"woocommerce-privacy-policy-text\"><p>Your personal data will be used to support your experience throughout this website, to manage access to your account, and for other purposes described in our <a href=\"\" class=\"woocommerce-privacy-policy-link\" target=\"_blank\" data-no-translation=\"\" data-trp-gettext=\"\">privatumo politikoje<\/a>.<\/p>\n<\/div>\n\t\t\t\t<div class=\"c-form__row c-login__register-row woocommerce-form-row\">\n\t\t\t\t\t<input type=\"hidden\" id=\"woocommerce-register-nonce\" name=\"woocommerce-register-nonce\" value=\"4cd79ff879\" \/><input type=\"hidden\" name=\"_wp_http_referer\" value=\"\/lt\/wp-json\/wp\/v2\/pages\/9\" \/>\t\t\t\t\t<button type=\"submit\" class=\"c-button c-button--accent c-button--large c-button--full woocommerce-Button woocommerce-button\"\n\t\t\t\t\t\t\tname=\"register\"\n\t\t\t\t\t\t\tvalue=\"Registruotis\" data-no-translation=\"\" data-trp-gettext=\"\" data-no-translation-value=\"\">Registruotis<\/button>\n\t\t\t\t<\/div>\n\n\t\t\t\t<div class=\"c-login__bottom\">\n\t\t\t\t\tYou a Member?\t\t\t\t\t<a href=\"#\" onclick=\"return false;\"\n\t\t\t\t\t   class=\"c-login__register js-login-form-toggle\" data-no-translation=\"\" data-trp-gettext=\"\">Prisijungti<\/a>\n\t\t\t\t<\/div>\n\n\t\t\t\t\n\t\t\t<input type=\"hidden\" name=\"trp-form-language\" value=\"lt\"\/><\/form>\n\t\t<\/div>\n\n\t\n\t<\/div>\n<\/div>","protected":false},"excerpt":{"rendered":"","protected":false},"author":1,"featured_media":0,"parent":0,"menu_order":0,"comment_status":"closed","ping_status":"closed","template":"","meta":{"footnotes":""},"class_list":["post-9","page","type-page","status-publish","hentry"],"_links":{"self":[{"href":"https:\/\/www.liurparfum.com\/lt\/wp-json\/wp\/v2\/pages\/9","targetHints":{"allow":["GET"]}}],"collection":[{"href":"https:\/\/www.liurparfum.com\/lt\/wp-json\/wp\/v2\/pages"}],"about":[{"href":"https:\/\/www.liurparfum.com\/lt\/wp-json\/wp\/v2\/types\/page"}],"author":[{"embeddable":true,"href":"https:\/\/www.liurparfum.com\/lt\/wp-json\/wp\/v2\/users\/1"}],"replies":[{"embeddable":true,"href":"https:\/\/www.liurparfum.com\/lt\/wp-json\/wp\/v2\/comments?post=9"}],"version-history":[{"count":0,"href":"https:\/\/www.liurparfum.com\/lt\/wp-json\/wp\/v2\/pages\/9\/revisions"}],"wp:attachment":[{"href":"https:\/\/www.liurparfum.com\/lt\/wp-json\/wp\/v2\/media?parent=9"}],"curies":[{"name":"wp","href":"https:\/\/api.w.org\/{rel}","templated":true}]}}