{"id":7,"date":"2023-02-14T04:08:40","date_gmt":"2023-02-14T04:08:40","guid":{"rendered":"https:\/\/www.liurparfum.com\/index.php\/cart\/"},"modified":"2023-06-30T12:49:25","modified_gmt":"2023-06-30T12:49:25","slug":"cart","status":"publish","type":"page","link":"https:\/\/www.liurparfum.com\/lt\/cart\/","title":{"rendered":"Krep\u0161elis"},"content":{"rendered":"<div class=\"woocommerce\">\n<div class=\"c-cart-empty c-cart-empty--cart\">\n\t<div class=\"c-cart-empty__image-wrap\">\n\t\t\t\t\t<i class=\"ip-cart-empty c-cart-empty__icon c-cart-empty__icon--failed\"><\/i>\n\t\t\t<\/div>\n\t<h2 class=\"c-cart-empty__header\">Your cart is currently empty<\/h2>\n\t\t\t<a class=\"c-button c-button--outline c-cart-empty__backward\"\n\t\t   href=\"https:\/\/www.liurparfum.com\/lt\/shop\/\">\n\t\t\tGr\u012f\u017eti \u012f parduotuv\u0119\t\t<\/a>\n\t<\/div><\/div>\n\n\n\n<p>Su kiekvien\u0173 kvepal\u0173 buteliuku - dovanojame m\u0117gin\u0117lius <\/p>","protected":false},"excerpt":{"rendered":"<p>Su kiekvien\u0173 kvepal\u0173 buteliuku - dovanojame m\u0117gin\u0117lius<\/p>","protected":false},"author":1,"featured_media":0,"parent":0,"menu_order":0,"comment_status":"closed","ping_status":"closed","template":"","meta":{"footnotes":""},"class_list":["post-7","page","type-page","status-publish","hentry"],"_links":{"self":[{"href":"https:\/\/www.liurparfum.com\/lt\/wp-json\/wp\/v2\/pages\/7","targetHints":{"allow":["GET"]}}],"collection":[{"href":"https:\/\/www.liurparfum.com\/lt\/wp-json\/wp\/v2\/pages"}],"about":[{"href":"https:\/\/www.liurparfum.com\/lt\/wp-json\/wp\/v2\/types\/page"}],"author":[{"embeddable":true,"href":"https:\/\/www.liurparfum.com\/lt\/wp-json\/wp\/v2\/users\/1"}],"replies":[{"embeddable":true,"href":"https:\/\/www.liurparfum.com\/lt\/wp-json\/wp\/v2\/comments?post=7"}],"version-history":[{"count":130,"href":"https:\/\/www.liurparfum.com\/lt\/wp-json\/wp\/v2\/pages\/7\/revisions"}],"predecessor-version":[{"id":6411,"href":"https:\/\/www.liurparfum.com\/lt\/wp-json\/wp\/v2\/pages\/7\/revisions\/6411"}],"wp:attachment":[{"href":"https:\/\/www.liurparfum.com\/lt\/wp-json\/wp\/v2\/media?parent=7"}],"curies":[{"name":"wp","href":"https:\/\/api.w.org\/{rel}","templated":true}]}}