{"id":5936,"date":"2022-11-06T17:38:47","date_gmt":"2022-11-06T17:38:47","guid":{"rendered":"https:\/\/www.liurparfum.com\/?page_id=5936"},"modified":"2023-12-14T12:45:56","modified_gmt":"2023-12-14T12:45:56","slug":"privacy-policy-2","status":"publish","type":"page","link":"https:\/\/www.liurparfum.com\/lt\/privacy-policy-2\/","title":{"rendered":"Privatumo politika"},"content":{"rendered":"<p>\u0160i privatumo politika nustato, kaip mes naudojame ir saugome bet koki\u0105 informacij\u0105, kuri\u0105 pateikiate lankydamiesi svetain\u0117je liurparfum.com (\u0161ioje \u201esvetain\u0117je\u201c), kuri\u0105 valdo ir eksploatuoja LIUR (979159).<\/p>\n\n\n\n<p>LIUR \u012fsipareigoja u\u017etikrinti j\u016bs\u0173 privatumo apsaug\u0105. Jei papra\u0161ysime pateikti tam tikr\u0105 informacij\u0105, pagal kuri\u0105 gal\u0117tume jus identifikuoti naudodamiesi \u0161ia svetaine, galite b\u016bti tikri, kad ji bus naudojama tik pagal \u0161i\u0105 privatumo politik\u0105 ir kitus taikytinus \u012fstatymus, \u012fskaitant nauj\u0105sias Bendr\u0105sias duomen\u0173 apsaugos taisykles (GDPR).<\/p>\n\n\n\n<p>Mes galime keisti \u0161i\u0105 politik\u0105 atnaujindami \u0161\u012f puslap\u012f. Tod\u0117l rekomenduojame periodi\u0161kai per\u017ei\u016br\u0117ti \u0161\u012f puslap\u012f, kad \u012fsitikintum\u0117te, jog sutinkate su bet kokiais pakeitimais. Jei turite klausim\u0173 d\u0117l privatumo arba norite papra\u0161yti duomen\u0173 pakeitimo ar pataisym\u0173, galite susisiekti su mumis bet kuriuo metu.<\/p>\n\n\n\n<p>M\u016bs\u0173 \u012fsipareigojimas laikytis Bendr\u0173j\u0173 duomen\u0173 apsaugos taisykli\u0173 (GDPR)<\/p>\n\n\n\n<p>Mes per\u017ei\u016br\u0117jome savo privatumo politik\u0105, atsi\u017evelgdami \u012f GDPR reikalavimus, ir galime patvirtinti, kad j\u0105 visi\u0161kai atitinkame. Taip pat per\u017ei\u016br\u0117jome paslaugas, kurias naudojame rinkodarai ir svetain\u0117s naudojimo analizei, tokias kaip \u201eGoogle\u201c ir \u201eFacebook\u201c. \u0160ios \u012fmon\u0117s taip pat \u012fsipareigoja u\u017etikrinti piln\u0105 atitikt\u012f GDPR reikalavimams.<\/p>\n\n\n\n<p><strong>Renkama Informacija<\/strong><\/p>\n\n\n\n<p><strong>Galime rinkti \u0161i\u0105 informacij\u0105:<\/strong><\/p>\n\n\n\n<ul class=\"wp-block-list\">\n<li>Vardas, e. pa\u0161to adresas, siuntimo adresas<\/li>\n\n\n\n<li>Demografin\u0119 informacij\u0105, toki\u0105 kaip pa\u0161to kodas, pageidavimai ir pom\u0117giai.<\/li>\n\n\n\n<li>IP adresas<\/li>\n<\/ul>\n\n\n\n<p>Tuomet \u201eLIUR\u201c saugo \u0161ios informacijos \u012fra\u0161us.<\/p>\n\n\n\n<p><strong>Taip pat galime saugoti \u0161iuos \u012fra\u0161us:<\/strong><\/p>\n\n\n\n<ul class=\"wp-block-list\">\n<li>Bet koki\u0105 el. pa\u0161to ar ra\u0161ytin\u0119 korespondencij\u0105, kuri\u0105 mums siun\u010diate, kad gal\u0117tume steb\u0117ti ir spr\u0119sti i\u0161kylan\u010dias problemas ar atsakyti \u012f klausimus.<\/li>\n<\/ul>\n\n\n\n<p>Jei norite pakeisti, pataisyti ar atnaujinti m\u016bs\u0173 turim\u0105 informacij\u0105, arba pra\u0161yti, kad i\u0161trintume vis\u0105 j\u016bs\u0173 informacij\u0105 i\u0161 m\u016bs\u0173 \u012fra\u0161\u0173, pra\u0161ome\u00a0<a href=\"https:\/\/www.liurparfum.com\/lt\/contacts\/\" title=\"\">susisiekti su mumis.<\/a><\/p>\n\n\n\n<p>Kaip naudojame surinktus duomenis<\/p>\n\n\n\n<p>Surinkt\u0105 informacij\u0105 naudojame per \u0161i\u0105 svetain\u0119, kad suprastume j\u016bs\u0173 poreikius ir suteiktume geresn\u0119, labiau pritaikyt\u0105 paslaug\u0105, ir ypa\u010d \u0161iais tikslais:<\/p>\n\n\n\n<ul class=\"wp-block-list\">\n<li>Patikrinti j\u016bs\u0173 mok\u0117jimo duomenis<\/li>\n\n\n\n<li>Apdoroti ir pristatyti j\u016bs\u0173 u\u017esakym\u0105. Pavyzd\u017eiui, galime perduoti j\u016bs\u0173 adres\u0105 kurjeriui.<\/li>\n\n\n\n<li>Verslo ir rinkodaros veiklos planavimas ir valdymas, \u012fskaitant tyrimus, klient\u0173 pirkimo \u012fpro\u010di\u0173 analiz\u0119.<\/li>\n\n\n\n<li>Vidin\u0117 apskaita, tokia kaip pirkim\u0173 \u012fra\u0161ai mokes\u010di\u0173 ir teis\u0117s akt\u0173 tikslais.<\/li>\n\n\n\n<li>Mes galime naudoti \u0161i\u0105 informacij\u0105, kad pagerintume savo produktus ir paslaugas.<\/li>\n\n\n\n<li>Su j\u016bs\u0173 sutikimu, periodi\u0161kai si\u0173sime reklaminius el. lai\u0161kus apie naujus produktus, specialius pasi\u016blymus, naujienas ar kit\u0105 informacij\u0105, kuri, m\u016bs\u0173 nuomone, gali jus sudominti.<\/li>\n\n\n\n<li>Su J\u016bs\u0173 sutikimu kartais galime naudoti j\u016bs\u0173 informacij\u0105, kad susisiektume su jumis rinkos tyrim\u0173 tikslais ir surinktume duomenis, kurie pad\u0117t\u0173 pritaikyti svetain\u0119 pagal j\u016bs\u0173 interesus.<\/li>\n\n\n\n<li>M\u016bs\u0173 svetain\u0117s techninis administravimas.<\/li>\n<\/ul>\n\n\n\n<p>J\u016bs\u0173 asmenin\u0117s informacijos valdymas<\/p>\n\n\n\n<p>Galite pasirinkti riboti savo asmenin\u0117s informacijos rinkim\u0105 arba naudojim\u0105 \u0161iais b\u016bdais:<\/p>\n\n\n\n<ul class=\"wp-block-list\">\n<li>Kai b\u016bsite papra\u0161yti u\u017epildyti form\u0105 svetain\u0117je, ie\u0161kokite langelio, kur\u012f galite pa\u017eym\u0117ti, kad nenaudotum\u0117te j\u016bs\u0173 pateiktos informacijos tiesiogin\u0117s rinkodaros tikslais.<\/li>\n\n\n\n<li>Jei anks\u010diau sutikote, kad naudotume j\u016bs\u0173 asmenin\u0119 informacij\u0105 tiesiogin\u0117s rinkodaros tikslais, bet kuriuo metu galite pakeisti savo nuomon\u0119, para\u0161ydami mums arba susisiekdami per m\u016bs\u0173 kontaktin\u0119 form\u0105.<\/li>\n\n\n\n<li>Jei norite, kad i\u0161trintume bet kokius j\u016bs\u0173 asmeninius duomenis, susisiekite su mumis naudodami m\u016bs\u0173 kontaktin\u0119 form\u0105.<\/li>\n\n\n\n<li>Jei norite su\u017einoti, kokius asmeninius duomenis apie jus turime, susisiekite su mumis naudodami m\u016bs\u0173 kontaktin\u0119 form\u0105. Mes suteiksime jums visus turimus asmeninius duomenis kuo grei\u010diau, bet ne v\u0117liau kaip per 30 dien\u0173 nuo pra\u0161ymo gavimo.<\/li>\n\n\n\n<li>Mes informuosime jus, jei su\u017einosime apie saugumo pa\u017eeidim\u0105, d\u0117l kurio gali b\u016bti paveikti j\u016bs\u0173 asmeniniai duomenys, kuriuos turime.<\/li>\n<\/ul>\n\n\n\n<p>Mes neparduosime, neplatiname ir neskolinsime j\u016bs\u0173 asmenin\u0117s informacijos tre\u010diosioms \u0161alims, nebent to reikalaut\u0173 \u012fstatymai. Jei m\u016bs\u0173 verslo turtas bus parduotas ar \u012fsigytas kitos \u012fmon\u0117s, j\u016bs b\u016bsite informuoti, o mes stengsim\u0117s u\u017etikrinti, kad naujoji organizacija laikyt\u0173si \u0161ioje Privatumo politikoje nurodyt\u0173 princip\u0173.<\/p>\n\n\n\n<p>Mes saugosime informacij\u0105 tik tiek, kiek jos reik\u0117s m\u016bs\u0173 veiklai vykdyti. J\u016bs\u0173 pateikta informacija bus laikoma, kad gal\u0117tume bendrauti su jumis apie atliktus u\u017esakymus, pasi\u016blymus ar kit\u0105 informacij\u0105, kol papra\u0161ysite j\u0105 i\u0161trinti.<\/p>\n\n\n\n<p><strong>Apsauga<\/strong><\/p>\n\n\n\n<p>Mes \u012fsipareigojame u\u017etikrinti j\u016bs\u0173 informacijos saugum\u0105. Nor\u0117dami apsaugoti j\u0105 nuo neteis\u0117tos prieigos ar atskleidimo, taikome tinkamas fizines, elektronines ir valdymo priemones, kurios saugo ir apsaugo informacij\u0105, kuri\u0105 renkame internetu.<\/p>\n\n\n\n<p>Mes patys nesaugome ir neapdorojame j\u016bs\u0173 mok\u0117jimo duomen\u0173. M\u016bs\u0173 mok\u0117jimo sistema naudoja Secure Socket Layer (\u201eSSL\u201c) \u0161ifravimo technologij\u0105, o mok\u0117jimo paslaugas teikia \u201ePayPal Business\u201c, \u201ePaysera\u201c ir \u201eStripe\u201c, kurios u\u017etikrina atitikt\u012f GDPR reikalavimams.<\/p>\n\n\n\n<p>Apie bet kok\u012f \u012ftariam\u0105 asmens duomen\u0173 saugumo pa\u017eeidim\u0105 informuosime jus per 72 valandas nuo to momento, kai apie tai su\u017einosime.<\/p>\n\n\n\n<p><strong>Kaip mes naudojame slapukus<\/strong><\/p>\n\n\n\n<p>Slapukas \u2013 tai ma\u017eas failas, kuris pra\u0161o leidimo b\u016bti \u012fra\u0161ytas \u012f j\u016bs\u0173 kompiuterio kiet\u0105j\u012f disk\u0105. Sutikus, failas pridedamas, o slapukas padeda analizuoti svetain\u0117s sraut\u0105 arba prane\u0161ti, kai aplankote tam tikr\u0105 svetain\u0119. Slapukai leid\u017eia interneto programas reaguoti \u012f jus kaip \u012f individual\u0173 vartotoj\u0105. Interneto programa gali pritaikyti savo veikl\u0105 pagal j\u016bs\u0173 poreikius, pom\u0117gius ir pasirinkimus, rinkdama ir prisimindama informacij\u0105 apie j\u016bs\u0173 pageidavimus.<\/p>\n\n\n\n<p>Mes naudojame srauto slapukus, kad nustatytume, kurie puslapiai yra lankomi. Tai padeda mums analizuoti svetain\u0117s sraut\u0105 ir tobulinti j\u0105, kad geriau atitikt\u0173 klient\u0173 poreikius.<\/p>\n\n\n\n<p>Slapukai padeda suteikti jums geresn\u0119 nar\u0161imo patirt\u012f, leisdami steb\u0117ti, kurie puslapiai jums yra naudingi, o kurie \u2013 ne. Slapukai nesuteikia mums prieigos prie j\u016bs\u0173 kompiuterio ar bet kokios informacijos apie jus, i\u0161skyrus tuos duomenis, kuriuos patys nusprend\u017eiate su mumis pasidalinti.<\/p>\n\n\n\n<p>J\u016bs galite pasirinkti priimti arba atmesti slapukus. Dauguma nar\u0161ykli\u0173 slapukus priima automati\u0161kai, ta\u010diau galite pakeisti nustatymus ir atmesti slapukus, jei pageidaujate. Tai gali apriboti kai kuri\u0173 svetain\u0117s funkcij\u0173 naudojim\u0105.<\/p>\n\n\n\n<p><strong>Nuorodos \u012f kitas svetaines<\/strong><\/p>\n\n\n\n<p>M\u016bs\u0173 svetain\u0117je gali b\u016bti nuorod\u0173 \u012f kitas jums \u012fdomias svetaines. Ta\u010diau, pasinaudoj\u0119 \u0161iomis nuorodomis ir palik\u0119 m\u016bs\u0173 svetain\u0119, tur\u0117tum\u0117te \u017einoti, kad mes mekontroliuojame kit\u0173 svetaini\u0173. Tod\u0117l mes nesame atsakingi u\u017e informacijos apsaug\u0105 ir privatumo u\u017etikrinim\u0105, kai pateikiate savo duomenis \u0161iose svetain\u0117se, ir jos n\u0117ra reglamentuojamos \u0161ia privatumo politika. Rekomenduojame elgtis atsargiai ir per\u017ei\u016br\u0117ti privatumo politik\u0105, taikom\u0105 konkre\u010diai svetainei.<\/p>\n\n\n\n<p><strong>Prieiga prie j\u016bs\u0173 asmenin\u0117s informacijos ir jos pakeitimai<\/strong><\/p>\n\n\n\n<p>Pagal GDPR, galite pra\u0161yti pateikti informacij\u0105, kuri\u0105 apie jus saugome. Jei norite gauti \u0161ios informacijos kopij\u0105, kreipkit\u0117s \u012f mus ra\u0161tu arba naudodamiesi m\u016bs\u0173 kontakt\u0173 forma.<\/p>\n\n\n\n<p>Jei manote, kad turime neteisingus arba nepilnus j\u016bs\u0173 duomenis, pra\u0161ome kuo grei\u010diau susisiekti su mumis per m\u016bs\u0173 kontakt\u0173 form\u0105. Mes stengsim\u0117s kuo grei\u010diau i\u0161taisyti klaidas.<\/p>","protected":false},"excerpt":{"rendered":"<p>This privacy policy sets out how we use and protect any information that you give us when you&hellip;<\/p>","protected":false},"author":1,"featured_media":0,"parent":0,"menu_order":0,"comment_status":"closed","ping_status":"closed","template":"","meta":{"footnotes":""},"class_list":["post-5936","page","type-page","status-publish","hentry"],"_links":{"self":[{"href":"https:\/\/www.liurparfum.com\/lt\/wp-json\/wp\/v2\/pages\/5936","targetHints":{"allow":["GET"]}}],"collection":[{"href":"https:\/\/www.liurparfum.com\/lt\/wp-json\/wp\/v2\/pages"}],"about":[{"href":"https:\/\/www.liurparfum.com\/lt\/wp-json\/wp\/v2\/types\/page"}],"author":[{"embeddable":true,"href":"https:\/\/www.liurparfum.com\/lt\/wp-json\/wp\/v2\/users\/1"}],"replies":[{"embeddable":true,"href":"https:\/\/www.liurparfum.com\/lt\/wp-json\/wp\/v2\/comments?post=5936"}],"version-history":[{"count":5,"href":"https:\/\/www.liurparfum.com\/lt\/wp-json\/wp\/v2\/pages\/5936\/revisions"}],"predecessor-version":[{"id":7060,"href":"https:\/\/www.liurparfum.com\/lt\/wp-json\/wp\/v2\/pages\/5936\/revisions\/7060"}],"wp:attachment":[{"href":"https:\/\/www.liurparfum.com\/lt\/wp-json\/wp\/v2\/media?parent=5936"}],"curies":[{"name":"wp","href":"https:\/\/api.w.org\/{rel}","templated":true}]}}