{"id":5934,"date":"2022-11-06T17:37:39","date_gmt":"2022-11-06T17:37:39","guid":{"rendered":"https:\/\/www.liurparfum.com\/?page_id=5934"},"modified":"2025-10-20T11:38:06","modified_gmt":"2025-10-20T11:38:06","slug":"payment-information","status":"publish","type":"page","link":"https:\/\/www.liurparfum.com\/lt\/payment-information\/","title":{"rendered":"Apmok\u0117jimo Informacija"},"content":{"rendered":"<p>Mes priimame \u012fvairius mok\u0117jimo b\u016bdus: \u201ePaypal\u201c, Lietuvos bank\u0173 mok\u0117jimus (per Klix, Citadele bankas), visas pagrindines kreditines ir debetines korteles, taip pat \u201eGoogle Pay\u201c ir \u201eApple Pay\u201c. Norint atlikti apmok\u0117jim\u0105 - registracija neb\u016btina.<\/p>\n\n\n\n<p>Mes naudojame saugius mok\u0117jimo tiek\u0117jus: \u201ePaypal\u201c, \u201eKlix\u201c, \u201eStripe\u201c, taip pat SSL saugumo sertifikat\u0105, +3D ir SCA korteli\u0173 saugumo priemones, siekdami u\u017etikrinti maksimal\u0173 mok\u0117jim\u0173 saugumo lyg\u012f.<\/p>\n\n\n\n<p>LIUR jokiu atveju neturi galimyb\u0117s matyti jautrios informacijos, susijusios su klient\u0173 korteli\u0173 ar banko duomenimis. Visa \u0161i informacija yra tvarkoma ir apdorojama tik saugi\u0173 mok\u0117jimo paslaug\u0173 teik\u0117j\u0173.<\/p>","protected":false},"excerpt":{"rendered":"<p>We accept various payment methods: Paypal, Lithuanian bank links (via Klix, Citadele bank), all major Credit and Debit&hellip;<\/p>","protected":false},"author":1,"featured_media":0,"parent":0,"menu_order":0,"comment_status":"closed","ping_status":"closed","template":"","meta":{"footnotes":""},"class_list":["post-5934","page","type-page","status-publish","hentry"],"_links":{"self":[{"href":"https:\/\/www.liurparfum.com\/lt\/wp-json\/wp\/v2\/pages\/5934","targetHints":{"allow":["GET"]}}],"collection":[{"href":"https:\/\/www.liurparfum.com\/lt\/wp-json\/wp\/v2\/pages"}],"about":[{"href":"https:\/\/www.liurparfum.com\/lt\/wp-json\/wp\/v2\/types\/page"}],"author":[{"embeddable":true,"href":"https:\/\/www.liurparfum.com\/lt\/wp-json\/wp\/v2\/users\/1"}],"replies":[{"embeddable":true,"href":"https:\/\/www.liurparfum.com\/lt\/wp-json\/wp\/v2\/comments?post=5934"}],"version-history":[{"count":4,"href":"https:\/\/www.liurparfum.com\/lt\/wp-json\/wp\/v2\/pages\/5934\/revisions"}],"predecessor-version":[{"id":13497,"href":"https:\/\/www.liurparfum.com\/lt\/wp-json\/wp\/v2\/pages\/5934\/revisions\/13497"}],"wp:attachment":[{"href":"https:\/\/www.liurparfum.com\/lt\/wp-json\/wp\/v2\/media?parent=5934"}],"curies":[{"name":"wp","href":"https:\/\/api.w.org\/{rel}","templated":true}]}}