{"id":5932,"date":"2022-11-06T17:25:12","date_gmt":"2022-11-06T17:25:12","guid":{"rendered":"https:\/\/www.liurparfum.com\/?page_id=5932"},"modified":"2023-07-27T07:49:51","modified_gmt":"2023-07-27T07:49:51","slug":"returns-and-refunds","status":"publish","type":"page","link":"https:\/\/www.liurparfum.com\/lt\/returns-and-refunds\/","title":{"rendered":"Gr\u0105\u017einimai"},"content":{"rendered":"<p><strong>Gr\u0105\u017einimai ir At\u0161aukimai<\/strong><\/p>\n\n\n\n<p>D\u0117l prek\u0117s pob\u016bd\u017eio, mes negalime priimti gr\u0105\u017einim\u0173, i\u0161skyrus atvejus, kai u\u017esakymas buvo pristatytas sugadintas. <\/p>\n\n\n\n<p>D\u0117mesio: mes negalime priimti gr\u0105\u017einimui personalizuot\u0173 preki\u0173, dovan\u0173 korteli\u0173 ar kvepal\u0173, jei jie buvo naudoti arba jei j\u0173 pakuot\u0117s plomba buvo pa\u017eeista.<\/p>\n\n\n\n<p><strong>Gr\u0105\u017einimas<\/strong><\/p>\n\n\n\n<p>Per 14 dien\u0173 nuo pirkimo gavimo turite informuoti \u201eLIUR\u201c apie ketinim\u0105 gr\u0105\u017einti prek\u0119. Pra\u0161ome pasinaudoti m\u016bs\u0173 el. pa\u0161to adresu, nurodykite savo u\u017esakymo numer\u012f.<\/p>\n\n\n\n<p>Liur pateiks jums gr\u0105\u017einimo instrukcijas per 1 darbo dien\u0105. U\u017esakym\u0105 gal\u0117site gr\u0105\u017einti per papildomas 14 dien\u0173. Atkreipkite d\u0117mes\u012f, kad gr\u0105\u017einimo i\u0161laidas ir saug\u0173 preki\u0173 gr\u0105\u017einim\u0105 tur\u0117site u\u017etikrinti patys.<\/p>\n\n\n\n<p>Gr\u0105\u017einama prek\u0117 turi b\u016bti nenaudota, originalioje pakuot\u0117je, su nepa\u017eeista plomba ir kartu su visomis dovanomis ar pavyzd\u017eiais.<\/p>\n\n\n\n<p>Per 14 dien\u0173 gr\u0105\u017einsime vis\u0105 sumok\u0117t\u0105 sum\u0105 (i\u0161skyrus papildomas i\u0161laidas, jei buvo pasirinktas greitasis pristatymo b\u016bdas).<\/p>\n\n\n\n<p><strong>U\u017esakymo at\u0161aukimas<\/strong><\/p>\n\n\n\n<p>Jei norite at\u0161aukti savo u\u017esakym\u0105, pra\u0161ome nedelsiant su mumis susisiekti. Atkreipiame d\u0117mes\u012f, kad negalime garantuoti, jog u\u017esakymas bus at\u0161auktas j\u016bs\u0173 pra\u0161ymu (pvz jei u\u017esakymas jau i\u0161si\u0173stas). Jei u\u017esakymo at\u0161aukti nepavyks, pra\u0161ome per\u017ei\u016br\u0117ti auk\u0161\u010diau pateikt\u0105 informacij\u0105 apie preki\u0173 gr\u0105\u017einim\u0105.<\/p>\n\n\n\n<p><strong>Pinig\u0173 gr\u0105\u017einimas<\/strong><\/p>\n\n\n\n<p>Liur pateikia pinig\u0173 gr\u0105\u017einimo pra\u0161ym\u0105 per 1 darbo dien\u0105 nuo gr\u0105\u017eintos prek\u0117s gavimo. Tuomet pinigai gali b\u016bti gr\u0105\u017einti per 20 minu\u010di\u0173 iki 14 dien\u0173 (priklausomai nuo j\u016bs\u0173 banko paslaug\u0173 teik\u0117jo). Pinigai bus gr\u0105\u017einti tuo pa\u010diu mok\u0117jimo b\u016bdu, kur\u012f klientas naudojo pradinio mok\u0117jimo metu, nebent i\u0161 anksto b\u016bt\u0173 susitarta kitaip.<\/p>\n\n\n\n<p>Jei kvepalai jau panaudoti arba j\u0173 plomba buvo pa\u017eeista, pilnos sumos gr\u0105\u017einimas nebus galimas. Tokiu atveju informuosime apie galim\u0105 suma\u017eint\u0105 gr\u0105\u017einimo sum\u0105 arba suteiksime galimyb\u0119 per 14 dien\u0173 nuo prane\u0161imo gavimo susitarti d\u0117l kvepal\u0173 gr\u0105\u017einimo. Siuntimo i\u0161laidos tokiu atveju neapmokamos.<\/p>\n\n\n\n<p>J\u016bs\u0173 teis\u0117 gr\u0105\u017einti prekes netaikoma u\u017esakymams, kurie yra: personalizuoti, naudoti arba turi pa\u017eeist\u0105 pakuot\u0117s plomb\u0105 (d\u0117l sveikatos ir higienos prie\u017eas\u010di\u0173).<\/p>","protected":false},"excerpt":{"rendered":"<p>Returns and Cancellations Due to the nature of the product returns cannot be accepted unless the order came&hellip;<\/p>","protected":false},"author":1,"featured_media":0,"parent":0,"menu_order":0,"comment_status":"closed","ping_status":"closed","template":"","meta":{"footnotes":""},"class_list":["post-5932","page","type-page","status-publish","hentry"],"_links":{"self":[{"href":"https:\/\/www.liurparfum.com\/lt\/wp-json\/wp\/v2\/pages\/5932","targetHints":{"allow":["GET"]}}],"collection":[{"href":"https:\/\/www.liurparfum.com\/lt\/wp-json\/wp\/v2\/pages"}],"about":[{"href":"https:\/\/www.liurparfum.com\/lt\/wp-json\/wp\/v2\/types\/page"}],"author":[{"embeddable":true,"href":"https:\/\/www.liurparfum.com\/lt\/wp-json\/wp\/v2\/users\/1"}],"replies":[{"embeddable":true,"href":"https:\/\/www.liurparfum.com\/lt\/wp-json\/wp\/v2\/comments?post=5932"}],"version-history":[{"count":2,"href":"https:\/\/www.liurparfum.com\/lt\/wp-json\/wp\/v2\/pages\/5932\/revisions"}],"predecessor-version":[{"id":6496,"href":"https:\/\/www.liurparfum.com\/lt\/wp-json\/wp\/v2\/pages\/5932\/revisions\/6496"}],"wp:attachment":[{"href":"https:\/\/www.liurparfum.com\/lt\/wp-json\/wp\/v2\/media?parent=5932"}],"curies":[{"name":"wp","href":"https:\/\/api.w.org\/{rel}","templated":true}]}}