{"id":5929,"date":"2022-11-06T17:16:08","date_gmt":"2022-11-06T17:16:08","guid":{"rendered":"https:\/\/www.liurparfum.com\/?page_id=5929"},"modified":"2025-12-04T13:34:55","modified_gmt":"2025-12-04T13:34:55","slug":"delivery","status":"publish","type":"page","link":"https:\/\/www.liurparfum.com\/lt\/delivery\/","title":{"rendered":"Pristatymas"},"content":{"rendered":"<p><\/p>\n\n\n\n<p>Visi LIUR u\u017esakymai i\u0161siun\u010diami i\u0161 m\u016bs\u0173 studijos Alytuje, Lietuvoje.<\/p>\n\n\n\n<p>\u0160iuo metu pristatome EU bei EEA \u0161alims.<\/p>\n\n\n\n<p>Pristatymus vykdome bendradarbiaudami su \u201eOmniva\u201c, \u201eDPD\u201c ir \u201eLP Express\u201c.<\/p>\n\n\n\n<p><strong>Pristatymo laikas<\/strong><\/p>\n\n\n\n<p>J\u016bs\u0173 u\u017esakymas bus <strong>paruo\u0161tas per 1 - 3 darbo dienas <\/strong>, jei nenurodyta kitaip<strong>.<\/strong><\/p>\n\n\n\n<p>\u017demiau pateikti vidutiniai pristatymo terminai. Atkreipkite d\u0117mes\u012f, kad tai yra tik apytiksliai terminai, tod\u0117l rekomenduojame numatyti \u0161iek tiek papildomo laiko galimiems pa\u0161to v\u0117lavimams.<\/p>\n\n\n\n<p><strong>Pristatymo terminai:<\/strong><\/p>\n\n\n\n<figure class=\"wp-block-table\"><table><tbody><tr><td><strong>\u0160alis:<\/strong><\/td><td><strong>Vidutinis pristatymo laikas<\/strong><\/td><td><strong>U\u017esakymai iki 50 EUR<\/strong><\/td><td><strong>U\u017esakymai vir\u0161 50 EUR<\/strong><\/td><\/tr><tr><td>Lietuva<\/td><td>1 - 2 darbo dienos po i\u0161siuntimo<\/td><td>2.99 EUR<\/td><td>NEMOKAMAI<\/td><\/tr><tr><td>Austrija<\/td><td>5 - 7 darbo dienos po i\u0161siuntimo<\/td><td>4.99 EUR<\/td><td>NEMOKAMAI<\/td><\/tr><tr><td>Belgija<\/td><td>3 - 5 darbo dienos po i\u0161siuntimo<\/td><td>4.99 EUR<\/td><td>NEMOKAMAI<\/td><\/tr><tr><td>Bulgarija<\/td><td>5 - 7 darbo dienos po i\u0161siuntimo<\/td><td>4.99 EUR<\/td><td>NEMOKAMAI<\/td><\/tr><tr><td>Kroatija<\/td><td>5 - 7 darbo dienos po i\u0161siuntimo<\/td><td>4.99 EUR<\/td><td>NEMOKAMAI<\/td><\/tr><tr><td>Kipras<\/td><td>5 - 7 darbo dienos po i\u0161siuntimo<\/td><td>4.99 EUR<\/td><td>NEMOKAMAI<\/td><\/tr><tr><td>\u010cekija<\/td><td>5 - 7 darbo dienos po i\u0161siuntimo<\/td><td>4.99 EUR<\/td><td>NEMOKAMAI<\/td><\/tr><tr><td>Danija<\/td><td>5 - 7 darbo dienos po i\u0161siuntimo<\/td><td>4.99 EUR<\/td><td>NEMOKAMAI<\/td><\/tr><tr><td>Estija<\/td><td>3 - 5 darbo dienos po i\u0161siuntimo<\/td><td>4.99 EUR<\/td><td>NEMOKAMAI<\/td><\/tr><tr><td>Suomija<\/td><td>5 - 7 darbo dienos po i\u0161siuntimo<\/td><td>4.99 EUR<\/td><td>NEMOKAMAI<\/td><\/tr><tr><td>Pranc\u016bzija<\/td><td>5 - 7 darbo dienos po i\u0161siuntimo<\/td><td>4.99 EUR<\/td><td>NEMOKAMAI<\/td><\/tr><tr><td>Vokietija<\/td><td>3 - 5 darbo dienos po i\u0161siuntimo<\/td><td>4.99 EUR<\/td><td>NEMOKAMAI<\/td><\/tr><tr><td>Graikija<\/td><td>5 - 7 darbo dienos po i\u0161siuntimo<\/td><td>4.99 EUR<\/td><td>NEMOKAMAI<\/td><\/tr><tr><td>Vengrija<\/td><td>5 - 7 darbo dienos po i\u0161siuntimo<\/td><td>4.99 EUR<\/td><td>NEMOKAMAI<\/td><\/tr><tr><td>Airija<\/td><td>5 - 7 darbo dienos po i\u0161siuntimo<\/td><td>4.99 EUR<\/td><td>NEMOKAMAI<\/td><\/tr><tr><td>Italija<\/td><td>5 - 7 darbo dienos po i\u0161siuntimo<\/td><td>4.99 EUR<\/td><td>NEMOKAMAI<\/td><\/tr><tr><td>Latvija<\/td><td>3 - 5 darbo dienos po i\u0161siuntimo<\/td><td>4.99 EUR<\/td><td>NEMOKAMAI<\/td><\/tr><tr><td>Liuksemburgas<\/td><td>5 - 7 darbo dienos po i\u0161siuntimo<\/td><td>4.99 EUR<\/td><td>NEMOKAMAI<\/td><\/tr><tr><td>Malta<\/td><td>5 - 7 darbo dienos po i\u0161siuntimo<\/td><td>4.99 EUR<\/td><td>NEMOKAMAI<\/td><\/tr><tr><td>Nyderlandai<\/td><td>5 - 7 darbo dienos po i\u0161siuntimo<\/td><td>4.99 EUR<\/td><td>NEMOKAMAI<\/td><\/tr><tr><td>Lenkija<\/td><td>1 - 3 darbo dienos po i\u0161siuntimo<\/td><td>4.99 EUR<\/td><td>NEMOKAMAI<\/td><\/tr><tr><td>Portugalija<\/td><td>5 - 7 darbo dienos po i\u0161siuntimo<\/td><td>4.99 EUR<\/td><td>NEMOKAMAI<\/td><\/tr><tr><td>Rumunija<\/td><td>5 - 7 darbo dienos po i\u0161siuntimo<\/td><td>4.99 EUR<\/td><td>NEMOKAMAI<\/td><\/tr><tr><td>Slovakija<\/td><td>5 - 7 darbo dienos po i\u0161siuntimo<\/td><td>4.99 EUR<\/td><td>NEMOKAMAI<\/td><\/tr><tr><td>Slov\u0117nija<\/td><td>5 - 7 darbo dienos po i\u0161siuntimo<\/td><td>4.99 EUR<\/td><td>NEMOKAMAI<\/td><\/tr><tr><td>Ispanija&nbsp;<\/td><td>5 - 7 darbo dienos po i\u0161siuntimo<\/td><td>4.99 EUR<\/td><td>NEMOKAMAI<\/td><\/tr><tr><td>\u0160vedija<\/td><td>5 - 7 darbo dienos po i\u0161siuntimo<\/td><td>4.99 EUR<\/td><td>NEMOKAMAI<\/td><\/tr><tr><td>JAV<\/td><td>\u0160iuo metu nepristatome <\/td><td>9.99 EUR<\/td><td>NEMOKAMAI<\/td><\/tr><\/tbody><\/table><\/figure>\n\n\n\n<p id=\"delivert\">U\u017esakymus siun\u010diame tik kliento nurodytu adresu. Jei po pirkimo norite pakeisti adres\u0105, pra\u0161ome nedelsiant su mumis susisiekti. Jei pateik\u0117te neteising\u0105 adres\u0105 ir u\u017esakymas jau buvo i\u0161si\u0173stas, tur\u0117sime laukti, kol prek\u0117s bus gr\u0105\u017eintos, prie\u0161 gr\u0105\u017eindami pinigus ar i\u0161si\u0173sdami u\u017esakym\u0105 dar kart\u0105.\n\nAtkreipkite d\u0117mes\u012f: Liur pasilieka teis\u0119 papra\u0161yti padengti pa\u0161to i\u0161laidas u\u017esakym\u0173 persiuntimo ar at\u0161aukimo atveju, jei klaida \u012fvyko d\u0117l kliento.<\/p>","protected":false},"excerpt":{"rendered":"<p>All LIUR products are dispatched from our very own lab and studio in Alytus, Lithuania. We currently deliver&hellip;<\/p>","protected":false},"author":1,"featured_media":0,"parent":0,"menu_order":0,"comment_status":"closed","ping_status":"closed","template":"","meta":{"footnotes":""},"class_list":["post-5929","page","type-page","status-publish","hentry"],"_links":{"self":[{"href":"https:\/\/www.liurparfum.com\/lt\/wp-json\/wp\/v2\/pages\/5929","targetHints":{"allow":["GET"]}}],"collection":[{"href":"https:\/\/www.liurparfum.com\/lt\/wp-json\/wp\/v2\/pages"}],"about":[{"href":"https:\/\/www.liurparfum.com\/lt\/wp-json\/wp\/v2\/types\/page"}],"author":[{"embeddable":true,"href":"https:\/\/www.liurparfum.com\/lt\/wp-json\/wp\/v2\/users\/1"}],"replies":[{"embeddable":true,"href":"https:\/\/www.liurparfum.com\/lt\/wp-json\/wp\/v2\/comments?post=5929"}],"version-history":[{"count":21,"href":"https:\/\/www.liurparfum.com\/lt\/wp-json\/wp\/v2\/pages\/5929\/revisions"}],"predecessor-version":[{"id":13733,"href":"https:\/\/www.liurparfum.com\/lt\/wp-json\/wp\/v2\/pages\/5929\/revisions\/13733"}],"wp:attachment":[{"href":"https:\/\/www.liurparfum.com\/lt\/wp-json\/wp\/v2\/media?parent=5929"}],"curies":[{"name":"wp","href":"https:\/\/api.w.org\/{rel}","templated":true}]}}