{"id":2175,"date":"2023-04-30T06:58:57","date_gmt":"2023-04-30T06:58:57","guid":{"rendered":"https:\/\/www.liurparfum.com\/?page_id=2175"},"modified":"2023-07-27T07:34:16","modified_gmt":"2023-07-27T07:34:16","slug":"faq-2","status":"publish","type":"page","link":"https:\/\/www.liurparfum.com\/lt\/faq-2\/","title":{"rendered":"D.U.K"},"content":{"rendered":"<div data-elementor-type=\"wp-page\" data-elementor-id=\"2175\" class=\"elementor elementor-2175\" data-elementor-settings=\"{&quot;ha_cmc_init_switcher&quot;:&quot;no&quot;}\">\n\t\t\t\t<div class=\"elementor-element elementor-element-2b3e2e9 e-flex e-con-boxed e-con e-parent\" data-id=\"2b3e2e9\" data-element_type=\"container\" data-e-type=\"container\">\n\t\t\t\t\t<div class=\"e-con-inner\">\n\t\t\t\t<div class=\"elementor-element elementor-element-17e19d2 elementor-widget elementor-widget-ideapark-accordion\" data-id=\"17e19d2\" data-element_type=\"widget\" data-e-type=\"widget\" data-widget_type=\"ideapark-accordion.default\">\n\t\t\t\t<div class=\"elementor-widget-container\">\n\t\t\t\t\t\t\t<div class=\"c-ip-accordion\">\n\t\t\t<div class=\"c-ip-accordion__wrap\">\n\t\t\t\t<div class=\"c-ip-accordion__list\">\n\t\t\t\t\t\t\t\t\t\t<div class=\"c-ip-accordion__item\">\n\t\t\t\t\t\t<a class=\"c-ip-accordion__link js-accordion-title\" href=\"\" onclick=\"return false;\"><div class=\"c-ip-accordion__header\">Kur gaminami LIUR kvepalai?<i class=\"ip-plus_big c-ip-accordion__arrow\"><\/i><\/div><\/a>\t\t\t\t\t\t<div class=\"c-ip-accordion__content entry-content\"><p>Visi m\u016bs\u0173 kvepalai yra kuriami ir gaminami m\u016bs\u0173 studijoje Lietuvoje.\u00a0<\/p><\/div>\t\t\t\t\t<\/div>\n\t\t\t\t\t\t\t\t\t\t<div class=\"c-ip-accordion__item\">\n\t\t\t\t\t\t<a class=\"c-ip-accordion__link js-accordion-title\" href=\"\" onclick=\"return false;\"><div class=\"c-ip-accordion__header\">Kokios j\u016bs\u0173 pristatymo s\u0105lygos?<i class=\"ip-plus_big c-ip-accordion__arrow\"><\/i><\/div><\/a>\t\t\t\t\t\t<div class=\"c-ip-accordion__content entry-content\"><p>Si\u016blome standartin\u012f pristatym\u0105 visoje Europos S\u0105jungoje. Pristatymo laikai gali skirtis priklausomai nuo j\u016bs\u0173 vietos. Si\u016blome NEMOKAM\u0104 pristatym\u0105 u\u017esakymams, vir\u0161ijantiems 50 EUR. Daugiau informacijos rasite m\u016bs\u0173 <a href=\"\/lt\/delivery\/\">Pristatymo S\u0105lyg\u0173 puslapyje.<\/a>.<\/p><\/div>\t\t\t\t\t<\/div>\n\t\t\t\t\t\t\t\t\t\t<div class=\"c-ip-accordion__item\">\n\t\t\t\t\t\t<a class=\"c-ip-accordion__link js-accordion-title\" href=\"\" onclick=\"return false;\"><div class=\"c-ip-accordion__header\">Kaip d\u0117l gr\u0105\u017einim\u0173?<i class=\"ip-plus_big c-ip-accordion__arrow\"><\/i><\/div><\/a>\t\t\t\t\t\t<div class=\"c-ip-accordion__content entry-content\"><p>D\u0117l prek\u0117s pob\u016bd\u017eio, mes negalime priimti gr\u0105\u017einim\u0173, i\u0161skyrus atvejus, kai u\u017esakymas buvo pristatytas sugadintas.\u00a0<\/p><\/div>\t\t\t\t\t<\/div>\n\t\t\t\t\t\t\t\t\t\t<div class=\"c-ip-accordion__item\">\n\t\t\t\t\t\t<a class=\"c-ip-accordion__link js-accordion-title\" href=\"\" onclick=\"return false;\"><div class=\"c-ip-accordion__header\">Kokius apmok\u0117jimo b\u016bdus priimate?<i class=\"ip-plus_big c-ip-accordion__arrow\"><\/i><\/div><\/a>\t\t\t\t\t\t<div class=\"c-ip-accordion__content entry-content\"><p>Priimame visas pagrindines bank\u0173 korteles, GooglePay, Apple Pay, apdorojamas per saug\u0173 mok\u0117jimo paslaug\u0173 tiek\u0117j\u0105 Stripe, taip pat PayPal bei pagrindini\u0173 Lietuvos bank\u0173 apmok\u0117jimus (mok\u0117jimai apdorojami per Citadele bank\u0105).\u00a0<\/p><\/div>\t\t\t\t\t<\/div>\n\t\t\t\t\t\t\t\t\t\t<div class=\"c-ip-accordion__item\">\n\t\t\t\t\t\t<a class=\"c-ip-accordion__link js-accordion-title\" href=\"\" onclick=\"return false;\"><div class=\"c-ip-accordion__header\">Kaip galiu sekti savo u\u017esakym\u0105?<i class=\"ip-plus_big c-ip-accordion__arrow\"><\/i><\/div><\/a>\t\t\t\t\t\t<div class=\"c-ip-accordion__content entry-content\"><p>Kai j\u016bs\u0173 u\u017esakymas bus i\u0161si\u0173stas, gausite patvirtinimo el. lai\u0161k\u0105 su sekimo numeriu. \u0160\u012f numer\u012f gal\u0117site naudoti sekdami savo u\u017esakym\u0105 per ve\u017e\u0117jo internetin\u0119 sekimo paslaug\u0105.\u00a0<\/p><\/div>\t\t\t\t\t<\/div>\n\t\t\t\t\t\t\t\t\t\t<div class=\"c-ip-accordion__item\">\n\t\t\t\t\t\t<a class=\"c-ip-accordion__link js-accordion-title\" href=\"\" onclick=\"return false;\"><div class=\"c-ip-accordion__header\">Kaip at\u0161aukti savo u\u017esakym\u0105?<i class=\"ip-plus_big c-ip-accordion__arrow\"><\/i><\/div><\/a>\t\t\t\t\t\t<div class=\"c-ip-accordion__content entry-content\"><p>Jei j\u016bs\u0173 u\u017esakymas dar nebuvo i\u0161si\u0173stas, galite j\u012f at\u0161aukti susisiek\u0119 su m\u016bs\u0173 klient\u0173 aptarnavimo komanda. Jei u\u017esakymas jau buvo i\u0161si\u0173stas, gali tekti gr\u0105\u017einti prekes pagal m\u016bs\u0173 Gr\u0105\u017einimo politik\u0105.<\/p><\/div>\t\t\t\t\t<\/div>\n\t\t\t\t\t\t\t\t\t\t<div class=\"c-ip-accordion__item\">\n\t\t\t\t\t\t<a class=\"c-ip-accordion__link js-accordion-title\" href=\"\" onclick=\"return false;\"><div class=\"c-ip-accordion__header\">Kaip su jumis susisiekti?<i class=\"ip-plus_big c-ip-accordion__arrow\"><\/i><\/div><\/a>\t\t\t\t\t\t<div class=\"c-ip-accordion__content entry-content\"><p>Susisiekti galite pasinaudodami KONTAKTAI skiltimi <a href=\"\/lt\/contacts\/\">SPAUSTI \u010cIA<\/a> arba per m\u016bs\u0173 soc. medijas.<\/p><\/div>\t\t\t\t\t<\/div>\n\t\t\t\t\t\t\t\t\t<\/div>\n\t\t\t<\/div>\n\t\t<\/div>\n\t\t\t\t\t\t<\/div>\n\t\t\t\t<\/div>\n\t\t\t\t\t<\/div>\n\t\t\t\t<\/div>\n\t\t\t\t<\/div>","protected":false},"excerpt":{"rendered":"<p>Where your perfume is made? All our perfume is made in our very own studio based in Lithuania,&hellip;<\/p>","protected":false},"author":1,"featured_media":0,"parent":0,"menu_order":0,"comment_status":"closed","ping_status":"closed","template":"","meta":{"footnotes":""},"class_list":["post-2175","page","type-page","status-publish","hentry"],"_links":{"self":[{"href":"https:\/\/www.liurparfum.com\/lt\/wp-json\/wp\/v2\/pages\/2175","targetHints":{"allow":["GET"]}}],"collection":[{"href":"https:\/\/www.liurparfum.com\/lt\/wp-json\/wp\/v2\/pages"}],"about":[{"href":"https:\/\/www.liurparfum.com\/lt\/wp-json\/wp\/v2\/types\/page"}],"author":[{"embeddable":true,"href":"https:\/\/www.liurparfum.com\/lt\/wp-json\/wp\/v2\/users\/1"}],"replies":[{"embeddable":true,"href":"https:\/\/www.liurparfum.com\/lt\/wp-json\/wp\/v2\/comments?post=2175"}],"version-history":[{"count":12,"href":"https:\/\/www.liurparfum.com\/lt\/wp-json\/wp\/v2\/pages\/2175\/revisions"}],"predecessor-version":[{"id":6495,"href":"https:\/\/www.liurparfum.com\/lt\/wp-json\/wp\/v2\/pages\/2175\/revisions\/6495"}],"wp:attachment":[{"href":"https:\/\/www.liurparfum.com\/lt\/wp-json\/wp\/v2\/media?parent=2175"}],"curies":[{"name":"wp","href":"https:\/\/api.w.org\/{rel}","templated":true}]}}