{"id":14399,"date":"2026-03-16T09:45:27","date_gmt":"2026-03-16T09:45:27","guid":{"rendered":"https:\/\/www.liurparfum.com\/?page_id=14399"},"modified":"2026-03-16T15:48:17","modified_gmt":"2026-03-16T15:48:17","slug":"behind","status":"publish","type":"page","link":"https:\/\/www.liurparfum.com\/lt\/behind\/","title":{"rendered":"U\u017ekulisiai"},"content":{"rendered":"<div data-elementor-type=\"wp-page\" data-elementor-id=\"14399\" class=\"elementor elementor-14399\" data-elementor-settings=\"{&quot;ha_cmc_init_switcher&quot;:&quot;no&quot;}\">\n\t\t\t\t<div class=\"elementor-element elementor-element-19c49ee4 e-con-full e-flex e-con e-parent\" data-id=\"19c49ee4\" data-element_type=\"container\" data-e-type=\"container\">\n\t\t\t\t<div class=\"elementor-element elementor-element-53b01418 elementor-widget elementor-widget-spacer\" data-id=\"53b01418\" data-element_type=\"widget\" data-e-type=\"widget\" data-widget_type=\"spacer.default\">\n\t\t\t\t<div class=\"elementor-widget-container\">\n\t\t\t\t\t\t\t<div class=\"elementor-spacer\">\n\t\t\t<div class=\"elementor-spacer-inner\"><\/div>\n\t\t<\/div>\n\t\t\t\t\t\t<\/div>\n\t\t\t\t<\/div>\n\t\t\t\t<\/div>\n\t\t<div class=\"elementor-element elementor-element-e7f03d2 e-con-full e-flex e-con e-parent\" data-id=\"e7f03d2\" data-element_type=\"container\" data-e-type=\"container\">\n\t\t\t\t<div class=\"elementor-element elementor-element-31aecd5e elementor-widget elementor-widget-spacer\" data-id=\"31aecd5e\" data-element_type=\"widget\" data-e-type=\"widget\" data-widget_type=\"spacer.default\">\n\t\t\t\t<div class=\"elementor-widget-container\">\n\t\t\t\t\t\t\t<div class=\"elementor-spacer\">\n\t\t\t<div class=\"elementor-spacer-inner\"><\/div>\n\t\t<\/div>\n\t\t\t\t\t\t<\/div>\n\t\t\t\t<\/div>\n\t\t\t\t<div class=\"elementor-element elementor-element-1389bea9 styler-transform transform-type-translate elementor-widget elementor-widget-heading\" data-id=\"1389bea9\" data-element_type=\"widget\" data-e-type=\"widget\" data-widget_type=\"heading.default\">\n\t\t\t\t<div class=\"elementor-widget-container\">\n\t\t\t\t\t<h2 class=\"elementor-heading-title elementor-size-default translation-block\">U\u017e<br>\nu\u017euolaid\u0173<\/h2>\t\t\t\t<\/div>\n\t\t\t\t<\/div>\n\t\t\t\t<\/div>\n\t\t\t\t<section class=\"gap-default elementor-section elementor-top-section elementor-element elementor-element-183a32 elementor-section-content-middle elementor-section-full_width elementor-section-height-default elementor-section-height-default\" data-id=\"183a32\" data-element_type=\"section\" data-e-type=\"section\">\n\t\t\t\t\t\t<div class=\"elementor-container elementor-column-gap-default\">\n\t\t\t\t\t<div class=\"elementor-column elementor-col-33 elementor-top-column elementor-element elementor-element-1bdbe5a2\" data-id=\"1bdbe5a2\" data-element_type=\"column\" data-e-type=\"column\">\n\t\t\t<div class=\"elementor-widget-wrap elementor-element-populated\">\n\t\t\t\t\t\t<div class=\"elementor-element elementor-element-1e6b0a37 styler-transform transform-type-translate elementor-widget elementor-widget-heading\" data-id=\"1e6b0a37\" data-element_type=\"widget\" data-e-type=\"widget\" data-widget_type=\"heading.default\">\n\t\t\t\t<div class=\"elementor-widget-container\">\n\t\t\t\t\t<h2 class=\"elementor-heading-title elementor-size-default\">liur<\/h2>\t\t\t\t<\/div>\n\t\t\t\t<\/div>\n\t\t\t\t<div class=\"elementor-element elementor-element-39e24c4f elementor-widget-divider--view-line elementor-widget elementor-widget-divider\" data-id=\"39e24c4f\" data-element_type=\"widget\" data-e-type=\"widget\" data-widget_type=\"divider.default\">\n\t\t\t\t<div class=\"elementor-widget-container\">\n\t\t\t\t\t\t\t<div class=\"elementor-divider\">\n\t\t\t<span class=\"elementor-divider-separator\">\n\t\t\t\t\t\t<\/span>\n\t\t<\/div>\n\t\t\t\t\t\t<\/div>\n\t\t\t\t<\/div>\n\t\t\t\t<div class=\"elementor-element elementor-element-6cc7a907 styler-transform transform-type-translate elementor-widget elementor-widget-heading\" data-id=\"6cc7a907\" data-element_type=\"widget\" data-e-type=\"widget\" data-widget_type=\"heading.default\">\n\t\t\t\t<div class=\"elementor-widget-container\">\n\t\t\t\t\t<h2 class=\"elementor-heading-title elementor-size-default\">Sud\u0117tingas parfumerijos pasaulis<\/h2>\t\t\t\t<\/div>\n\t\t\t\t<\/div>\n\t\t\t\t\t<\/div>\n\t\t<\/div>\n\t\t\t\t<div class=\"elementor-column elementor-col-33 elementor-top-column elementor-element elementor-element-1ad1955\" data-id=\"1ad1955\" data-element_type=\"column\" data-e-type=\"column\">\n\t\t\t<div class=\"elementor-widget-wrap elementor-element-populated\">\n\t\t\t\t\t\t<div class=\"elementor-element elementor-element-7493f78 styler-transform transform-type-translate elementor-widget elementor-widget-heading\" data-id=\"7493f78\" data-element_type=\"widget\" data-e-type=\"widget\" data-widget_type=\"heading.default\">\n\t\t\t\t<div class=\"elementor-widget-container\">\n\t\t\t\t\t<h2 class=\"elementor-heading-title elementor-size-default\">Mes esame tarp to reto 1%...<\/h2>\t\t\t\t<\/div>\n\t\t\t\t<\/div>\n\t\t\t\t<div class=\"elementor-element elementor-element-7dc1cbc3 elementor-widget-divider--view-line elementor-widget elementor-widget-divider\" data-id=\"7dc1cbc3\" data-element_type=\"widget\" data-e-type=\"widget\" data-widget_type=\"divider.default\">\n\t\t\t\t<div class=\"elementor-widget-container\">\n\t\t\t\t\t\t\t<div class=\"elementor-divider\">\n\t\t\t<span class=\"elementor-divider-separator\">\n\t\t\t\t\t\t<\/span>\n\t\t<\/div>\n\t\t\t\t\t\t<\/div>\n\t\t\t\t<\/div>\n\t\t\t\t<div class=\"elementor-element elementor-element-61193255 elementor-widget elementor-widget-text-editor\" data-id=\"61193255\" data-element_type=\"widget\" data-e-type=\"widget\" data-widget_type=\"text-editor.default\">\n\t\t\t\t<div class=\"elementor-widget-container\">\n\t\t\t\t\t\t\t\t\t<p>\u017dengiame parfumerijos pasaulyje vis dar ne\u012fprastu keliu kai kvepal\u0173 k\u016brybinis procesas atiduomas \u012f parfumer\u0117s rankas.<\/p><p>\u012evairiais skai\u010diavimais tarp 95% - 99% kvepal\u0173 yra i\u0161leid\u017eiama kai \u012ftaka bei sprendimai priklauso: k\u016brybos direktoriui, marketingo \u012fmon\u0117ms\/komandoms, pardavim\u0173 statistikai, skai\u010diuokl\u0117ms ir kam tik nori ta\u010diau ne parfumeriui. Arba dar blogiau kai tas pats kvapas ir ta pati formul\u0117 slepiasi po skirtingais prekiniais \u017eenklais.<\/p><p><strong>Mes esame tarp t\u0173 sunkiai randam\u0173 1 \u2013 5%...<\/strong><\/p><p>Visas procesas: nuo pradin\u0117s id\u0117jos kibirk\u0161ties, \u017ealiav\u0173 atrankos, id\u0117jos reziumavimo ir jos pavertimo brief\u2018u, formuli\u0173 k\u016brimo, j\u0173 bandym\u0173 bei evaluacijos, kvepal\u0173 \u201esul\u010di\u0173\u201c mai\u0161ymo, brandinimo, maceracijos iki filtravimo ir i\u0161pilstymo bei pur\u0161kikli\u0173 presavimo yra grie\u017etai pri\u017ei\u016brimas LIUR parfumer\u0117s. Galutinis sprendimas kada formuluot\u0117s bandym\u0173 u\u017etenka \u2013 \u017einoma priklauso liur parfumerei.<\/p>\t\t\t\t\t\t\t\t<\/div>\n\t\t\t\t<\/div>\n\t\t\t\t\t<\/div>\n\t\t<\/div>\n\t\t\t\t<div class=\"elementor-column elementor-col-33 elementor-top-column elementor-element elementor-element-6392bbb0\" data-id=\"6392bbb0\" data-element_type=\"column\" data-e-type=\"column\">\n\t\t\t<div class=\"elementor-widget-wrap elementor-element-populated\">\n\t\t\t\t\t\t<div class=\"elementor-element elementor-element-5c302900 elementor-widget elementor-widget-image\" data-id=\"5c302900\" data-element_type=\"widget\" data-e-type=\"widget\" data-widget_type=\"image.default\">\n\t\t\t\t<div class=\"elementor-widget-container\">\n\t\t\t\t\t\t\t\t\t\t\t\t\t\t\t<img fetchpriority=\"high\" decoding=\"async\" width=\"800\" height=\"800\" src=\"https:\/\/www.liurparfum.com\/wp-content\/uploads\/2026\/01\/DSC09936.jpg\" class=\"attachment-full size-full wp-image-14026\" alt=\"\" srcset=\"https:\/\/www.liurparfum.com\/wp-content\/uploads\/2026\/01\/DSC09936.jpg 800w, https:\/\/www.liurparfum.com\/wp-content\/uploads\/2026\/01\/DSC09936-300x300.jpg 300w, https:\/\/www.liurparfum.com\/wp-content\/uploads\/2026\/01\/DSC09936-100x100.jpg 100w, https:\/\/www.liurparfum.com\/wp-content\/uploads\/2026\/01\/DSC09936-600x600.jpg 600w, https:\/\/www.liurparfum.com\/wp-content\/uploads\/2026\/01\/DSC09936-12x12.jpg 12w, https:\/\/www.liurparfum.com\/wp-content\/uploads\/2026\/01\/DSC09936-200x200.jpg 200w, https:\/\/www.liurparfum.com\/wp-content\/uploads\/2026\/01\/DSC09936-145x145.jpg 145w, https:\/\/www.liurparfum.com\/wp-content\/uploads\/2026\/01\/DSC09936-50x50.jpg 50w\" sizes=\"(max-width: 800px) 100vw, 800px\" \/>\t\t\t\t\t\t\t\t\t\t\t\t\t\t\t<\/div>\n\t\t\t\t<\/div>\n\t\t\t\t\t<\/div>\n\t\t<\/div>\n\t\t\t\t\t<\/div>\n\t\t<\/section>\n\t\t\t\t<section class=\"gap-default elementor-section elementor-top-section elementor-element elementor-element-b7555ec elementor-section-content-middle elementor-section-full_width elementor-section-height-default elementor-section-height-default\" data-id=\"b7555ec\" data-element_type=\"section\" data-e-type=\"section\">\n\t\t\t\t\t\t<div class=\"elementor-container elementor-column-gap-default\">\n\t\t\t\t\t<div class=\"elementor-column elementor-col-33 elementor-top-column elementor-element elementor-element-da18a6e\" data-id=\"da18a6e\" data-element_type=\"column\" data-e-type=\"column\">\n\t\t\t<div class=\"elementor-widget-wrap elementor-element-populated\">\n\t\t\t\t\t\t<div class=\"elementor-element elementor-element-26cb229 styler-transform transform-type-translate elementor-widget elementor-widget-heading\" data-id=\"26cb229\" data-element_type=\"widget\" data-e-type=\"widget\" data-widget_type=\"heading.default\">\n\t\t\t\t<div class=\"elementor-widget-container\">\n\t\t\t\t\t<h2 class=\"elementor-heading-title elementor-size-default\">Taigi...<\/h2>\t\t\t\t<\/div>\n\t\t\t\t<\/div>\n\t\t\t\t<div class=\"elementor-element elementor-element-a6c8a0b elementor-widget-divider--view-line elementor-widget elementor-widget-divider\" data-id=\"a6c8a0b\" data-element_type=\"widget\" data-e-type=\"widget\" data-widget_type=\"divider.default\">\n\t\t\t\t<div class=\"elementor-widget-container\">\n\t\t\t\t\t\t\t<div class=\"elementor-divider\">\n\t\t\t<span class=\"elementor-divider-separator\">\n\t\t\t\t\t\t<\/span>\n\t\t<\/div>\n\t\t\t\t\t\t<\/div>\n\t\t\t\t<\/div>\n\t\t\t\t<div class=\"elementor-element elementor-element-a731624 styler-transform transform-type-translate elementor-widget elementor-widget-heading\" data-id=\"a731624\" data-element_type=\"widget\" data-e-type=\"widget\" data-widget_type=\"heading.default\">\n\t\t\t\t<div class=\"elementor-widget-container\">\n\t\t\t\t\t<h2 class=\"elementor-heading-title elementor-size-default\">Ni\u0161a ar artisan<\/h2>\t\t\t\t<\/div>\n\t\t\t\t<\/div>\n\t\t\t\t\t<\/div>\n\t\t<\/div>\n\t\t\t\t<div class=\"elementor-column elementor-col-33 elementor-top-column elementor-element elementor-element-c123760\" data-id=\"c123760\" data-element_type=\"column\" data-e-type=\"column\">\n\t\t\t<div class=\"elementor-widget-wrap elementor-element-populated\">\n\t\t\t\t\t\t<div class=\"elementor-element elementor-element-86345b4 elementor-widget elementor-widget-image\" data-id=\"86345b4\" data-element_type=\"widget\" data-e-type=\"widget\" data-widget_type=\"image.default\">\n\t\t\t\t<div class=\"elementor-widget-container\">\n\t\t\t\t\t\t\t\t\t\t\t\t\t\t\t<img decoding=\"async\" width=\"800\" height=\"800\" src=\"https:\/\/www.liurparfum.com\/wp-content\/uploads\/2026\/03\/DSC09943.jpg\" class=\"attachment-full size-full wp-image-14340\" alt=\"\" srcset=\"https:\/\/www.liurparfum.com\/wp-content\/uploads\/2026\/03\/DSC09943.jpg 800w, https:\/\/www.liurparfum.com\/wp-content\/uploads\/2026\/03\/DSC09943-300x300.jpg 300w, https:\/\/www.liurparfum.com\/wp-content\/uploads\/2026\/03\/DSC09943-100x100.jpg 100w, https:\/\/www.liurparfum.com\/wp-content\/uploads\/2026\/03\/DSC09943-600x600.jpg 600w, https:\/\/www.liurparfum.com\/wp-content\/uploads\/2026\/03\/DSC09943-12x12.jpg 12w, https:\/\/www.liurparfum.com\/wp-content\/uploads\/2026\/03\/DSC09943-200x200.jpg 200w, https:\/\/www.liurparfum.com\/wp-content\/uploads\/2026\/03\/DSC09943-145x145.jpg 145w, https:\/\/www.liurparfum.com\/wp-content\/uploads\/2026\/03\/DSC09943-50x50.jpg 50w\" sizes=\"(max-width: 800px) 100vw, 800px\" \/>\t\t\t\t\t\t\t\t\t\t\t\t\t\t\t<\/div>\n\t\t\t\t<\/div>\n\t\t\t\t\t<\/div>\n\t\t<\/div>\n\t\t\t\t<div class=\"elementor-column elementor-col-33 elementor-top-column elementor-element elementor-element-afdb9f5\" data-id=\"afdb9f5\" data-element_type=\"column\" data-e-type=\"column\">\n\t\t\t<div class=\"elementor-widget-wrap elementor-element-populated\">\n\t\t\t\t\t\t<div class=\"elementor-element elementor-element-5517a4b styler-transform transform-type-translate elementor-widget elementor-widget-heading\" data-id=\"5517a4b\" data-element_type=\"widget\" data-e-type=\"widget\" data-widget_type=\"heading.default\">\n\t\t\t\t<div class=\"elementor-widget-container\">\n\t\t\t\t\t<h2 class=\"elementor-heading-title elementor-size-default\">Artisan ir nepriklausomi\n<\/h2>\t\t\t\t<\/div>\n\t\t\t\t<\/div>\n\t\t\t\t<div class=\"elementor-element elementor-element-223e57b elementor-widget-divider--view-line elementor-widget elementor-widget-divider\" data-id=\"223e57b\" data-element_type=\"widget\" data-e-type=\"widget\" data-widget_type=\"divider.default\">\n\t\t\t\t<div class=\"elementor-widget-container\">\n\t\t\t\t\t\t\t<div class=\"elementor-divider\">\n\t\t\t<span class=\"elementor-divider-separator\">\n\t\t\t\t\t\t<\/span>\n\t\t<\/div>\n\t\t\t\t\t\t<\/div>\n\t\t\t\t<\/div>\n\t\t\t\t<div class=\"elementor-element elementor-element-e0932b2 elementor-widget elementor-widget-text-editor\" data-id=\"e0932b2\" data-element_type=\"widget\" data-e-type=\"widget\" data-widget_type=\"text-editor.default\">\n\t\t\t\t<div class=\"elementor-widget-container\">\n\t\t\t\t\t\t\t\t\t<p data-start=\"0\" data-end=\"303\">Esame tikri \u201eartisan\u201c, nepriklausomos kategorijos atstovai. Ne tik, kad galime did\u017eiuotis tur\u0117dami \u201ein house\u201c parfumer\u0119, bet ir atsisakome industrini\u0173 proces\u0173 ir prie kiekvieno la\u0161o bei kvepal\u0173 flakono prisilie\u010diame savo rankomis. Tikime, jog meistri\u0161kas rank\u0173 prisilietimas parfumerijoje prideda papildomos magijos.<\/p><p data-start=\"305\" data-end=\"739\">Tai l\u0117tesnis darbas, kiekiai gerokai ma\u017eesni ir kartais tenka b\u016bti out of stock ar net nutraukti aromato gamyb\u0105 (taip nutiko su New Me). Ta\u010diau tai suteikia tai, kas parfumerijoje svarbiausia: originalias kompozicijas ir formules, tikr\u0105 autenti\u0161kum\u0105, unikal\u0173 k\u016brybos brai\u017e\u0105, ma\u017eus leidimus, ir svarbiausia \u2013 k\u016brybin\u0119 laisv\u0119. Tarpk kitko, kokyb\u0117s kontrol\u0117 daug lengvesn\u0117.<\/p><p data-start=\"741\" data-end=\"831\" data-is-last-node=\"\" data-is-only-node=\"\">Seniau tai buvo vadinama ni\u0161ine parfumerija iki kol \u0161is apibr\u0117\u017eimas netapo nuvalkiotas.<\/p>\t\t\t\t\t\t\t\t<\/div>\n\t\t\t\t<\/div>\n\t\t\t\t\t<\/div>\n\t\t<\/div>\n\t\t\t\t\t<\/div>\n\t\t<\/section>\n\t\t\t\t<section class=\"gap-default elementor-section elementor-top-section elementor-element elementor-element-6e10b77 elementor-section-content-middle elementor-section-full_width elementor-section-height-default elementor-section-height-default\" data-id=\"6e10b77\" data-element_type=\"section\" data-e-type=\"section\">\n\t\t\t\t\t\t<div class=\"elementor-container elementor-column-gap-default\">\n\t\t\t\t\t<div class=\"elementor-column elementor-col-33 elementor-top-column elementor-element elementor-element-56b5da5\" data-id=\"56b5da5\" data-element_type=\"column\" data-e-type=\"column\">\n\t\t\t<div class=\"elementor-widget-wrap elementor-element-populated\">\n\t\t\t\t\t\t<div class=\"elementor-element elementor-element-55e6ccd styler-transform transform-type-translate elementor-widget elementor-widget-heading\" data-id=\"55e6ccd\" data-element_type=\"widget\" data-e-type=\"widget\" data-widget_type=\"heading.default\">\n\t\t\t\t<div class=\"elementor-widget-container\">\n\t\t\t\t\t<h2 class=\"elementor-heading-title elementor-size-default\">Palet\u0117<\/h2>\t\t\t\t<\/div>\n\t\t\t\t<\/div>\n\t\t\t\t<div class=\"elementor-element elementor-element-940d412 elementor-widget-divider--view-line elementor-widget elementor-widget-divider\" data-id=\"940d412\" data-element_type=\"widget\" data-e-type=\"widget\" data-widget_type=\"divider.default\">\n\t\t\t\t<div class=\"elementor-widget-container\">\n\t\t\t\t\t\t\t<div class=\"elementor-divider\">\n\t\t\t<span class=\"elementor-divider-separator\">\n\t\t\t\t\t\t<\/span>\n\t\t<\/div>\n\t\t\t\t\t\t<\/div>\n\t\t\t\t<\/div>\n\t\t\t\t<div class=\"elementor-element elementor-element-0bfde79 styler-transform transform-type-translate elementor-widget elementor-widget-heading\" data-id=\"0bfde79\" data-element_type=\"widget\" data-e-type=\"widget\" data-widget_type=\"heading.default\">\n\t\t\t\t<div class=\"elementor-widget-container\">\n\t\t\t\t\t<h2 class=\"elementor-heading-title elementor-size-default\">Plati ir kompleksin\u0117<\/h2>\t\t\t\t<\/div>\n\t\t\t\t<\/div>\n\t\t\t\t\t<\/div>\n\t\t<\/div>\n\t\t\t\t<div class=\"elementor-column elementor-col-33 elementor-top-column elementor-element elementor-element-ebe8fbb\" data-id=\"ebe8fbb\" data-element_type=\"column\" data-e-type=\"column\">\n\t\t\t<div class=\"elementor-widget-wrap elementor-element-populated\">\n\t\t\t\t\t\t<div class=\"elementor-element elementor-element-a031a4d styler-transform transform-type-translate elementor-widget elementor-widget-heading\" data-id=\"a031a4d\" data-element_type=\"widget\" data-e-type=\"widget\" data-widget_type=\"heading.default\">\n\t\t\t\t<div class=\"elementor-widget-container\">\n\t\t\t\t\t<h2 class=\"elementor-heading-title elementor-size-default\">Pavien\u0117s ir kompleksin\u0117s molekul\u0117s\n<\/h2>\t\t\t\t<\/div>\n\t\t\t\t<\/div>\n\t\t\t\t<div class=\"elementor-element elementor-element-cca1670 elementor-widget-divider--view-line elementor-widget elementor-widget-divider\" data-id=\"cca1670\" data-element_type=\"widget\" data-e-type=\"widget\" data-widget_type=\"divider.default\">\n\t\t\t\t<div class=\"elementor-widget-container\">\n\t\t\t\t\t\t\t<div class=\"elementor-divider\">\n\t\t\t<span class=\"elementor-divider-separator\">\n\t\t\t\t\t\t<\/span>\n\t\t<\/div>\n\t\t\t\t\t\t<\/div>\n\t\t\t\t<\/div>\n\t\t\t\t<div class=\"elementor-element elementor-element-322e50b elementor-widget elementor-widget-text-editor\" data-id=\"322e50b\" data-element_type=\"widget\" data-e-type=\"widget\" data-widget_type=\"text-editor.default\">\n\t\t\t\t<div class=\"elementor-widget-container\">\n\t\t\t\t\t\t\t\t\t<p>Liur parfumerin\u0117 palet\u0117 s\u0105moningai plati. Naudojame parfumerinius eterinius aliejus, absoliutus, izoliuotas molekules, sintezuotas molekules, CO2 aliejus, dervas ir t.t. Ir \u017einoma: nenaudojame greenwashing\u2019o. S\u0105moningai atsisakome tam tikr\u0173 kontraversi\u0161k\u0173 \u017ealiav\u0173 (d\u0117l etikos, nykstan\u010di\u0173 augal\u0173, modernios vergov\u0117s jas i\u0161gaunant ir pan.) ir nevadiname chemijos skandalu, o gamtos moraliniu prana\u0161umu. Dirbant profesionaliai \u2013 supranti, jog tai \u017eengia koja kojon.<\/p>\t\t\t\t\t\t\t\t<\/div>\n\t\t\t\t<\/div>\n\t\t\t\t\t<\/div>\n\t\t<\/div>\n\t\t\t\t<div class=\"elementor-column elementor-col-33 elementor-top-column elementor-element elementor-element-14c6591\" data-id=\"14c6591\" data-element_type=\"column\" data-e-type=\"column\">\n\t\t\t<div class=\"elementor-widget-wrap elementor-element-populated\">\n\t\t\t\t\t\t<div class=\"elementor-element elementor-element-254e867 elementor-widget elementor-widget-image\" data-id=\"254e867\" data-element_type=\"widget\" data-e-type=\"widget\" data-widget_type=\"image.default\">\n\t\t\t\t<div class=\"elementor-widget-container\">\n\t\t\t\t\t\t\t\t\t\t\t\t\t\t\t<img decoding=\"async\" width=\"800\" height=\"800\" src=\"https:\/\/www.liurparfum.com\/wp-content\/uploads\/2026\/03\/DSC09941.jpg\" class=\"attachment-full size-full wp-image-14339\" alt=\"\" srcset=\"https:\/\/www.liurparfum.com\/wp-content\/uploads\/2026\/03\/DSC09941.jpg 800w, https:\/\/www.liurparfum.com\/wp-content\/uploads\/2026\/03\/DSC09941-300x300.jpg 300w, https:\/\/www.liurparfum.com\/wp-content\/uploads\/2026\/03\/DSC09941-100x100.jpg 100w, https:\/\/www.liurparfum.com\/wp-content\/uploads\/2026\/03\/DSC09941-600x600.jpg 600w, https:\/\/www.liurparfum.com\/wp-content\/uploads\/2026\/03\/DSC09941-12x12.jpg 12w, https:\/\/www.liurparfum.com\/wp-content\/uploads\/2026\/03\/DSC09941-200x200.jpg 200w, https:\/\/www.liurparfum.com\/wp-content\/uploads\/2026\/03\/DSC09941-145x145.jpg 145w, https:\/\/www.liurparfum.com\/wp-content\/uploads\/2026\/03\/DSC09941-50x50.jpg 50w\" sizes=\"(max-width: 800px) 100vw, 800px\" \/>\t\t\t\t\t\t\t\t\t\t\t\t\t\t\t<\/div>\n\t\t\t\t<\/div>\n\t\t\t\t\t<\/div>\n\t\t<\/div>\n\t\t\t\t\t<\/div>\n\t\t<\/section>\n\t\t<div class=\"elementor-element elementor-element-05f9a75 e-flex e-con-boxed e-con e-parent\" data-id=\"05f9a75\" data-element_type=\"container\" data-e-type=\"container\" data-settings=\"{&quot;background_background&quot;:&quot;classic&quot;}\">\n\t\t\t\t\t<div class=\"e-con-inner\">\n\t\t\t\t<div class=\"elementor-element elementor-element-f54ed5a styler-transform transform-type-translate elementor-widget elementor-widget-heading\" data-id=\"f54ed5a\" data-element_type=\"widget\" data-e-type=\"widget\" data-widget_type=\"heading.default\">\n\t\t\t\t<div class=\"elementor-widget-container\">\n\t\t\t\t\t<h2 class=\"elementor-heading-title elementor-size-default\">Tobuli kvepalai egzistuoja - tai tie, kurie i\u0161skirtinai rezonuoja su tavo emocijomis \u0161iuo momentu.\n\n<\/h2>\t\t\t\t<\/div>\n\t\t\t\t<\/div>\n\t\t\t\t\t<\/div>\n\t\t\t\t<\/div>\n\t\t\t\t<\/div>","protected":false},"excerpt":{"rendered":"<p>Behind the curtains liur Complicated perfumery world we are in that 1%&#8230; We are taking a path that&hellip;<\/p>","protected":false},"author":1,"featured_media":0,"parent":0,"menu_order":0,"comment_status":"closed","ping_status":"closed","template":"elementor_header_footer","meta":{"footnotes":""},"class_list":["post-14399","page","type-page","status-publish","hentry"],"_links":{"self":[{"href":"https:\/\/www.liurparfum.com\/lt\/wp-json\/wp\/v2\/pages\/14399","targetHints":{"allow":["GET"]}}],"collection":[{"href":"https:\/\/www.liurparfum.com\/lt\/wp-json\/wp\/v2\/pages"}],"about":[{"href":"https:\/\/www.liurparfum.com\/lt\/wp-json\/wp\/v2\/types\/page"}],"author":[{"embeddable":true,"href":"https:\/\/www.liurparfum.com\/lt\/wp-json\/wp\/v2\/users\/1"}],"replies":[{"embeddable":true,"href":"https:\/\/www.liurparfum.com\/lt\/wp-json\/wp\/v2\/comments?post=14399"}],"version-history":[{"count":43,"href":"https:\/\/www.liurparfum.com\/lt\/wp-json\/wp\/v2\/pages\/14399\/revisions"}],"predecessor-version":[{"id":14470,"href":"https:\/\/www.liurparfum.com\/lt\/wp-json\/wp\/v2\/pages\/14399\/revisions\/14470"}],"wp:attachment":[{"href":"https:\/\/www.liurparfum.com\/lt\/wp-json\/wp\/v2\/media?parent=14399"}],"curies":[{"name":"wp","href":"https:\/\/api.w.org\/{rel}","templated":true}]}}